{"id":7578,"date":"2025-09-15T14:12:28","date_gmt":"2025-09-15T12:12:28","guid":{"rendered":"https:\/\/boreait.com\/de\/?post_type=product&#038;p=7578"},"modified":"2026-01-14T08:34:21","modified_gmt":"2026-01-14T07:34:21","slug":"samsung-4-gb-ddr3l-1600-mhz-laptop-ram-pc3l-12800s-1rx8-speicher-204-pin-sodimm-m471b173db0-yk0","status":"publish","type":"product","link":"https:\/\/boreait.com\/de\/produkt\/samsung-4-gb-ddr3l-1600-mhz-laptop-ram-pc3l-12800s-1rx8-speicher-204-pin-sodimm-m471b173db0-yk0\/","title":{"rendered":"Samsung 4 GB DDR3L 1600 MHz Laptop-RAM PC3L 12800S 1Rx8 Speicher 204-Pin SODIMM m471b173db0-yk0"},"content":{"rendered":"<p>Informationen zum Samsung 4 GB M471B173DB0-YK0: Das RAM-Modul nutzt DDR3L-Technologie (Double Data Rate 3 Low Voltage). Diese Technologie erm\u00f6glicht schnellere Daten\u00fcbertragungsraten und eine verbesserte Gesamtsystemleistung im Vergleich zu \u00e4lteren DDR2-Modulen. Das \u201eL\u201c in DDR3L steht f\u00fcr Niederspannungsbetrieb. Das bedeutet, dass das Modul mit einer niedrigeren Spannung (1,35 V) als Standard-DDR3-Module betrieben wird, was zu geringerem Stromverbrauch und geringerer W\u00e4rmeentwicklung f\u00fchrt.<\/p>\n<p>Der Speicher arbeitet mit einer Taktfrequenz von 1600 MHz (bzw. 1,6 GHz), die die Rate bestimmt, mit der Daten vom Modul gelesen oder darauf geschrieben werden k\u00f6nnen. Eine h\u00f6here Taktfrequenz bedeutet schnellere Daten\u00fcbertragung und eine bessere Systemreaktion.<\/p>\n<p>Die Spezifikation PC3L 12800S zeigt an, dass das RAM-Modul dem PC3L-12800-Standard entspricht, der DDR3-1600 entspricht. Das \u201eS\u201c steht f\u00fcr Small Outline Dual Inline Memory Module (SODIMM), den speziell f\u00fcr Laptops und Systeme mit kleinem Formfaktor entwickelten Formfaktor. Das Modul verf\u00fcgt \u00fcber 204 Pins, die Standard-Pin-Anzahl f\u00fcr SODIMMs.<\/p>\n<p>Die Bezeichnung 1Rx8 weist darauf hin, dass das Modul einen einzigen Rang hat und acht Speicherchips auf einer Modulseite verwendet. Diese Konfiguration erm\u00f6glicht effizienten Datenzugriff und verbesserte Speicherleistung.<\/p>\n<p>Insgesamt ist der 4 GB DDR3L 1600 MHz Laptop-RAM PC3L 12800S 1Rx8 Speicher 204Pin SODIMM ein zuverl\u00e4ssiges und energieeffizientes Speichermodul, das die Leistung und Reaktionsf\u00e4higkeit Ihres Laptops verbessert und ihn f\u00fcr allt\u00e4gliche Computeraufgaben, Surfen im Internet und leichtes Multitasking geeignet macht.<\/p>\n","protected":false},"excerpt":{"rendered":"<p>Der 4 GB DDR3L 1600 MHz Laptop-RAM PC3L 12800S 1Rx8 Speicher 204Pin SODIMM ist ein Hochleistungsspeichermodul, das speziell f\u00fcr Laptops entwickelt wurde. Es bietet eine Kapazit\u00e4t von 4 GB, die f\u00fcr die meisten allt\u00e4glichen Computeraufgaben und leichtes Multitasking ausreicht.<\/p>\n","protected":false},"featured_media":7629,"template":"","meta":[],"product_brand":[],"product_cat":[73,72],"product_tag":[],"class_list":{"0":"post-7578","1":"product","2":"type-product","3":"status-publish","4":"has-post-thumbnail","6":"product_cat-ddr3-ddr3l","7":"product_cat-ram-memory","9":"first","10":"instock","11":"taxable","12":"shipping-taxable","13":"purchasable","14":"product-type-simple"},"_links":{"self":[{"href":"https:\/\/boreait.com\/de\/wp-json\/wp\/v2\/product\/7578","targetHints":{"allow":["GET"]}}],"collection":[{"href":"https:\/\/boreait.com\/de\/wp-json\/wp\/v2\/product"}],"about":[{"href":"https:\/\/boreait.com\/de\/wp-json\/wp\/v2\/types\/product"}],"wp:featuredmedia":[{"embeddable":true,"href":"https:\/\/boreait.com\/de\/wp-json\/wp\/v2\/media\/7629"}],"wp:attachment":[{"href":"https:\/\/boreait.com\/de\/wp-json\/wp\/v2\/media?parent=7578"}],"wp:term":[{"taxonomy":"product_brand","embeddable":true,"href":"https:\/\/boreait.com\/de\/wp-json\/wp\/v2\/product_brand?post=7578"},{"taxonomy":"product_cat","embeddable":true,"href":"https:\/\/boreait.com\/de\/wp-json\/wp\/v2\/product_cat?post=7578"},{"taxonomy":"product_tag","embeddable":true,"href":"https:\/\/boreait.com\/de\/wp-json\/wp\/v2\/product_tag?post=7578"}],"curies":[{"name":"wp","href":"https:\/\/api.w.org\/{rel}","templated":true}]}}