{"id":7577,"date":"2025-09-15T14:12:28","date_gmt":"2025-09-15T12:12:28","guid":{"rendered":"https:\/\/boreait.com\/de\/?post_type=product&#038;p=7577"},"modified":"2025-09-16T12:44:00","modified_gmt":"2025-09-16T10:44:00","slug":"intel-core-i5-3470-prozessor-6-mb-cache-bis-zu-360-ghz-sr0t8","status":"publish","type":"product","link":"https:\/\/boreait.com\/de\/produkt\/intel-core-i5-3470-prozessor-6-mb-cache-bis-zu-360-ghz-sr0t8\/","title":{"rendered":"Intel\u00ae Core\u2122 i5-3470 Prozessor, 6 MB Cache, bis zu 3,60 GHz SR0T8"},"content":{"rendered":"<p>Der Intel\u00ae Core\u2122 i5-3470 SR0T8 Prozessor mit 6 MB Cache bietet blitzschnellen Datenzugriff und erm\u00f6glicht Ihnen das Abrufen und Verarbeiten von Informationen mit bemerkenswerter Geschwindigkeit. Egal, ob Sie Multitasking zwischen mehreren Anwendungen betreiben oder ressourcenintensive Programme ausf\u00fchren \u2013 dieser Prozessor sorgt f\u00fcr einen reibungslosen Betrieb ohne Leistungseinbu\u00dfen.<\/p>\n<p>Mit einer Basistaktfrequenz von bis zu 3,20 GHz bietet der Intel\u00ae Core\u2122 i5-3470 Prozessor schnelle und reaktionsschnelle Leistung und bew\u00e4ltigt m\u00fchelos Ihre allt\u00e4glichen Computeraufgaben. Ben\u00f6tigen Sie einen zus\u00e4tzlichen Boost? Dank der Intel\u00ae Turbo-Boost-Technologie kann der Prozessor seine Taktfrequenz dynamisch auf bis zu 3,60 GHz erh\u00f6hen und bietet so au\u00dfergew\u00f6hnliche Leistung, wenn Sie sie am meisten brauchen.<\/p>\n<p>Dieser Prozessor basiert auf der fortschrittlichen Architektur von Intel und bietet eine verbesserte Energieeffizienz, die optimale Leistung bei minimalem Energieverbrauch gew\u00e4hrleistet. So genie\u00dfen Sie die Vorteile von Highspeed-Computing, ohne sich um \u00fcberm\u00e4\u00dfigen Stromverbrauch oder W\u00e4rmeentwicklung sorgen zu m\u00fcssen.<\/p>\n<p>Der Intel\u00ae Core\u2122 i5-3470 Prozessor ist \u00e4u\u00dferst vielseitig und mit einer Vielzahl von Ger\u00e4ten und Systemen kompatibel. Egal, ob Sie einen Desktop-Computer bauen oder Ihr bestehendes System aufr\u00fcsten, dieser Prozessor bietet Ihnen die Flexibilit\u00e4t, die Sie brauchen. Er unterst\u00fctzt verschiedene Sockeltypen und ist sowohl mit Windows- als auch mit macOS-Betriebssystemen kompatibel. So l\u00e4sst er sich nahtlos in Ihre bevorzugte Umgebung integrieren.<\/p>\n<p>Ob Sie als Profi zuverl\u00e4ssige Leistung f\u00fcr anspruchsvolle Aufgaben suchen oder als Gelegenheitsnutzer Ihr Computererlebnis verbessern m\u00f6chten \u2013 der Intel\u00ae Core\u2122 i5-3470 Prozessor ist die perfekte Wahl. Erleben Sie mit diesem bemerkenswerten Prozessor au\u00dfergew\u00f6hnliche Geschwindigkeit, Effizienz und Reaktionsf\u00e4higkeit und heben Sie Ihre Rechenleistung auf das n\u00e4chste Level.<\/p>\n","protected":false},"excerpt":{"rendered":"<p>Wir pr\u00e4sentieren den Intel\u00ae Core\u2122 i5-3470 Prozessor \u2013 eine leistungsstarke Computerl\u00f6sung, die Ihre Leistung und Produktivit\u00e4t auf ein neues Niveau hebt. Mit seinen beeindruckenden Funktionen und modernster Technologie bietet dieser Prozessor ein nahtloses und effizientes Computererlebnis.<\/p>\n","protected":false},"featured_media":7628,"template":"","meta":[],"product_brand":[],"product_cat":[75],"product_tag":[],"class_list":{"0":"post-7577","1":"product","2":"type-product","3":"status-publish","4":"has-post-thumbnail","6":"product_cat-processors-cpu","8":"first","9":"instock","10":"taxable","11":"shipping-taxable","12":"purchasable","13":"product-type-simple"},"_links":{"self":[{"href":"https:\/\/boreait.com\/de\/wp-json\/wp\/v2\/product\/7577","targetHints":{"allow":["GET"]}}],"collection":[{"href":"https:\/\/boreait.com\/de\/wp-json\/wp\/v2\/product"}],"about":[{"href":"https:\/\/boreait.com\/de\/wp-json\/wp\/v2\/types\/product"}],"wp:featuredmedia":[{"embeddable":true,"href":"https:\/\/boreait.com\/de\/wp-json\/wp\/v2\/media\/7628"}],"wp:attachment":[{"href":"https:\/\/boreait.com\/de\/wp-json\/wp\/v2\/media?parent=7577"}],"wp:term":[{"taxonomy":"product_brand","embeddable":true,"href":"https:\/\/boreait.com\/de\/wp-json\/wp\/v2\/product_brand?post=7577"},{"taxonomy":"product_cat","embeddable":true,"href":"https:\/\/boreait.com\/de\/wp-json\/wp\/v2\/product_cat?post=7577"},{"taxonomy":"product_tag","embeddable":true,"href":"https:\/\/boreait.com\/de\/wp-json\/wp\/v2\/product_tag?post=7577"}],"curies":[{"name":"wp","href":"https:\/\/api.w.org\/{rel}","templated":true}]}}