{"id":7576,"date":"2025-09-15T14:12:28","date_gmt":"2025-09-15T12:12:28","guid":{"rendered":"https:\/\/boreait.com\/de\/?post_type=product&#038;p=7576"},"modified":"2026-01-14T08:34:07","modified_gmt":"2026-01-14T07:34:07","slug":"intel-core-i5-4460-sr1qk","status":"publish","type":"product","link":"https:\/\/boreait.com\/de\/produkt\/intel-core-i5-4460-sr1qk\/","title":{"rendered":"Intel\u00ae Core\u2122 i5-4460 SR1QK"},"content":{"rendered":"<p>Ausgestattet mit einem umfangreichen 6-MB-Cache sorgt der Core\u2122 i5-4460 SR1QK Prozessor f\u00fcr blitzschnelle Reaktionszeiten und nahtloses Multitasking. Egal wie anspruchsvoll Ihre Aufgaben sind, dieser Prozessor bew\u00e4ltigt sie m\u00fchelos und liefert reibungslose und effiziente Leistung.<\/p>\n<p>Mit einer Taktfrequenz von bis zu 3,40 GHz bietet der Core\u2122 i5-4460 Prozessor eine unglaubliche Rechenleistung. Ob Sie ressourcenintensive Anwendungen ausf\u00fchren, hochaufl\u00f6sende Multimedia-Inhalte bearbeiten oder die neuesten Spiele spielen \u2013 dieser Prozessor bietet au\u00dfergew\u00f6hnliche Geschwindigkeit und Reaktionsf\u00e4higkeit und sorgt f\u00fcr ein reibungsloses Computererlebnis.<\/p>\n<p>Der Intel\u00ae Core\u2122 i5-4460 Prozessor verf\u00fcgt au\u00dferdem \u00fcber die fortschrittliche Intel\u00ae Turbo Boost-Technologie, die die Taktfrequenz dynamisch an Ihre Arbeitslast anpasst. Das bedeutet, dass der Prozessor bei Bedarf an zus\u00e4tzlicher Leistung seine Frequenz automatisch anpasst und so ohne manuelles Eingreifen eine deutliche Leistungssteigerung bietet.<\/p>\n<p>Dieser Prozessor basiert auf Intels modernster Architektur und bietet einen effizienten Stromverbrauch. So genie\u00dfen Sie leistungsstarkes Computing ohne Abstriche bei der Energieeffizienz. Egal, ob Sie umweltbewusst sind oder einfach nur Ihre Stromrechnung senken m\u00f6chten \u2013 der Core\u2122 i5-4460 Prozessor ist die perfekte Wahl.<\/p>\n<p>Neben seiner au\u00dfergew\u00f6hnlichen Leistung bietet dieser Prozessor auch ein nahtloses und beeindruckendes Grafikerlebnis. Die integrierte Intel\u00ae HD Graphics sorgt f\u00fcr atemberaubende Grafik, lebendige Farben und fl\u00fcssige Grafikwiedergabe \u2013 f\u00fcr Filme, Spiele und Multimedia-Inhalte in atemberaubender Detailtreue.<\/p>\n<p>Optimieren Sie Ihr Computererlebnis mit dem Intel\u00ae Core\u2122 i5-4460 Prozessor. Mit seiner beeindruckenden Leistung, dem effizienten Stromverbrauch und den beeindruckenden Grafikfunktionen ist dieser Prozessor die perfekte Wahl f\u00fcr Anwender, die eine zuverl\u00e4ssige und leistungsstarke L\u00f6sung suchen. Entfalten Sie Ihr wahres Potenzial und meistern Sie jede Aufgabe souver\u00e4n mit diesem hochmodernen Prozessor.<\/p>\n","protected":false},"excerpt":{"rendered":"<p>Wir pr\u00e4sentieren den Intel\u00ae Core\u2122 i5-4460 Prozessor \u2013 eine leistungsstarke Computing-L\u00f6sung, die Ihre Produktivit\u00e4t steigert und Ihr digitales Erlebnis optimiert. Dank modernster Technologie und beeindruckender Leistung eignet sich dieser Prozessor perfekt f\u00fcr Arbeit und Freizeit.<\/p>\n<p>&nbsp;<\/p>\n","protected":false},"featured_media":7627,"template":"","meta":[],"product_brand":[],"product_cat":[75],"product_tag":[],"class_list":{"0":"post-7576","1":"product","2":"type-product","3":"status-publish","4":"has-post-thumbnail","6":"product_cat-processors-cpu","8":"first","9":"instock","10":"taxable","11":"shipping-taxable","12":"purchasable","13":"product-type-simple"},"_links":{"self":[{"href":"https:\/\/boreait.com\/de\/wp-json\/wp\/v2\/product\/7576","targetHints":{"allow":["GET"]}}],"collection":[{"href":"https:\/\/boreait.com\/de\/wp-json\/wp\/v2\/product"}],"about":[{"href":"https:\/\/boreait.com\/de\/wp-json\/wp\/v2\/types\/product"}],"wp:featuredmedia":[{"embeddable":true,"href":"https:\/\/boreait.com\/de\/wp-json\/wp\/v2\/media\/7627"}],"wp:attachment":[{"href":"https:\/\/boreait.com\/de\/wp-json\/wp\/v2\/media?parent=7576"}],"wp:term":[{"taxonomy":"product_brand","embeddable":true,"href":"https:\/\/boreait.com\/de\/wp-json\/wp\/v2\/product_brand?post=7576"},{"taxonomy":"product_cat","embeddable":true,"href":"https:\/\/boreait.com\/de\/wp-json\/wp\/v2\/product_cat?post=7576"},{"taxonomy":"product_tag","embeddable":true,"href":"https:\/\/boreait.com\/de\/wp-json\/wp\/v2\/product_tag?post=7576"}],"curies":[{"name":"wp","href":"https:\/\/api.w.org\/{rel}","templated":true}]}}