{"id":7521,"date":"2025-09-15T14:11:42","date_gmt":"2025-09-15T12:11:42","guid":{"rendered":"https:\/\/boreait.com\/de\/?post_type=product&#038;p=7521"},"modified":"2026-01-14T08:32:55","modified_gmt":"2026-01-14T07:32:55","slug":"intel-ultimate-n-6300-mini-pci-e-wlan-drahtlosnetzwerkkarte-633anhmw","status":"publish","type":"product","link":"https:\/\/boreait.com\/de\/produkt\/intel-ultimate-n-6300-mini-pci-e-wlan-drahtlosnetzwerkkarte-633anhmw\/","title":{"rendered":"Intel Ultimate-n 6300 Mini-PCI-e-WLAN-Drahtlosnetzwerkkarte 633anhmw"},"content":{"rendered":"<div class=\"group w-full text-gray-800 dark:text-gray-100 border-b border-black\/10 dark:border-gray-900\/50 bg-gray-50 dark:bg-[#444654]\">\n<div class=\"flex p-4 gap-4 text-base md:gap-6 md:max-w-2xl lg:max-w-[38rem] xl:max-w-3xl md:py-6 lg:px-0 m-auto\">\n<div class=\"relative flex w-[calc(100%-50px)] flex-col gap-1 md:gap-3 lg:w-[calc(100%-115px)]\">\n<div class=\"flex flex-grow flex-col gap-3\">\n<div class=\"min-h-[20px] flex flex-col items-start gap-4 whitespace-pre-wrap break-words\">\n<div class=\"markdown prose w-full break-words dark:prose-invert light\">\n<p>Die 633ANHMW-Karte nutzt den PCI-Express-Mini-Card-Formfaktor, ein kompaktes Design, das h\u00e4ufig in Laptops f\u00fcr drahtlose Verbindungen verwendet wird. Sie ist kompatibel mit den Standards IEEE 802.11a\/b\/g\/n und bietet zuverl\u00e4ssige drahtlose Konnektivit\u00e4t mit Abw\u00e4rtskompatibilit\u00e4t zu \u00e4lteren WLAN-Standards.<\/p>\n<p>Die Intel Ultimate-N 6300-Karte unterst\u00fctzt drei Spatial Streams und arbeitet sowohl im 2,4-GHz- als auch im 5-GHz-Frequenzband. Dies sorgt f\u00fcr h\u00f6here Daten\u00fcbertragungsgeschwindigkeiten und eine verbesserte Signalqualit\u00e4t. Dank der MIMO-Technologie (Multiple Input Multiple Output) bietet sie schnellere und zuverl\u00e4ssigere drahtlose Verbindungen und reduziert das Risiko von Signalst\u00f6rungen und Paketverlusten.<\/p>\n<p>Die Ultimate-N 6300-Karte nutzt Intels fortschrittliche WLAN-Technologie und unterst\u00fctzt WLAN-Geschwindigkeiten von bis zu 450 Mbit\/s f\u00fcr nahtloses Streaming, Online-Gaming und datenintensive Aufgaben. Sie unterst\u00fctzt au\u00dferdem zahlreiche Sicherheitsfunktionen, darunter WPA- und WPA2-Verschl\u00fcsselung, und gew\u00e4hrleistet so eine sichere WLAN-Kommunikation.<\/p>\n<p>Die 633ANHMW-Karte ist bekannt f\u00fcr ihre robuste Leistung und Stabilit\u00e4t und eignet sich daher f\u00fcr anspruchsvolle Anwendungen und Szenarien, in denen eine zuverl\u00e4ssige WLAN-Verbindung entscheidend ist. Sie ist eine beliebte Wahl f\u00fcr Nutzer, die schnelle und zuverl\u00e4ssige WLAN-Konnektivit\u00e4t f\u00fcr ihre Laptops oder kleinen Ger\u00e4te ben\u00f6tigen.<\/p>\n<p>Die Intel Ultimate-N 6300 Mini-PCI-E-WLAN-Netzwerkkarte (633ANHMW) bietet hervorragende WLAN-Leistung, erweiterte Funktionen und zuverl\u00e4ssige Konnektivit\u00e4t und ist damit die ideale Wahl f\u00fcr alle, die ihre vorhandene WLAN-Netzwerkkarte aufr\u00fcsten oder ersetzen m\u00f6chten.<br \/>\nN<\/p>\n<\/div>\n<\/div>\n<\/div>\n<\/div>\n<\/div>\n<\/div>\n","protected":false},"excerpt":{"rendered":"<p>Die Intel Ultimate-N 6300 Mini PCI-E WiFi Wireless-Netzwerkkarte (633ANHMW) ist eine leistungsstarke WLAN-Netzwerkkarte f\u00fcr den Einsatz in Laptops und kleinen Ger\u00e4ten. Sie wird von Intel hergestellt, einem renommierten Technologieunternehmen, das f\u00fcr seine hochwertigen Computerkomponenten bekannt ist.<\/p>\n","protected":false},"featured_media":7591,"template":"","meta":[],"product_brand":[],"product_cat":[63],"product_tag":[],"class_list":{"0":"post-7521","1":"product","2":"type-product","3":"status-publish","4":"has-post-thumbnail","6":"product_cat-motherboards-board-parts","8":"first","9":"instock","10":"taxable","11":"shipping-taxable","12":"purchasable","13":"product-type-simple"},"_links":{"self":[{"href":"https:\/\/boreait.com\/de\/wp-json\/wp\/v2\/product\/7521","targetHints":{"allow":["GET"]}}],"collection":[{"href":"https:\/\/boreait.com\/de\/wp-json\/wp\/v2\/product"}],"about":[{"href":"https:\/\/boreait.com\/de\/wp-json\/wp\/v2\/types\/product"}],"wp:featuredmedia":[{"embeddable":true,"href":"https:\/\/boreait.com\/de\/wp-json\/wp\/v2\/media\/7591"}],"wp:attachment":[{"href":"https:\/\/boreait.com\/de\/wp-json\/wp\/v2\/media?parent=7521"}],"wp:term":[{"taxonomy":"product_brand","embeddable":true,"href":"https:\/\/boreait.com\/de\/wp-json\/wp\/v2\/product_brand?post=7521"},{"taxonomy":"product_cat","embeddable":true,"href":"https:\/\/boreait.com\/de\/wp-json\/wp\/v2\/product_cat?post=7521"},{"taxonomy":"product_tag","embeddable":true,"href":"https:\/\/boreait.com\/de\/wp-json\/wp\/v2\/product_tag?post=7521"}],"curies":[{"name":"wp","href":"https:\/\/api.w.org\/{rel}","templated":true}]}}