{"id":7495,"date":"2025-09-15T14:11:19","date_gmt":"2025-09-15T12:11:19","guid":{"rendered":"https:\/\/boreait.com\/de\/?post_type=product&#038;p=7495"},"modified":"2026-01-14T08:31:36","modified_gmt":"2026-01-14T07:31:36","slug":"hp-huawei-mu736-748599-001-drahtloses-3g-netzwerkmodul","status":"publish","type":"product","link":"https:\/\/boreait.com\/de\/produkt\/hp-huawei-mu736-748599-001-drahtloses-3g-netzwerkmodul\/","title":{"rendered":"HP Huawei MU736 748599-001 Drahtloses 3G-Netzwerkmodul"},"content":{"rendered":"<p>Dieses Netzwerkmodul unterst\u00fctzt 3G-Konnektivit\u00e4t und erm\u00f6glicht so eine zuverl\u00e4ssige und relativ schnelle drahtlose Daten\u00fcbertragung. Es erm\u00f6glicht die Herstellung von Verbindungen zu Mobilfunknetzen, sodass Ger\u00e4te auf das Internet zugreifen oder per Fernzugriff mit anderen Ger\u00e4ten kommunizieren k\u00f6nnen.<\/p>\n<p>Das Modul ist f\u00fcr die Integration in kompatible HP-Ger\u00e4te wie Laptops oder Tablets konzipiert und bietet diesen integrierte drahtlose Konnektivit\u00e4tsfunktionen. Es bietet eine praktische L\u00f6sung f\u00fcr Nutzer, die mobilen Datenzugriff auf ihren HP-Ger\u00e4ten ben\u00f6tigen, ohne externe Modems oder Dongles zu ben\u00f6tigen.<\/p>\n<p>Das HP Huawei MU736 748599-001 Wireless 3G-Netzwerkmodul ist eine \u00e4u\u00dferst zuverl\u00e4ssige und effiziente L\u00f6sung f\u00fcr Nutzer, die auch unterwegs in Verbindung bleiben m\u00fcssen. Seine kompakte Gr\u00f6\u00dfe und die Kompatibilit\u00e4t mit HP-Ger\u00e4ten machen es zu einer praktischen Option f\u00fcr alle, die beruflich oder privat auf drahtlose Konnektivit\u00e4t angewiesen sind.<\/p>\n","protected":false},"excerpt":{"rendered":"<p>Das HP Huawei MU736 748599-001 Wireless 3G-Netzwerkmodul ist ein kompaktes und vielseitiges Modul, das drahtlose Konnektivit\u00e4t f\u00fcr kompatible HP-Ger\u00e4te erm\u00f6glicht. Es wird von Huawei hergestellt, einem bekannten Unternehmen f\u00fcr Telekommunikationsausr\u00fcstung und Unterhaltungselektronik.<\/p>\n","protected":false},"featured_media":7565,"template":"","meta":[],"product_brand":[],"product_cat":[63],"product_tag":[61],"class_list":{"0":"post-7495","1":"product","2":"type-product","3":"status-publish","4":"has-post-thumbnail","6":"product_cat-motherboards-board-parts","7":"product_tag-hp","9":"first","10":"instock","11":"taxable","12":"shipping-taxable","13":"purchasable","14":"product-type-simple"},"_links":{"self":[{"href":"https:\/\/boreait.com\/de\/wp-json\/wp\/v2\/product\/7495","targetHints":{"allow":["GET"]}}],"collection":[{"href":"https:\/\/boreait.com\/de\/wp-json\/wp\/v2\/product"}],"about":[{"href":"https:\/\/boreait.com\/de\/wp-json\/wp\/v2\/types\/product"}],"wp:featuredmedia":[{"embeddable":true,"href":"https:\/\/boreait.com\/de\/wp-json\/wp\/v2\/media\/7565"}],"wp:attachment":[{"href":"https:\/\/boreait.com\/de\/wp-json\/wp\/v2\/media?parent=7495"}],"wp:term":[{"taxonomy":"product_brand","embeddable":true,"href":"https:\/\/boreait.com\/de\/wp-json\/wp\/v2\/product_brand?post=7495"},{"taxonomy":"product_cat","embeddable":true,"href":"https:\/\/boreait.com\/de\/wp-json\/wp\/v2\/product_cat?post=7495"},{"taxonomy":"product_tag","embeddable":true,"href":"https:\/\/boreait.com\/de\/wp-json\/wp\/v2\/product_tag?post=7495"}],"curies":[{"name":"wp","href":"https:\/\/api.w.org\/{rel}","templated":true}]}}