{"id":7479,"date":"2025-09-15T14:10:53","date_gmt":"2025-09-15T12:10:53","guid":{"rendered":"https:\/\/boreait.com\/de\/?post_type=product&#038;p=7479"},"modified":"2026-01-14T08:30:58","modified_gmt":"2026-01-14T07:30:58","slug":"4-gb-samsung-pc3l-12800s-ram-laptop-speicher-m471b5173qh0-fuer-hp-dell-sony","status":"publish","type":"product","link":"https:\/\/boreait.com\/de\/produkt\/4-gb-samsung-pc3l-12800s-ram-laptop-speicher-m471b5173qh0-fuer-hp-dell-sony\/","title":{"rendered":"4 GB Samsung Pc3l-12800s RAM Laptop-Speicher M471B5173QH0 f\u00fcr HP Dell Sony"},"content":{"rendered":"<div class=\"flex-1 overflow-hidden\">\n<div class=\"react-scroll-to-bottom--css-yocrx-79elbk h-full dunkel:bg-grau-800\">\n<div class=\"react-scroll-to-bottom--css-yocrx-1n7m0yu\">\n<div class=\"flex flex-col text-sm dunkel:bg-grau-800\">\n<div class=\"group w-full text-grau-800 dunkel:text-grau-100 border-b border-schwarz\/10 dunkel:border-grau-900\/50 bg-grau-50 dunkel:bg-[#444654]\">\n<div class=\"flex p-4 gap-4 text-base md:gap-6 md:max-w-2xl lg:max-w-[38rem] xl:max-w-3xl md:py-6 lg:px-0 m-auto\">\n<div class=\"relative flex w-[calc(100%-50px)] flex-col gap-1 md:gap-3 lg:w-[calc(100%-115px)]\">\n<div class=\"flex flex-grow flex-col gap-3\">\n<div class=\"min-h-[20px] flex flex-col items-start gap-4 whitespace-pre-wrap break-words\">\n<div class=\"markdown prose w-full break-words dark:prose-invert light\">\n<p>Das OEM 4 GB Samsung PC3L-12800S RAM-Laptop-Speichermodul, Modell M471B5173QH0, wurde entwickelt, um die Leistung und Geschwindigkeit Ihres Laptops zu verbessern. Mit einer Kapazit\u00e4t von 4 GB bietet es ausreichend Platz f\u00fcr Multitasking und speicherintensive Anwendungen. Die Spezifikation PC3L-12800S bezeichnet ein Niederspannungs-DDR3L-SDRAM-Modul mit einer Taktfrequenz von 1600 MHz.<\/p>\n<p>Dieses Speichermodul wurde speziell f\u00fcr Laptops entwickelt und ist mit einer Vielzahl von Systemen kompatibel. Sein kompakter Formfaktor und das effiziente Design gew\u00e4hrleisten eine einfache Installation und optimale Leistung. Dank des PC3L-12800S-Standards bietet dieses RAM-Modul eine verbesserte Energieeffizienz und reduziert so Energieverbrauch und W\u00e4rmeentwicklung.<\/p>\n<p>Das Modul M471B5173QH0 stammt von Samsung, einem renommierten Hersteller, der f\u00fcr seine zuverl\u00e4ssigen und hochwertigen Speicherl\u00f6sungen bekannt ist. Es wird strengen Tests und Qualit\u00e4tskontrollen unterzogen, um Stabilit\u00e4t und Kompatibilit\u00e4t mit verschiedenen Laptop-Modellen zu gew\u00e4hrleisten.<\/p>\n<p>Erweitern Sie den Arbeitsspeicher Ihres Laptops mit dem OEM 4 GB Samsung PC3L-12800S RAM-Laptop-Speichermodul und erleben Sie schnellere Datenverarbeitung, reibungsloseres Multitasking und eine verbesserte Gesamtsystemleistung.<\/p>\n<\/div>\n<\/div>\n<\/div>\n<div class=\"flex justify-between lg:block\">\n<div class=\"text-gray-400 flex self-end lg:self-center justify-center mt-2 gap-2 md:gap-3 lg:gap-1 lg:absolute lg:top-0 lg:translate-x-full lg:right-0 lg:mt-0 lg:pl-2 visible\">\n<p>\u00a0<\/p>\n<div class=\"flex gap-1\"><\/div>\n<\/div>\n<\/div>\n<\/div>\n<\/div>\n<\/div>\n<div class=\"h-32 md:h-48 flex-shrink-0\"><\/div>\n<\/div>\n<p>\u00a0<\/p>\n<\/div>\n<\/div>\n<\/div>\n<div class=\"absolute bottom-0 left-0 w-full border-t md:border-t-0 dark:border-white\/20 md:border-transparent md:dark:border-transparent md:bg-vert-light-gradient bg-white dark:bg-gray-800 md:!bg-transparent dark:md:bg-vert-dark-gradient pt-2 md:-left-2\">\n<div class=\"relative flex h-full flex-1 items-stretch md:flex-col\" role=\"presentation\">\n<div class=\"\">\n<div class=\"h-full flex ml-1 md:w-full md:m-auto md:mb-2 gap-0 md:gap-2 justify-center\">\n<div class=\"flex w-full gap-2 items-center justify-center\">Antwort neu generieren<\/div>\n<\/div>\n<\/div>\n<\/div>\n<\/div>\n","protected":false},"excerpt":{"rendered":"<p>Das OEM 4 GB Samsung PC3L-12800S RAM-Laptop-Speichermodul mit der Modellnummer M471B5173QH0 ist ein bestimmter Typ von RAM-Modul, das von Samsung hergestellt wird.<\/p>\n","protected":false},"featured_media":7554,"template":"","meta":[],"product_brand":[],"product_cat":[73,72],"product_tag":[],"class_list":{"0":"post-7479","1":"product","2":"type-product","3":"status-publish","4":"has-post-thumbnail","6":"product_cat-ddr3-ddr3l","7":"product_cat-ram-memory","9":"first","10":"instock","11":"taxable","12":"shipping-taxable","13":"purchasable","14":"product-type-simple"},"_links":{"self":[{"href":"https:\/\/boreait.com\/de\/wp-json\/wp\/v2\/product\/7479","targetHints":{"allow":["GET"]}}],"collection":[{"href":"https:\/\/boreait.com\/de\/wp-json\/wp\/v2\/product"}],"about":[{"href":"https:\/\/boreait.com\/de\/wp-json\/wp\/v2\/types\/product"}],"wp:featuredmedia":[{"embeddable":true,"href":"https:\/\/boreait.com\/de\/wp-json\/wp\/v2\/media\/7554"}],"wp:attachment":[{"href":"https:\/\/boreait.com\/de\/wp-json\/wp\/v2\/media?parent=7479"}],"wp:term":[{"taxonomy":"product_brand","embeddable":true,"href":"https:\/\/boreait.com\/de\/wp-json\/wp\/v2\/product_brand?post=7479"},{"taxonomy":"product_cat","embeddable":true,"href":"https:\/\/boreait.com\/de\/wp-json\/wp\/v2\/product_cat?post=7479"},{"taxonomy":"product_tag","embeddable":true,"href":"https:\/\/boreait.com\/de\/wp-json\/wp\/v2\/product_tag?post=7479"}],"curies":[{"name":"wp","href":"https:\/\/api.w.org\/{rel}","templated":true}]}}