{"id":7464,"date":"2025-09-15T14:10:20","date_gmt":"2025-09-15T12:10:20","guid":{"rendered":"https:\/\/boreait.com\/de\/?post_type=product&#038;p=7464"},"modified":"2026-01-14T08:29:54","modified_gmt":"2026-01-14T07:29:54","slug":"fujitsu-lifebook-s762-cpu-kuehler-z20801","status":"publish","type":"product","link":"https:\/\/boreait.com\/de\/produkt\/fujitsu-lifebook-s762-cpu-kuehler-z20801\/","title":{"rendered":"Fujitsu LifeBook S762 CPU-K\u00fchler Z20801"},"content":{"rendered":"<div class=\"flex-1 overflow-hidden\">\n<div class=\"react-scroll-to-bottom--css-kpoah-79elbk h-full dark:bg-gray-800\">\n<div class=\"react-scroll-to-bottom--css-kpoah-1n7m0yu\">\n<div class=\"flex flex-col text-sm dark:bg-gray-800\">\n<div class=\"group w-full text-gray-800 dark:text-gray-100 border-b border-black\/10 dark:border-gray-900\/50 bg-gray-50 dark:bg-[#444654]\">\n<div class=\"flex p-4 gap-4 text-base md:gap-6 md:max-w-2xl lg:max-w-[38rem] xl:max-w-3xl md:py-6 lg:px-0 m-auto\">\n<div class=\"relative flex w-[calc(100%-50px)] flex-col gap-1 md:gap-3 lg:w-[calc(100%-115px)]\">\n<div class=\"flex flex-grow flex-col gap-3\">\n<div class=\"min-h-[20px] flex flex-col items-start gap-4 whitespace-pre-wrap break-words\">\n<div class=\"markdown prose w-full break-words dark:prose-invert light\">\n<p>Ein CPU-K\u00fchlk\u00f6rper ist eine wichtige Komponente in einem Computersystem und dient zur Ableitung der von der CPU erzeugten W\u00e4rme. Er besteht in der Regel aus Metall und leitet die W\u00e4rme von der CPU an die Umgebungsluft ab.<\/p>\n<p>Der K\u00fchlk\u00f6rper besteht in der Regel aus Materialien mit hoher W\u00e4rmeleitf\u00e4higkeit, wie Aluminium oder Kupfer, was eine effiziente W\u00e4rme\u00fcbertragung erm\u00f6glicht. Er besteht aus einer Reihe von Lamellen oder Rippen, die die Oberfl\u00e4che vergr\u00f6\u00dfern und so die W\u00e4rmeableitung verbessern. Der K\u00fchlk\u00f6rper wird direkt auf der CPU montiert und ist oft mit einem L\u00fcfter, dem sogenannten CPU-L\u00fcfter, ausgestattet, um die K\u00fchlleistung zu verbessern.<\/p>\n<p>Der CPU-L\u00fcfter bl\u00e4st Luft \u00fcber den K\u00fchlk\u00f6rper und unterst\u00fctzt so die Ableitung der vom K\u00fchlk\u00f6rper aufgenommenen W\u00e4rme. Diese Kombination aus K\u00fchlk\u00f6rper und L\u00fcfter wird allgemein als CPU-K\u00fchler bezeichnet. Einige CPU-K\u00fchler verf\u00fcgen zus\u00e4tzlich \u00fcber Heatpipes, hohle Rohre, die mit einer w\u00e4rmeleitenden Fl\u00fcssigkeit gef\u00fcllt sind, um die W\u00e4rme\u00fcbertragung zu verbessern.<\/p>\n<p>Verschiedene Computersysteme ben\u00f6tigen m\u00f6glicherweise spezielle CPU-K\u00fchler, abh\u00e4ngig von Faktoren wie CPU-Sockeltyp, Stromverbrauch und Thermal Design Power (TDP) der CPU. W\u00e4hlen Sie einen CPU-K\u00fchlk\u00f6rper, der mit Ihrer CPU und Ihrem Motherboard kompatibel ist.<\/p>\n<p>Beim Austausch oder Upgrade eines CPU-K\u00fchlk\u00f6rpers ist es wichtig, die Kompatibilit\u00e4t mit dem CPU-Sockeltyp und den Abmessungen Ihres Motherboards sicherzustellen. Dar\u00fcber hinaus k\u00f6nnen Faktoren wie Ger\u00e4uschpegel, K\u00fchlleistung und verf\u00fcgbarer Platz im Computergeh\u00e4use die Wahl einer geeigneten CPU-K\u00fchll\u00f6sung erleichtern.<\/p>\n<p>Es wird empfohlen, bei der Auswahl oder Installation eines CPU-K\u00fchlk\u00f6rpers die Spezifikationen und Richtlinien des Herstellers zu beachten oder technische Experten zu konsultieren, um die ordnungsgem\u00e4\u00dfe Funktionalit\u00e4t und optimale K\u00fchlleistung Ihres Computersystems zu gew\u00e4hrleisten.<\/p>\n<\/div>\n<\/div>\n<\/div>\n<\/div>\n<\/div>\n<\/div>\n<\/div>\n<\/div>\n<p>\u00a0<\/p>\n<\/div>\n<\/div>\n<\/div>\n","protected":false},"excerpt":{"rendered":"<p>#VALUE!<\/p>\n","protected":false},"featured_media":7531,"template":"","meta":[],"product_brand":[],"product_cat":[69],"product_tag":[64],"class_list":{"0":"post-7464","1":"product","2":"type-product","3":"status-publish","4":"has-post-thumbnail","6":"product_cat-cpu-fans-heatsinks","7":"product_tag-fujitsu","9":"first","10":"instock","11":"taxable","12":"shipping-taxable","13":"purchasable","14":"product-type-simple"},"_links":{"self":[{"href":"https:\/\/boreait.com\/de\/wp-json\/wp\/v2\/product\/7464","targetHints":{"allow":["GET"]}}],"collection":[{"href":"https:\/\/boreait.com\/de\/wp-json\/wp\/v2\/product"}],"about":[{"href":"https:\/\/boreait.com\/de\/wp-json\/wp\/v2\/types\/product"}],"wp:featuredmedia":[{"embeddable":true,"href":"https:\/\/boreait.com\/de\/wp-json\/wp\/v2\/media\/7531"}],"wp:attachment":[{"href":"https:\/\/boreait.com\/de\/wp-json\/wp\/v2\/media?parent=7464"}],"wp:term":[{"taxonomy":"product_brand","embeddable":true,"href":"https:\/\/boreait.com\/de\/wp-json\/wp\/v2\/product_brand?post=7464"},{"taxonomy":"product_cat","embeddable":true,"href":"https:\/\/boreait.com\/de\/wp-json\/wp\/v2\/product_cat?post=7464"},{"taxonomy":"product_tag","embeddable":true,"href":"https:\/\/boreait.com\/de\/wp-json\/wp\/v2\/product_tag?post=7464"}],"curies":[{"name":"wp","href":"https:\/\/api.w.org\/{rel}","templated":true}]}}