{"id":7463,"date":"2025-09-15T14:10:20","date_gmt":"2025-09-15T12:10:20","guid":{"rendered":"https:\/\/boreait.com\/de\/?post_type=product&#038;p=7463"},"modified":"2025-09-16T12:43:51","modified_gmt":"2025-09-16T10:43:51","slug":"dvd-brenner-modell-gtb0n","status":"publish","type":"product","link":"https:\/\/boreait.com\/de\/produkt\/dvd-brenner-modell-gtb0n\/","title":{"rendered":"DVD-Brenner Modell GTB0N"},"content":{"rendered":"<p>Der GTB0N unterst\u00fctzt je nach verwendetem DVD-Medium unterschiedliche Lese- und Schreibgeschwindigkeiten. Er bietet typischerweise eine maximale Lesegeschwindigkeit von 8x f\u00fcr DVDs und eine maximale Schreibgeschwindigkeit von 8x f\u00fcr DVD\u00b1R-Medien. F\u00fcr DVD\u00b1RW-Medien betr\u00e4gt die maximale Schreibgeschwindigkeit \u00fcblicherweise 6x.<\/p>\n<p>Wichtig zu beachten: Der GTB0N ist zwar in erster Linie ein DVD-Brenner, aber auch abw\u00e4rtskompatibel mit CD-Medien. Er kann CDs, einschlie\u00dflich CD-R und CD-RW, mit unterschiedlichen Geschwindigkeiten lesen und beschreiben. Die maximale CD-Lesegeschwindigkeit betr\u00e4gt typischerweise 24x, die maximale CD-Schreibgeschwindigkeit 24x f\u00fcr CD-R-Medien und 16x f\u00fcr CD-RW-Medien.<\/p>\n<p>Wenn Sie spezielle Fragen haben oder weitere Hilfe zum GTB0N-DVD-Brenner ben\u00f6tigen, wenden Sie sich gerne an uns!<\/p>\n","protected":false},"excerpt":{"rendered":"<p>Der GTB0N ist ein DVD-Brenner der Marke HL-DT-ST von LG Electronics. Er wird h\u00e4ufig in Laptops und schlanken externen DVD-Brennern eingesetzt. Der GTB0N kann verschiedene DVD-Typen lesen und beschreiben, darunter DVD-R, DVD+R, DVD-RW, DVD+RW und DVD-RAM.<\/p>\n","protected":false},"featured_media":7529,"template":"","meta":[],"product_brand":[],"product_cat":[63],"product_tag":[],"class_list":{"0":"post-7463","1":"product","2":"type-product","3":"status-publish","4":"has-post-thumbnail","6":"product_cat-motherboards-board-parts","8":"first","9":"instock","10":"taxable","11":"shipping-taxable","12":"purchasable","13":"product-type-simple"},"_links":{"self":[{"href":"https:\/\/boreait.com\/de\/wp-json\/wp\/v2\/product\/7463","targetHints":{"allow":["GET"]}}],"collection":[{"href":"https:\/\/boreait.com\/de\/wp-json\/wp\/v2\/product"}],"about":[{"href":"https:\/\/boreait.com\/de\/wp-json\/wp\/v2\/types\/product"}],"wp:featuredmedia":[{"embeddable":true,"href":"https:\/\/boreait.com\/de\/wp-json\/wp\/v2\/media\/7529"}],"wp:attachment":[{"href":"https:\/\/boreait.com\/de\/wp-json\/wp\/v2\/media?parent=7463"}],"wp:term":[{"taxonomy":"product_brand","embeddable":true,"href":"https:\/\/boreait.com\/de\/wp-json\/wp\/v2\/product_brand?post=7463"},{"taxonomy":"product_cat","embeddable":true,"href":"https:\/\/boreait.com\/de\/wp-json\/wp\/v2\/product_cat?post=7463"},{"taxonomy":"product_tag","embeddable":true,"href":"https:\/\/boreait.com\/de\/wp-json\/wp\/v2\/product_tag?post=7463"}],"curies":[{"name":"wp","href":"https:\/\/api.w.org\/{rel}","templated":true}]}}