{"id":7462,"date":"2025-09-15T14:10:20","date_gmt":"2025-09-15T12:10:20","guid":{"rendered":"https:\/\/boreait.com\/de\/?post_type=product&#038;p=7462"},"modified":"2025-09-16T12:43:51","modified_gmt":"2025-09-16T10:43:51","slug":"fujitsu-lifebook-a574-k-unterseite","status":"publish","type":"product","link":"https:\/\/boreait.com\/de\/produkt\/fujitsu-lifebook-a574-k-unterseite\/","title":{"rendered":"Fujitsu LIFEBOOK A574\/K Unterseite"},"content":{"rendered":"<div class=\"flex-1 overflow-hidden\">\n<div class=\"react-scroll-to-bottom--css-saomo-79elbk h-full dunkel:bg-grau-800\">\n<div class=\"react-scroll-to-bottom--css-saomo-1n7m0yu\">\n<div class=\"flex flex-col text-sm dunkel:bg-grau-800\">\n<div class=\"group w-full text-grau-800 dunkel:text-grau-100 border-b border-schwarz\/10 dunkel:border-grau-900\/50 bg-grau-50 dunkel:bg-[#444654]\">\n<div class=\"flex p-4 gap-4 text-base md:gap-6 md:max-w-2xl lg:max-w-[38rem] xl:max-w-3xl md:py-6 lg:px-0 m-auto\">\n<div class=\"relative flex w-[calc(100%-50px)] flex-col gap-1 md:gap-3 lg:w-[calc(100%-115px)]\">\n<div class=\"flex flex-grow flex-col gap-3\">\n<div class=\"min-h-[20px] flex flex-col items-start gap-4 whitespace-pre-wrap break-words\">\n<div class=\"markdown prose w-full break-words dark:prose-invert light\">\n<p>So \u00f6ffnen Sie die Unterseite eines Fujitsu LIFEBOOK Laptops:<\/p>\n<ol>\n<li>Fahren Sie den Laptop herunter und trennen Sie die externe Stromquelle.<\/li>\n<li>Stellen Sie den Laptop auf eine ebene, stabile Fl\u00e4che.<\/li>\n<li>Drehen Sie den Laptop um, sodass die Bodenplatte nach oben zeigt.<\/li>\n<li>Suchen Sie nach Schrauben, die die Bodenplatte befestigen. Diese Schrauben befinden sich normalerweise an den Kanten oder an bestimmten Stellen, die mit Symbolen (z. B. einem kleinen Tastatursymbol) gekennzeichnet sind.<\/li>\n<li>Entfernen Sie die Schrauben mit einem geeigneten Schraubendreher. Bewahren Sie sie an einem sicheren Ort auf, da Sie sie f\u00fcr den Zusammenbau ben\u00f6tigen.<\/li>\n<li>Sobald alle Schrauben entfernt sind, schieben oder heben Sie die Bodenplatte vorsichtig vom Laptop ab. M\u00f6glicherweise wird sie durch Clips oder Riegel gehalten. Wenden Sie daher bei Bedarf leichten Druck an, ohne sie zu zwingen.<\/li>\n<li>Nachdem die Bodenplatte entfernt ist, sollten Sie Zugriff auf Komponenten wie die Festplatte, die RAM-Steckpl\u00e4tze und m\u00f6glicherweise den Akku haben. Seien Sie beim Umgang mit diesen Komponenten vorsichtig und befolgen Sie alle Anweisungen und Vorsichtsma\u00dfnahmen von Fujitsu.<\/li>\n<\/ol>\n<p>Bitte beachten Sie, dass die genaue Vorgehensweise und der Aufbau je nach Modell Ihres LIFEBOOK Laptops variieren k\u00f6nnen. Lesen Sie daher am besten das Benutzerhandbuch oder die Supportdokumentation von Fujitsu f\u00fcr Ihr Modell. So erhalten Sie die genauesten und detailliertesten Anweisungen, die auf Ihr Ger\u00e4t zugeschnitten sind.<\/p>\n<\/div>\n<\/div>\n<\/div>\n<\/div>\n<\/div>\n<\/div>\n<\/div>\n<\/div>\n<\/div>\n","protected":false},"excerpt":{"rendered":"<p>Die Unterseite der Laptops der Fujitsu LIFEBOOK-Serie bietet in der Regel Zugriff auf verschiedene interne Komponenten f\u00fcr Wartungs- oder Upgradezwecke. Da es innerhalb der LIFEBOOK-Serie jedoch zahlreiche Modelle gibt, k\u00f6nnen das genaue Design und die Art des Zugriffs auf die Komponenten variieren.<\/p>\n","protected":false},"featured_media":7527,"template":"","meta":[],"product_brand":[],"product_cat":[52],"product_tag":[64],"class_list":{"0":"post-7462","1":"product","2":"type-product","3":"status-publish","4":"has-post-thumbnail","6":"product_cat-laptop-housing","7":"product_tag-fujitsu","9":"first","10":"instock","11":"taxable","12":"shipping-taxable","13":"purchasable","14":"product-type-simple"},"_links":{"self":[{"href":"https:\/\/boreait.com\/de\/wp-json\/wp\/v2\/product\/7462","targetHints":{"allow":["GET"]}}],"collection":[{"href":"https:\/\/boreait.com\/de\/wp-json\/wp\/v2\/product"}],"about":[{"href":"https:\/\/boreait.com\/de\/wp-json\/wp\/v2\/types\/product"}],"wp:featuredmedia":[{"embeddable":true,"href":"https:\/\/boreait.com\/de\/wp-json\/wp\/v2\/media\/7527"}],"wp:attachment":[{"href":"https:\/\/boreait.com\/de\/wp-json\/wp\/v2\/media?parent=7462"}],"wp:term":[{"taxonomy":"product_brand","embeddable":true,"href":"https:\/\/boreait.com\/de\/wp-json\/wp\/v2\/product_brand?post=7462"},{"taxonomy":"product_cat","embeddable":true,"href":"https:\/\/boreait.com\/de\/wp-json\/wp\/v2\/product_cat?post=7462"},{"taxonomy":"product_tag","embeddable":true,"href":"https:\/\/boreait.com\/de\/wp-json\/wp\/v2\/product_tag?post=7462"}],"curies":[{"name":"wp","href":"https:\/\/api.w.org\/{rel}","templated":true}]}}