{"id":7454,"date":"2025-09-15T14:09:56","date_gmt":"2025-09-15T12:09:56","guid":{"rendered":"https:\/\/boreait.com\/de\/?post_type=product&#038;p=7454"},"modified":"2025-09-16T12:43:51","modified_gmt":"2025-09-16T10:43:51","slug":"fujitsu-lifebook-e544-handauflage-touchpad-unterseite-cp666561-01-schwarz","status":"publish","type":"product","link":"https:\/\/boreait.com\/de\/produkt\/fujitsu-lifebook-e544-handauflage-touchpad-unterseite-cp666561-01-schwarz\/","title":{"rendered":"Fujitsu LifeBook E544 Handauflage Touchpad Unterseite CP666561-01 Schwarz"},"content":{"rendered":"<ol>\n<li>Design: Die Unterseite des Handballenauflage-Touchpads ist auf das Fujitsu LifeBook E544 zugeschnitten. Sie ist speziell auf die Form und Abmessungen des Laptops abgestimmt.<\/li>\n<li>Material und Farbe: Die Unterseite des Handballenauflage-Touchpads besteht \u00fcblicherweise aus robustem Kunststoff und ist in Schwarz erh\u00e4ltlich, passend zum Design des Laptops.<\/li>\n<li>Kompatibilit\u00e4t: Die Unterseite des Handballenauflage-Touchpads mit der Teilenummer CP666561-01 ist f\u00fcr das Fujitsu LifeBook E544 vorgesehen. Sie sollte kompatibel sein und das vorhandene Teil im Laptop direkt ersetzen.<\/li>\n<li>Funktionalit\u00e4t: Die Unterseite des Handballenauflage-Touchpads beherbergt das Touchpad und bietet eine komfortable und ergonomische Oberfl\u00e4che f\u00fcr die Cursornavigation. Es verf\u00fcgt au\u00dferdem \u00fcber eine Handballenauflage, auf der Sie Ihre H\u00e4nde w\u00e4hrend der Nutzung des Laptops ablegen k\u00f6nnen.<\/li>\n<\/ol>\n<p>Bitte beachten Sie, dass die Funktionen und Spezifikationen je nach Modell und Version der Unterseite der Handballenauflage und des Touchpads variieren k\u00f6nnen. F\u00fcr genaue und aktuelle Informationen wenden Sie sich bitte an Fujitsu oder einen autorisierten Fujitsu-H\u00e4ndler oder Computerteilelieferanten.<\/p>\n","protected":false},"excerpt":{"rendered":"<p>Herkunft: Original<\/p>\n<p>Hersteller: Fujitsu<\/p>\n<p>Teilenummer: CP666561-01<\/p>\n","protected":false},"featured_media":7525,"template":"","meta":[],"product_brand":[],"product_cat":[52],"product_tag":[64,61],"class_list":{"0":"post-7454","1":"product","2":"type-product","3":"status-publish","4":"has-post-thumbnail","6":"product_cat-laptop-housing","7":"product_tag-fujitsu","8":"product_tag-hp","10":"first","11":"instock","12":"taxable","13":"shipping-taxable","14":"purchasable","15":"product-type-simple"},"_links":{"self":[{"href":"https:\/\/boreait.com\/de\/wp-json\/wp\/v2\/product\/7454","targetHints":{"allow":["GET"]}}],"collection":[{"href":"https:\/\/boreait.com\/de\/wp-json\/wp\/v2\/product"}],"about":[{"href":"https:\/\/boreait.com\/de\/wp-json\/wp\/v2\/types\/product"}],"wp:featuredmedia":[{"embeddable":true,"href":"https:\/\/boreait.com\/de\/wp-json\/wp\/v2\/media\/7525"}],"wp:attachment":[{"href":"https:\/\/boreait.com\/de\/wp-json\/wp\/v2\/media?parent=7454"}],"wp:term":[{"taxonomy":"product_brand","embeddable":true,"href":"https:\/\/boreait.com\/de\/wp-json\/wp\/v2\/product_brand?post=7454"},{"taxonomy":"product_cat","embeddable":true,"href":"https:\/\/boreait.com\/de\/wp-json\/wp\/v2\/product_cat?post=7454"},{"taxonomy":"product_tag","embeddable":true,"href":"https:\/\/boreait.com\/de\/wp-json\/wp\/v2\/product_tag?post=7454"}],"curies":[{"name":"wp","href":"https:\/\/api.w.org\/{rel}","templated":true}]}}