{"id":7450,"date":"2025-09-15T14:09:55","date_gmt":"2025-09-15T12:09:55","guid":{"rendered":"https:\/\/boreait.com\/de\/?post_type=product&#038;p=7450"},"modified":"2025-09-16T12:43:50","modified_gmt":"2025-09-16T10:43:50","slug":"lenovo-thinkpad-t450-t460-lautsprecherbaugruppe-ssb0d92908","status":"publish","type":"product","link":"https:\/\/boreait.com\/de\/produkt\/lenovo-thinkpad-t450-t460-lautsprecherbaugruppe-ssb0d92908\/","title":{"rendered":"Lenovo ThinkPad T450 T460 Lautsprecherbaugruppe SSB0D92908"},"content":{"rendered":"<div class=\"flex-1 overflow-hidden\">\n<div class=\"react-scroll-to-bottom--css-kaxad-79elbk h-full dunkel:bg-grau-800\">\n<div class=\"react-scroll-to-bottom--css-kaxad-1n7m0yu\">\n<div class=\"flex flex-col text-sm dunkel:bg-grau-800\">\n<div class=\"group w-full text-grau-800 dunkel:text-grau-100 border-b border-schwarz\/10 dunkel:border-grau-900\/50 bg-grau-50 dunkel:bg-[#444654]\">\n<div class=\"flex p-4 gap-4 text-base md:gap-6 md:max-w-2xl lg:max-w-[38rem] xl:max-w-3xl md:py-6 lg:px-0 m-auto\">\n<div class=\"relative flex w-[calc(100%-50px)] flex-col gap-1 md:gap-3 lg:w-[calc(100%-115px)]\">\n<div class=\"flex flex-grow flex-col gap-3\">\n<div class=\"min-h-[20px] flex flex-col items-start gap-4 whitespace-pre-wrap break-words\">\n<div class=\"markdown prose w-full break-words dark:prose-invert light\">\n<p>Die Lautsprecherbaugruppe f\u00fcr Lenovo ThinkPad T450 T460 mit der Teilenummer SSB0D92908 ist eine wichtige Komponente, die speziell f\u00fcr die Laptop-Modelle Lenovo ThinkPad T450 und T460 entwickelt wurde. Diese hochwertige Lautsprechereinheit bietet au\u00dfergew\u00f6hnliche Klangqualit\u00e4t und sorgt f\u00fcr ein beeindruckendes Multimedia-Erlebnis.<\/p>\n<p>Die Lautsprechereinheit sorgt f\u00fcr einen klaren und lebendigen Klang, sodass Sie Ihre Lieblingsmusik, Filme und Videoanrufe in klarer und satter Klangqualit\u00e4t genie\u00dfen k\u00f6nnen. Dank ihres pr\u00e4zisen Designs und der fortschrittlichen Technologie sorgt diese Lautsprechereinheit f\u00fcr eine pr\u00e4zise Klangwiedergabe \u00fcber einen breiten Frequenzbereich, sodass Sie jedes Detail Ihrer Audioinhalte genie\u00dfen k\u00f6nnen.<\/p>\n<p>Die Lautsprechereinheit des Lenovo ThinkPad T450 T460 f\u00fcgt sich nahtlos in das Laptop-Geh\u00e4use ein und l\u00e4sst sich einfach und ohne technisches Fachwissen installieren. Die erforderlichen Montagehalterungen und Anschl\u00fcsse werden mitgeliefert, sodass die Installation problemlos verl\u00e4uft. So k\u00f6nnen auch unerfahrene Benutzer die Lautsprechereinheit problemlos austauschen.<\/p>\n<p>Lenovo ist bekannt f\u00fcr sein Engagement f\u00fcr Qualit\u00e4t und Langlebigkeit, und diese Lautsprechereinheit bildet da keine Ausnahme. Sie besteht aus robusten Materialien und ist f\u00fcr den t\u00e4glichen Gebrauch ausgelegt. Sie bietet eine lange Lebensdauer. Sie k\u00f6nnen sich darauf verlassen, dass diese Lautsprechereinheit w\u00e4hrend der gesamten Lebensdauer Ihres Laptops zuverl\u00e4ssige Audioleistung bietet und Ihr Computererlebnis insgesamt verbessert.<\/p>\n<p>Ob Sie ein gelegentlicher Benutzer sind, der Multimedia-Unterhaltung genie\u00dft, oder ein Profi, der bei Meetings und Pr\u00e4sentationen auf kristallklaren Klang angewiesen ist \u2013 die Lautsprechereinheit f\u00fcr das Lenovo ThinkPad T450 T460 ist ein unverzichtbares Zubeh\u00f6r. Sie garantiert eine hohe Klangtreue und sorgt daf\u00fcr, dass Sie Ihre Multimedia-Inhalte in vollem Umfang genie\u00dfen und in verschiedenen Umgebungen effektiv kommunizieren k\u00f6nnen.<\/p>\n<\/div>\n<\/div>\n<\/div>\n<\/div>\n<\/div>\n<\/div>\n<\/div>\n<\/div>\n<\/div>\n","protected":false},"excerpt":{"rendered":"<p>Verbessern Sie die Audioleistung Ihres Lenovo ThinkPad T450\/T460 Laptops mit der Lautsprechereinheit SSB0D92908. Sie bietet au\u00dfergew\u00f6hnliche Klangqualit\u00e4t und ist einfach zu installieren. Erleben Sie beeindruckenden Klang f\u00fcr Multimedia-Unterhaltung und professionelle Kommunikation.<\/p>\n","protected":false},"featured_media":7506,"template":"","meta":[],"product_brand":[],"product_cat":[54],"product_tag":[62],"class_list":{"0":"post-7450","1":"product","2":"type-product","3":"status-publish","4":"has-post-thumbnail","6":"product_cat-laptop-speakers","7":"product_tag-lenovo","9":"first","10":"instock","11":"taxable","12":"shipping-taxable","13":"purchasable","14":"product-type-simple"},"_links":{"self":[{"href":"https:\/\/boreait.com\/de\/wp-json\/wp\/v2\/product\/7450","targetHints":{"allow":["GET"]}}],"collection":[{"href":"https:\/\/boreait.com\/de\/wp-json\/wp\/v2\/product"}],"about":[{"href":"https:\/\/boreait.com\/de\/wp-json\/wp\/v2\/types\/product"}],"wp:featuredmedia":[{"embeddable":true,"href":"https:\/\/boreait.com\/de\/wp-json\/wp\/v2\/media\/7506"}],"wp:attachment":[{"href":"https:\/\/boreait.com\/de\/wp-json\/wp\/v2\/media?parent=7450"}],"wp:term":[{"taxonomy":"product_brand","embeddable":true,"href":"https:\/\/boreait.com\/de\/wp-json\/wp\/v2\/product_brand?post=7450"},{"taxonomy":"product_cat","embeddable":true,"href":"https:\/\/boreait.com\/de\/wp-json\/wp\/v2\/product_cat?post=7450"},{"taxonomy":"product_tag","embeddable":true,"href":"https:\/\/boreait.com\/de\/wp-json\/wp\/v2\/product_tag?post=7450"}],"curies":[{"name":"wp","href":"https:\/\/api.w.org\/{rel}","templated":true}]}}