{"id":7396,"date":"2025-09-15T14:08:44","date_gmt":"2025-09-15T12:08:44","guid":{"rendered":"https:\/\/boreait.com\/de\/?post_type=product&#038;p=7396"},"modified":"2025-09-16T12:43:46","modified_gmt":"2025-09-16T10:43:46","slug":"asus-x554l-x555b-x555bp-lcd-bildschirmblende-13n0-r7a1b11-13nb0628ap0711","status":"publish","type":"product","link":"https:\/\/boreait.com\/de\/produkt\/asus-x554l-x555b-x555bp-lcd-bildschirmblende-13n0-r7a1b11-13nb0628ap0711\/","title":{"rendered":"Asus X554L X555B X555BP LCD-Bildschirmblende 13N0-R7A1B11 13NB0628AP0711"},"content":{"rendered":"<p>Die LCD-Bildschirmblende f\u00fcr das Asus X554L, X555B oder X555BP (Teilenummer 13N0-R7A1B11 oder 13NB0628AP0711) ist ein Original-Ersatzteil, das speziell f\u00fcr diese Laptop-Modelle entwickelt wurde. Diese Blende bietet einen eleganten und sch\u00fctzenden Rahmen f\u00fcr den LCD-Bildschirm.<\/p>\n<p>Diese pr\u00e4zise gefertigte und nach den hohen Qualit\u00e4tsstandards von Asus entwickelte LCD-Bildschirmblende gew\u00e4hrleistet eine perfekte Passform und nahtlose Integration in Ihr X554L-, X555B- oder X555BP-Notebook. Sie besteht aus langlebigen Materialien, die dem t\u00e4glichen Gebrauch standhalten und den LCD-Bildschirm vor Besch\u00e4digungen sch\u00fctzen.<\/p>\n<p>Bei korrekter Installation stellt diese Ersatzblende die \u00c4sthetik und Funktionalit\u00e4t des LCD-Bildschirms Ihres Laptops wieder her. Es handelt sich um ein Originalprodukt von Asus, frei von Plagiaten oder Nachahmungen, das Kompatibilit\u00e4t und optimale Leistung garantiert.<\/p>\n<p>R\u00fcsten Sie Ihr Asus X554L, X555B oder X555BP-Notebook mit der LCD-Bildschirmblende 13N0-R7A1B11 oder 13NB0628AP0711 auf und genie\u00dfen Sie ein erneuertes und gesch\u00fctztes Displayerlebnis. Erleben Sie die Sicherheit eines originalen und zuverl\u00e4ssigen Ersatzteils.<\/p>\n","protected":false},"excerpt":{"rendered":"<p>Die LCD-Bildschirmblende f\u00fcr das Asus X554L X555B X555BP (Teilenummer 13N0-R7A1B11 oder 13NB0628AP0711) ist ein Originalersatzteil, das einen eleganten und sch\u00fctzenden Rahmen f\u00fcr den LCD-Bildschirm Ihres Laptops bietet. Sie sorgt f\u00fcr eine perfekte Passform und nahtlose Integration und stellt sowohl Funktionalit\u00e4t als auch \u00c4sthetik wieder her.<\/p>\n","protected":false},"featured_media":7448,"template":"","meta":[],"product_brand":[],"product_cat":[52],"product_tag":[66],"class_list":{"0":"post-7396","1":"product","2":"type-product","3":"status-publish","4":"has-post-thumbnail","6":"product_cat-laptop-housing","7":"product_tag-asus","9":"first","10":"instock","11":"taxable","12":"shipping-taxable","13":"purchasable","14":"product-type-simple"},"_links":{"self":[{"href":"https:\/\/boreait.com\/de\/wp-json\/wp\/v2\/product\/7396","targetHints":{"allow":["GET"]}}],"collection":[{"href":"https:\/\/boreait.com\/de\/wp-json\/wp\/v2\/product"}],"about":[{"href":"https:\/\/boreait.com\/de\/wp-json\/wp\/v2\/types\/product"}],"wp:featuredmedia":[{"embeddable":true,"href":"https:\/\/boreait.com\/de\/wp-json\/wp\/v2\/media\/7448"}],"wp:attachment":[{"href":"https:\/\/boreait.com\/de\/wp-json\/wp\/v2\/media?parent=7396"}],"wp:term":[{"taxonomy":"product_brand","embeddable":true,"href":"https:\/\/boreait.com\/de\/wp-json\/wp\/v2\/product_brand?post=7396"},{"taxonomy":"product_cat","embeddable":true,"href":"https:\/\/boreait.com\/de\/wp-json\/wp\/v2\/product_cat?post=7396"},{"taxonomy":"product_tag","embeddable":true,"href":"https:\/\/boreait.com\/de\/wp-json\/wp\/v2\/product_tag?post=7396"}],"curies":[{"name":"wp","href":"https:\/\/api.w.org\/{rel}","templated":true}]}}