{"id":7378,"date":"2025-09-15T14:08:20","date_gmt":"2025-09-15T12:08:20","guid":{"rendered":"https:\/\/boreait.com\/de\/?post_type=product&#038;p=7378"},"modified":"2025-09-16T12:43:45","modified_gmt":"2025-09-16T10:43:45","slug":"hp-elitebook-8560p-lcd-bildschirm-rueckabdeckung-641201-001","status":"publish","type":"product","link":"https:\/\/boreait.com\/de\/produkt\/hp-elitebook-8560p-lcd-bildschirm-rueckabdeckung-641201-001\/","title":{"rendered":"HP EliteBook 8560P LCD-Bildschirm-R\u00fcckabdeckung 641201-001"},"content":{"rendered":"<p><strong>GENAU WIE AUF DEM FOTO IM ANGEBOT!<\/strong><\/p>\n<p>Die LCD-Bildschirmr\u00fcckabdeckung f\u00fcr das HP EliteBook 8560P, Teilenummer 641201-001, ist ein Original-Ersatzteil, das speziell f\u00fcr dieses Laptop-Modell entwickelt wurde. Diese R\u00fcckabdeckung sch\u00fctzt und st\u00fctzt den LCD-Bildschirm.<\/p>\n<p>Die hochwertige und pr\u00e4zise gefertigte R\u00fcckabdeckung gew\u00e4hrleistet eine perfekte Passform und nahtlose Integration in Ihr HP EliteBook 8560P. Sie besteht aus langlebigen Materialien, die dem t\u00e4glichen Gebrauch standhalten und den empfindlichen LCD-Bildschirm vor Kratzern und Besch\u00e4digungen sch\u00fctzen.<\/p>\n<p>Bei korrekter Installation stellt diese Ersatz-R\u00fcckabdeckung die \u00c4sthetik und Funktionalit\u00e4t Ihres Laptops wieder her. Es handelt sich um ein Originalprodukt von HP, frei von Plagiaten oder Nachahmungen, und garantiert Kompatibilit\u00e4t und optimale Leistung.<\/p>\n<p>R\u00fcsten Sie Ihr HP EliteBook 8560P mit der LCD-Bildschirmr\u00fcckabdeckung 641201-001 auf und genie\u00dfen Sie ein erneuertes und gesch\u00fctztes Display. Erleben Sie die Sicherheit, die die Verwendung eines authentischen und zuverl\u00e4ssigen Ersatzteils mit sich bringt.<\/p>\n","protected":false},"excerpt":{"rendered":"<div class=\"group w-full text-gray-800 dark:text-gray-100 border-b border-black\/10 dark:border-gray-900\/50 bg-gray-50 dark:bg-[#444654]\">\n<div class=\"flex p-4 gap-4 text-base md:gap-6 md:max-w-2xl lg:max-w-[38rem] xl:max-w-3xl md:py-6 lg:px-0 m-auto\">\n<div class=\"relative flex w-[calc(100%-50px)] flex-col gap-1 md:gap-3 lg:w-[calc(100%-115px)]\">\n<div class=\"flex flex-grow flex-col gap-3\">\n<div class=\"min-h-[20px] flex flex-col items-start gap-4 whitespace-pre-wrap break-words\">\n<div class=\"markdown prose w-full break-words dark:prose-invert light\">\n<p>Die LCD-Bildschirmr\u00fcckabdeckung des HP EliteBook 8560P (Teilenummer 641201-001) ist ein Original-Ersatzteil, das den Bildschirm Ihres Laptops sch\u00fctzt und st\u00fctzt. Sie ist nahtlos konzipiert und gew\u00e4hrleistet Kompatibilit\u00e4t und optimale Leistung.<\/p>\n<\/div>\n<\/div>\n<\/div>\n<\/div>\n<\/div>\n<\/div>\n","protected":false},"featured_media":7442,"template":"","meta":[],"product_brand":[],"product_cat":[52],"product_tag":[61],"class_list":{"0":"post-7378","1":"product","2":"type-product","3":"status-publish","4":"has-post-thumbnail","6":"product_cat-laptop-housing","7":"product_tag-hp","9":"first","10":"instock","11":"taxable","12":"shipping-taxable","13":"purchasable","14":"product-type-simple"},"_links":{"self":[{"href":"https:\/\/boreait.com\/de\/wp-json\/wp\/v2\/product\/7378","targetHints":{"allow":["GET"]}}],"collection":[{"href":"https:\/\/boreait.com\/de\/wp-json\/wp\/v2\/product"}],"about":[{"href":"https:\/\/boreait.com\/de\/wp-json\/wp\/v2\/types\/product"}],"wp:featuredmedia":[{"embeddable":true,"href":"https:\/\/boreait.com\/de\/wp-json\/wp\/v2\/media\/7442"}],"wp:attachment":[{"href":"https:\/\/boreait.com\/de\/wp-json\/wp\/v2\/media?parent=7378"}],"wp:term":[{"taxonomy":"product_brand","embeddable":true,"href":"https:\/\/boreait.com\/de\/wp-json\/wp\/v2\/product_brand?post=7378"},{"taxonomy":"product_cat","embeddable":true,"href":"https:\/\/boreait.com\/de\/wp-json\/wp\/v2\/product_cat?post=7378"},{"taxonomy":"product_tag","embeddable":true,"href":"https:\/\/boreait.com\/de\/wp-json\/wp\/v2\/product_tag?post=7378"}],"curies":[{"name":"wp","href":"https:\/\/api.w.org\/{rel}","templated":true}]}}