{"id":7377,"date":"2025-09-15T14:08:20","date_gmt":"2025-09-15T12:08:20","guid":{"rendered":"https:\/\/boreait.com\/de\/?post_type=product&#038;p=7377"},"modified":"2025-09-16T12:43:45","modified_gmt":"2025-09-16T10:43:45","slug":"679152-340-webcam-fuer-hp-elitebook-8560p-elitebook-8570p-frankreich-mwst","status":"publish","type":"product","link":"https:\/\/boreait.com\/de\/produkt\/679152-340-webcam-fuer-hp-elitebook-8560p-elitebook-8570p-frankreich-mwst\/","title":{"rendered":"679152-340 Webcam f\u00fcr HP Elitebook 8560p, Elitebook 8570p \u2013 FRANKREICH \/ MwSt."},"content":{"rendered":"<p>Die Webcam 679152-340 ist ein Original-Ersatzteil, das speziell f\u00fcr die HP Elitebook 8560p und Elitebook 8570p Laptops entwickelt wurde. Mit dieser Webcam k\u00f6nnen Sie klare und hochwertige Videos f\u00fcr verschiedene Zwecke aufnehmen, z. B. f\u00fcr Videokonferenzen, Live-Streaming oder Videoaufnahmen.<\/p>\n<p>Diese Webcam wurde pr\u00e4zise gefertigt und erf\u00fcllt die hohen HP Qualit\u00e4tsstandards. Sie gew\u00e4hrleistet zuverl\u00e4ssige Leistung und eine nahtlose Integration in Ihr Elitebook. Sie bietet eine benutzerfreundliche Bedienung und erleichtert die visuelle Kommunikation mit Kollegen, Freunden oder Familie.<\/p>\n<p>Bei korrekter Installation stellt diese Ersatz-Webcam die volle Funktionalit\u00e4t der Webcam Ihres Laptops wieder her, sodass Sie sicher an Videokonferenzen teilnehmen oder Inhalte erstellen k\u00f6nnen. Es handelt sich um ein Originalprodukt von HP, das speziell f\u00fcr Kompatibilit\u00e4t und optimale Leistung entwickelt wurde.<\/p>\n<p>R\u00fcsten Sie Ihr HP Elitebook 8560p oder Elitebook 8570p mit der speziell f\u00fcr diese Modelle entwickelten Webcam 679152-340 auf und genie\u00dfen Sie hochwertige Videoaufnahmen f\u00fcr Ihre beruflichen und privaten Zwecke. Bitte beachten Sie, dass sich diese Beschreibung speziell auf die FRANKREICH-\/MwSt.-Variante des Produkts bezieht.<\/p>\n","protected":false},"excerpt":{"rendered":"<p>Die Webcam 679152-340 ist ein Original-Ersatz f\u00fcr HP Elitebook 8560p und Elitebook 8570p Laptops. Sie zeichnet klare Videos auf und sorgt f\u00fcr eine nahtlose Integration. R\u00fcsten Sie Ihren Laptop mit diesem originalen HP Produkt f\u00fcr zuverl\u00e4ssige Leistung auf. Bitte beachten Sie, dass diese Variante speziell f\u00fcr FRANKREICH (MwSt.) bestimmt ist.<\/p>\n","protected":false},"featured_media":7441,"template":"","meta":[],"product_brand":[],"product_cat":[59],"product_tag":[61],"class_list":{"0":"post-7377","1":"product","2":"type-product","3":"status-publish","4":"has-post-thumbnail","6":"product_cat-laptop-camera","7":"product_tag-hp","9":"first","10":"instock","11":"taxable","12":"shipping-taxable","13":"purchasable","14":"product-type-simple"},"_links":{"self":[{"href":"https:\/\/boreait.com\/de\/wp-json\/wp\/v2\/product\/7377","targetHints":{"allow":["GET"]}}],"collection":[{"href":"https:\/\/boreait.com\/de\/wp-json\/wp\/v2\/product"}],"about":[{"href":"https:\/\/boreait.com\/de\/wp-json\/wp\/v2\/types\/product"}],"wp:featuredmedia":[{"embeddable":true,"href":"https:\/\/boreait.com\/de\/wp-json\/wp\/v2\/media\/7441"}],"wp:attachment":[{"href":"https:\/\/boreait.com\/de\/wp-json\/wp\/v2\/media?parent=7377"}],"wp:term":[{"taxonomy":"product_brand","embeddable":true,"href":"https:\/\/boreait.com\/de\/wp-json\/wp\/v2\/product_brand?post=7377"},{"taxonomy":"product_cat","embeddable":true,"href":"https:\/\/boreait.com\/de\/wp-json\/wp\/v2\/product_cat?post=7377"},{"taxonomy":"product_tag","embeddable":true,"href":"https:\/\/boreait.com\/de\/wp-json\/wp\/v2\/product_tag?post=7377"}],"curies":[{"name":"wp","href":"https:\/\/api.w.org\/{rel}","templated":true}]}}