{"id":7376,"date":"2025-09-15T14:08:20","date_gmt":"2025-09-15T12:08:20","guid":{"rendered":"https:\/\/boreait.com\/de\/?post_type=product&#038;p=7376"},"modified":"2025-09-16T12:43:45","modified_gmt":"2025-09-16T10:43:45","slug":"displaykabel-bildschirm-led-bildschirmkabel-komp-fuer-p-n-350406b00-01s-g","status":"publish","type":"product","link":"https:\/\/boreait.com\/de\/produkt\/displaykabel-bildschirm-led-bildschirmkabel-komp-fuer-p-n-350406b00-01s-g\/","title":{"rendered":"Displaykabel Bildschirm LED-Bildschirmkabel Komp. f\u00fcr P\/N: 350406B00-01S-G"},"content":{"rendered":"<p>Das Displaykabel\/LED-Bildschirmkabel, kompatibel mit der Teilenummer 350406B00-01S-G, ist ein Original-Ersatzteil f\u00fcr bestimmte Ger\u00e4te. Es \u00fcbertr\u00e4gt das Videosignal vom Motherboard zum LED-Bildschirm und sorgt so f\u00fcr ein klares und lebendiges Display.<\/p>\n<p>Dieses hochwertig und pr\u00e4zise gefertigte Displaykabel gew\u00e4hrleistet eine zuverl\u00e4ssige und nahtlose Verbindung zwischen Motherboard und LED-Bildschirm. Es ist perfekt passend und bietet optimale Leistung, damit Sie die Bildqualit\u00e4t Ihres Ger\u00e4ts optimal genie\u00dfen k\u00f6nnen.<\/p>\n<p>Bei ordnungsgem\u00e4\u00dfer Installation stellt dieses Ersatzkabel die Funktionalit\u00e4t Ihres LED-Bildschirms wieder her und sorgt f\u00fcr ein gestochen scharfes und hochwertiges Display. Es handelt sich um ein Originalprodukt ohne Plagiate und Nachahmungen, das Kompatibilit\u00e4t und zuverl\u00e4ssige Leistung gew\u00e4hrleistet.<\/p>\n<p>R\u00fcsten Sie Ihr Ger\u00e4t mit dem Displaykabel\/LED-Bildschirmkabel, kompatibel mit der Teilenummer 350406B00-01S-G, auf und genie\u00dfen Sie ein verbessertes Bilderlebnis mit einem zuverl\u00e4ssigen und originalen Ersatzteil.<\/p>\n","protected":false},"excerpt":{"rendered":"<div class=\"group w-full text-gray-800 dark:text-gray-100 border-b border-black\/10 dark:border-gray-900\/50 bg-gray-50 dark:bg-[#444654]\">\n<div class=\"flex p-4 gap-4 text-base md:gap-6 md:max-w-2xl lg:max-w-[38rem] xl:max-w-3xl md:py-6 lg:px-0 m-auto\">\n<div class=\"relative flex w-[calc(100%-50px)] flex-col gap-1 md:gap-3 lg:w-[calc(100%-115px)]\">\n<div class=\"flex flex-grow flex-col gap-3\">\n<div class=\"min-h-[20px] flex flex-col items-start gap-4 whitespace-pre-wrap break-words\">\n<div class=\"markdown prose w-full break-words dark:prose-invert light\">\n<p>Das Displaykabel\/LED-Bildschirmkabel, kompatibel mit P\/N: 350406B00-01S-G, ist ein Original-Ersatzteil. Es gew\u00e4hrleistet zuverl\u00e4ssige Konnektivit\u00e4t und optimale Leistung und \u00fcbertr\u00e4gt Videosignale vom Motherboard zum LED-Bildschirm. Erleben Sie klare und lebendige Bilder mit diesem originalen und kompatiblen Kabel.<\/p>\n<\/div>\n<\/div>\n<\/div>\n<\/div>\n<\/div>\n","protected":false},"featured_media":7432,"template":"","meta":[],"product_brand":[],"product_cat":[56],"product_tag":[],"class_list":{"0":"post-7376","1":"product","2":"type-product","3":"status-publish","4":"has-post-thumbnail","6":"product_cat-cables","8":"first","9":"instock","10":"taxable","11":"shipping-taxable","12":"purchasable","13":"product-type-simple"},"_links":{"self":[{"href":"https:\/\/boreait.com\/de\/wp-json\/wp\/v2\/product\/7376","targetHints":{"allow":["GET"]}}],"collection":[{"href":"https:\/\/boreait.com\/de\/wp-json\/wp\/v2\/product"}],"about":[{"href":"https:\/\/boreait.com\/de\/wp-json\/wp\/v2\/types\/product"}],"wp:featuredmedia":[{"embeddable":true,"href":"https:\/\/boreait.com\/de\/wp-json\/wp\/v2\/media\/7432"}],"wp:attachment":[{"href":"https:\/\/boreait.com\/de\/wp-json\/wp\/v2\/media?parent=7376"}],"wp:term":[{"taxonomy":"product_brand","embeddable":true,"href":"https:\/\/boreait.com\/de\/wp-json\/wp\/v2\/product_brand?post=7376"},{"taxonomy":"product_cat","embeddable":true,"href":"https:\/\/boreait.com\/de\/wp-json\/wp\/v2\/product_cat?post=7376"},{"taxonomy":"product_tag","embeddable":true,"href":"https:\/\/boreait.com\/de\/wp-json\/wp\/v2\/product_tag?post=7376"}],"curies":[{"name":"wp","href":"https:\/\/api.w.org\/{rel}","templated":true}]}}