{"id":7372,"date":"2025-09-15T14:08:19","date_gmt":"2025-09-15T12:08:19","guid":{"rendered":"https:\/\/boreait.com\/de\/?post_type=product&#038;p=7372"},"modified":"2025-09-16T12:43:44","modified_gmt":"2025-09-16T10:43:44","slug":"hp-elitebook-8560p-kuehlkoerper-647604-001","status":"publish","type":"product","link":"https:\/\/boreait.com\/de\/produkt\/hp-elitebook-8560p-kuehlkoerper-647604-001\/","title":{"rendered":"HP Elitebook 8560p K\u00fchlk\u00f6rper 647604-001"},"content":{"rendered":"<p>Der HP Elitebook 8560p K\u00fchlk\u00f6rper 647604-001 ist ein originaler Ersatzk\u00fchlk\u00f6rper, der speziell f\u00fcr das HP Elitebook 8560p entwickelt wurde. Dieser hochwertige K\u00fchlk\u00f6rper tr\u00e4gt entscheidend zur optimalen Temperatur der internen Komponenten des Laptops bei und sorgt f\u00fcr effiziente und zuverl\u00e4ssige Leistung.<\/p>\n<p>Dieser K\u00fchlk\u00f6rper wurde pr\u00e4zise gefertigt und entspricht den HP Qualit\u00e4tsstandards. Er bietet nahtlose Kompatibilit\u00e4t und eine einfache Installation. Er ersetzt den Originalk\u00fchlk\u00f6rper Ihres HP Elitebook 8560p und garantiert so eine optimale W\u00e4rmeableitung und verhindert \u00dcberhitzungsprobleme.<\/p>\n<p>Der HP Elitebook 8560p K\u00fchlk\u00f6rper 647604-001 leitet die vom Prozessor, der Grafikkarte und anderen Komponenten des Laptops erzeugte W\u00e4rme effizient ab. Durch den Austausch Ihres alten oder defekten K\u00fchlk\u00f6rpers gegen diesen Originalk\u00fchlk\u00f6rper k\u00f6nnen Sie die Temperatur effektiv regulieren, thermische Drosselung verhindern und die Langlebigkeit Ihres Laptops gew\u00e4hrleisten.<\/p>\n<p>Mit dem Original-K\u00fchlk\u00f6rper 647604-001 f\u00fcr Ihr HP Elitebook 8560p sichern Sie sich zuverl\u00e4ssige Leistung und Kompatibilit\u00e4t. Dank seiner Originalit\u00e4t und der Einhaltung hoher Qualit\u00e4tsstandards ist er die ideale Wahl f\u00fcr alle, die einen zuverl\u00e4ssigen Ersatzk\u00fchlk\u00f6rper f\u00fcr die K\u00fchlung ihres Laptops suchen.<\/p>\n","protected":false},"excerpt":{"rendered":"<div class=\"group w-full text-gray-800 dark:text-gray-100 border-b border-black\/10 dark:border-gray-900\/50 bg-gray-50 dark:bg-[#444654]\">\n<div class=\"flex p-4 gap-4 text-base md:gap-6 md:max-w-2xl lg:max-w-[38rem] xl:max-w-3xl md:py-6 lg:px-0 m-auto\">\n<div class=\"relative flex w-[calc(100%-50px)] flex-col gap-1 md:gap-3 lg:w-[calc(100%-115px)]\">\n<div class=\"flex flex-grow flex-col gap-3\">\n<div class=\"min-h-[20px] flex flex-col items-start gap-4 whitespace-pre-wrap break-words\">\n<div class=\"markdown prose w-full break-words dark:prose-invert light\">\n<p>Der HP Elitebook 8560p K\u00fchlk\u00f6rper 647604-001 ist ein Originalersatzteil f\u00fcr die effiziente W\u00e4rmeableitung im HP Elitebook 8560p Laptop. Seine hochwertige Konstruktion gew\u00e4hrleistet zuverl\u00e4ssige Leistung und beugt \u00dcberhitzungsproblemen vor, wodurch eine optimale Systemleistung gew\u00e4hrleistet wird.<\/p>\n<\/div>\n<\/div>\n<\/div>\n<div class=\"flex justify-between lg:block\">\n<div class=\"text-gray-400 flex self-end lg:self-center justify-center mt-2 gap-2 md:gap-3 lg:gap-1 lg:absolute lg:top-0 lg:translate-x-full lg:right-0 lg:mt-0 lg:pl-2 visible\">\n<p>&nbsp;<\/p>\n<div class=\"flex gap-1\"><\/div>\n<\/div>\n<\/div>\n<\/div>\n<\/div>\n<\/div>\n","protected":false},"featured_media":7427,"template":"","meta":[],"product_brand":[],"product_cat":[69],"product_tag":[61],"class_list":{"0":"post-7372","1":"product","2":"type-product","3":"status-publish","4":"has-post-thumbnail","6":"product_cat-cpu-fans-heatsinks","7":"product_tag-hp","9":"first","10":"instock","11":"taxable","12":"shipping-taxable","13":"purchasable","14":"product-type-simple"},"_links":{"self":[{"href":"https:\/\/boreait.com\/de\/wp-json\/wp\/v2\/product\/7372","targetHints":{"allow":["GET"]}}],"collection":[{"href":"https:\/\/boreait.com\/de\/wp-json\/wp\/v2\/product"}],"about":[{"href":"https:\/\/boreait.com\/de\/wp-json\/wp\/v2\/types\/product"}],"wp:featuredmedia":[{"embeddable":true,"href":"https:\/\/boreait.com\/de\/wp-json\/wp\/v2\/media\/7427"}],"wp:attachment":[{"href":"https:\/\/boreait.com\/de\/wp-json\/wp\/v2\/media?parent=7372"}],"wp:term":[{"taxonomy":"product_brand","embeddable":true,"href":"https:\/\/boreait.com\/de\/wp-json\/wp\/v2\/product_brand?post=7372"},{"taxonomy":"product_cat","embeddable":true,"href":"https:\/\/boreait.com\/de\/wp-json\/wp\/v2\/product_cat?post=7372"},{"taxonomy":"product_tag","embeddable":true,"href":"https:\/\/boreait.com\/de\/wp-json\/wp\/v2\/product_tag?post=7372"}],"curies":[{"name":"wp","href":"https:\/\/api.w.org\/{rel}","templated":true}]}}