{"id":7338,"date":"2025-09-15T14:07:56","date_gmt":"2025-09-15T12:07:56","guid":{"rendered":"https:\/\/boreait.com\/de\/?post_type=product&#038;p=7338"},"modified":"2025-09-16T12:43:40","modified_gmt":"2025-09-16T10:43:40","slug":"lcd-rueckabdeckung-fuer-acer-aspire-v3-v3-531-v3-551-v3-571-v3-531g-v3-551g-v3-571g","status":"publish","type":"product","link":"https:\/\/boreait.com\/de\/produkt\/lcd-rueckabdeckung-fuer-acer-aspire-v3-v3-531-v3-551-v3-571-v3-531g-v3-551g-v3-571g\/","title":{"rendered":"LCD-R\u00fcckabdeckung f\u00fcr Acer Aspire V3 V3-531 V3-551 V3-571 V3-531G V3-551G V3-571G"},"content":{"rendered":"<p>Die LCD-R\u00fcckabdeckung f\u00fcr die Acer Aspire V3-Serie (V3-531, V3-551, V3-571, V3-531G, V3-551G und V3-571G) ist ein Bauteil, das die R\u00fcckseite des LCD-Bildschirms des Laptops abdeckt. Es sch\u00fctzt den LCD-Bildschirm und st\u00fctzt die Scharniere, die den Bildschirm mit der Basis des Laptops verbinden.<\/p>\n<p>Die R\u00fcckabdeckung besteht aus hochwertigem Kunststoff und ist in verschiedenen Farben erh\u00e4ltlich. Sie l\u00e4sst sich leicht anbringen und entfernen und ist daher praktisch f\u00fcr Nutzer, die den LCD-Bildschirm ihres Laptops austauschen oder aufr\u00fcsten m\u00fcssen.<\/p>\n<p>Insgesamt ist die LCD-R\u00fcckabdeckung f\u00fcr die Acer Aspire V3-Serie ein wichtiges Bauteil, das die Funktionalit\u00e4t und Haltbarkeit des Laptops verbessert und den LCD-Bildschirm sch\u00fctzt und st\u00fctzt.<\/p>\n","protected":false},"excerpt":{"rendered":"<div class=\"group w-full text-gray-800 dark:text-gray-100 border-b border-black\/10 dark:border-gray-900\/50 bg-gray-50 dark:bg-[#444654]\">\n<div class=\"flex p-4 gap-4 text-base md:gap-6 md:max-w-2xl lg:max-w-xl xl:max-w-3xl md:py-6 lg:px-0 m-auto\">\n<div class=\"relative flex w-[calc(100%-50px)] flex-col gap-1 md:gap-3 lg:w-[calc(100%-115px)]\">\n<div class=\"flex flex-grow flex-col gap-3\">\n<div class=\"min-h-[20px] flex flex-col items-start gap-4 whitespace-pre-wrap break-words\">\n<div class=\"markdown prose w-full break-words dark:prose-invert light\">\n<p>Die LCD-R\u00fcckabdeckung f\u00fcr die Acer Aspire V3-Serie (V3-531, V3-551, V3-571, V3-531G, V3-551G und V3-571G) ist ein Kunststoffteil, das die R\u00fcckseite des LCD-Bildschirms abdeckt. Es bietet Schutz und Halt f\u00fcr den LCD-Bildschirm und ist in verschiedenen Farben erh\u00e4ltlich. Die R\u00fcckabdeckung l\u00e4sst sich einfach anbringen und entfernen und ist somit praktisch f\u00fcr Nutzer, die den LCD-Bildschirm ihres Laptops austauschen oder aufr\u00fcsten m\u00fcssen. Insgesamt ist die LCD-R\u00fcckabdeckung ein wesentliches Bauteil, das die Funktionalit\u00e4t und Haltbarkeit der Laptops der Acer Aspire V3-Serie verbessert.<\/p>\n<\/div>\n<\/div>\n<\/div>\n<div class=\"flex justify-between lg:block\">\n<div class=\"text-gray-400 flex self-end lg:self-center justify-center mt-2 gap-2 md:gap-3 lg:gap-1 lg:absolute lg:top-0 lg:translate-x-full lg:right-0 lg:mt-0 lg:pl-2 visible\">\n<p>&nbsp;<\/p>\n<div class=\"flex gap-1\"><\/div>\n<\/div>\n<\/div>\n<\/div>\n<\/div>\n<\/div>\n","protected":false},"featured_media":7389,"template":"","meta":[],"product_brand":[],"product_cat":[52],"product_tag":[65],"class_list":{"0":"post-7338","1":"product","2":"type-product","3":"status-publish","4":"has-post-thumbnail","6":"product_cat-laptop-housing","7":"product_tag-acer","9":"first","10":"instock","11":"taxable","12":"shipping-taxable","13":"purchasable","14":"product-type-simple"},"_links":{"self":[{"href":"https:\/\/boreait.com\/de\/wp-json\/wp\/v2\/product\/7338","targetHints":{"allow":["GET"]}}],"collection":[{"href":"https:\/\/boreait.com\/de\/wp-json\/wp\/v2\/product"}],"about":[{"href":"https:\/\/boreait.com\/de\/wp-json\/wp\/v2\/types\/product"}],"wp:featuredmedia":[{"embeddable":true,"href":"https:\/\/boreait.com\/de\/wp-json\/wp\/v2\/media\/7389"}],"wp:attachment":[{"href":"https:\/\/boreait.com\/de\/wp-json\/wp\/v2\/media?parent=7338"}],"wp:term":[{"taxonomy":"product_brand","embeddable":true,"href":"https:\/\/boreait.com\/de\/wp-json\/wp\/v2\/product_brand?post=7338"},{"taxonomy":"product_cat","embeddable":true,"href":"https:\/\/boreait.com\/de\/wp-json\/wp\/v2\/product_cat?post=7338"},{"taxonomy":"product_tag","embeddable":true,"href":"https:\/\/boreait.com\/de\/wp-json\/wp\/v2\/product_tag?post=7338"}],"curies":[{"name":"wp","href":"https:\/\/api.w.org\/{rel}","templated":true}]}}