{"id":7335,"date":"2025-09-15T14:07:56","date_gmt":"2025-09-15T12:07:56","guid":{"rendered":"https:\/\/boreait.com\/de\/?post_type=product&#038;p=7335"},"modified":"2025-09-16T12:43:40","modified_gmt":"2025-09-16T10:43:40","slug":"toshiba-satellite-l70-c-l70-c-106-l75-basis-unteres-chassis-h000081930-j0115-b06","status":"publish","type":"product","link":"https:\/\/boreait.com\/de\/produkt\/toshiba-satellite-l70-c-l70-c-106-l75-basis-unteres-chassis-h000081930-j0115-b06\/","title":{"rendered":"Toshiba Satellite L70-C L70-C-106 L75 Basis Unteres Chassis H000081930 (J0115) B06"},"content":{"rendered":"<p>Das Toshiba Satellite L70-C, L70-C-106 und L75 Untergeh\u00e4use H000081930 (J0115) B06 ist ein Original-Ersatzteil f\u00fcr das Untergeh\u00e4use der oben genannten Laptop-Modelle. Es wird von Toshiba hergestellt und ist perfekt auf die Laptops L70-C, L70-C-106 und L75 abgestimmt. Das Geh\u00e4use besteht aus hochwertigen Materialien und ist f\u00fcr den harten Alltagsgebrauch ausgelegt.<\/p>\n<p>Das Untergeh\u00e4use H000081930 (J0115) B06 ist einfach zu installieren und wird mit allen notwendigen Komponenten f\u00fcr einen schnellen und unkomplizierten Austausch geliefert. Da es sich um ein Original-Toshiba-Teil handelt, k\u00f6nnen Sie sicher sein, dass es perfekt mit Ihrem Laptop funktioniert und die gleiche Leistung und Zuverl\u00e4ssigkeit wie das Originalgeh\u00e4use bietet.<\/p>\n<p>Mit diesem Ersatzteil stellen Sie die Funktionalit\u00e4t Ihres Toshiba Satellite Laptops wieder her und k\u00f6nnen ohne Verz\u00f6gerungen weiterarbeiten oder Ihre Freizeit genie\u00dfen. Egal, ob Sie ein zuverl\u00e4ssiges Notebook f\u00fcr die Arbeit oder ein Studium ben\u00f6tigen \u2013 das Toshiba Satellite L70-C, L70-C-106 und L75 Base Bottom Chassis H000081930 (J0115) B06 ist eine ausgezeichnete Wahl, um die Langlebigkeit und Leistung Ihres Laptops zu erhalten.<\/p>\n","protected":false},"excerpt":{"rendered":"<p>Das Toshiba Satellite L70-C, L70-C-106 und L75 Untergeh\u00e4use H000081930 (J0115) B06 ist ein Original-Ersatzteil, das perfekt zum Untergeh\u00e4use der Toshiba Satellite L70-C, L70-C-106 und L75 Laptops passt. Hergestellt aus hochwertigen Materialien, ist dieses Ersatzteil einfach zu installieren und bietet die gleiche Leistung und Zuverl\u00e4ssigkeit wie das Originalgeh\u00e4use. Mit dem H000081930 (J0115) B06 Untergeh\u00e4use k\u00f6nnen Sie die Funktionalit\u00e4t Ihres Laptops schnell wiederherstellen und ohne Verz\u00f6gerungen weiterarbeiten oder Ihre Freizeit genie\u00dfen.<\/p>\n","protected":false},"featured_media":7385,"template":"","meta":[],"product_brand":[],"product_cat":[52],"product_tag":[70],"class_list":{"0":"post-7335","1":"product","2":"type-product","3":"status-publish","4":"has-post-thumbnail","6":"product_cat-laptop-housing","7":"product_tag-toshiba","9":"first","10":"instock","11":"taxable","12":"shipping-taxable","13":"purchasable","14":"product-type-simple"},"_links":{"self":[{"href":"https:\/\/boreait.com\/de\/wp-json\/wp\/v2\/product\/7335","targetHints":{"allow":["GET"]}}],"collection":[{"href":"https:\/\/boreait.com\/de\/wp-json\/wp\/v2\/product"}],"about":[{"href":"https:\/\/boreait.com\/de\/wp-json\/wp\/v2\/types\/product"}],"wp:featuredmedia":[{"embeddable":true,"href":"https:\/\/boreait.com\/de\/wp-json\/wp\/v2\/media\/7385"}],"wp:attachment":[{"href":"https:\/\/boreait.com\/de\/wp-json\/wp\/v2\/media?parent=7335"}],"wp:term":[{"taxonomy":"product_brand","embeddable":true,"href":"https:\/\/boreait.com\/de\/wp-json\/wp\/v2\/product_brand?post=7335"},{"taxonomy":"product_cat","embeddable":true,"href":"https:\/\/boreait.com\/de\/wp-json\/wp\/v2\/product_cat?post=7335"},{"taxonomy":"product_tag","embeddable":true,"href":"https:\/\/boreait.com\/de\/wp-json\/wp\/v2\/product_tag?post=7335"}],"curies":[{"name":"wp","href":"https:\/\/api.w.org\/{rel}","templated":true}]}}