{"id":7333,"date":"2025-09-15T14:07:56","date_gmt":"2025-09-15T12:07:56","guid":{"rendered":"https:\/\/boreait.com\/de\/?post_type=product&#038;p=7333"},"modified":"2026-01-14T08:06:46","modified_gmt":"2026-01-14T07:06:46","slug":"fujitsu-hp-wlan-intel-7260hmw-717381-001-717384-001-717382-001-784641-001-bt","status":"publish","type":"product","link":"https:\/\/boreait.com\/de\/produkt\/fujitsu-hp-wlan-intel-7260hmw-717381-001-717384-001-717382-001-784641-001-bt\/","title":{"rendered":"Fujitsu \/ HP WLAN Intel 7260HMW 717381-001 717384-001 717382-001 784641-001 BT"},"content":{"rendered":"<p>Der Fujitsu \/ HP WiFi Intel 7260HMW 717381-001 717384-001 717382-001 784641-001 BT ist ein WLAN-Adapter f\u00fcr Laptops und andere Ger\u00e4te mit PCI Express Mini Card-Unterst\u00fctzung. Er bietet Hochgeschwindigkeits-WLAN und Bluetooth-Funktionalit\u00e4t und erm\u00f6glicht so die drahtlose Verbindung mit dem Internet und anderen Bluetooth-Ger\u00e4ten.<\/p>\n<p>Mit erweiterten Funktionen wie Dualband-Unterst\u00fctzung, Intel Wireless Display (WiDi)-Technologie und Bluetooth 4.0 ist der Fujitsu \/ HP WiFi Intel 7260HMW 717381-001 717384-001 717382-001 784641-001 BT eine zuverl\u00e4ssige und effiziente L\u00f6sung f\u00fcr Anwender, die eine schnelle und nahtlose WLAN-Verbindung ben\u00f6tigen.<\/p>\n<p>Die Installation des Fujitsu \/ HP WiFi Intel 7260HMW 717381-001 717384-001 717382-001 784641-001 BT ist einfach und er ist mit einer Vielzahl von Laptops und anderen Ger\u00e4ten kompatibel. Das macht ihn zu einer vielseitigen und praktischen Option f\u00fcr Nutzer, die drahtlose Konnektivit\u00e4t und Bluetooth-Funktionalit\u00e4t in ihren Ger\u00e4ten ben\u00f6tigen.<\/p>\n","protected":false},"excerpt":{"rendered":"<p>Der Fujitsu \/ HP WiFi Intel 7260HMW 717381-001 717384-001 717382-001 784641-001 BT ist ein WLAN-Adapter f\u00fcr Laptops und andere Ger\u00e4te mit PCI Express Mini Card-Unterst\u00fctzung. Dieser Adapter erm\u00f6glicht schnelle WLAN-Verbindungen und Bluetooth-Funktionalit\u00e4t und erm\u00f6glicht so die drahtlose Verbindung mit dem Internet und anderen Bluetooth-Ger\u00e4ten.<\/p>\n<p>Der Fujitsu \/ HP WiFi Intel 7260HMW 717381-001 717384-001 717382-001 784641-001 BT ist eine zuverl\u00e4ssige und effiziente L\u00f6sung f\u00fcr Anwender, die eine schnelle WLAN-Verbindung ben\u00f6tigen. Dank seiner fortschrittlichen Funktionen wie Dualband-Unterst\u00fctzung, Intel Wireless Display (WiDi)-Technologie und Bluetooth 4.0 bietet dieser Adapter schnelle und nahtlose Konnektivit\u00e4t.<\/p>\n<p>Die Installation des Fujitsu \/ HP WiFi Intel 7260HMW 717381-001 717384-001 717382-001 784641-001 BT ist einfach und erfordert nur minimale technische Kenntnisse. Dieser Adapter ist mit einer Vielzahl von Laptops und anderen Ger\u00e4ten kompatibel und stellt somit eine vielseitige und praktische L\u00f6sung f\u00fcr Anwender dar, die drahtlose Konnektivit\u00e4t und Bluetooth-Funktionalit\u00e4t ben\u00f6tigen.<\/p>\n","protected":false},"featured_media":7383,"template":"","meta":[],"product_brand":[],"product_cat":[63],"product_tag":[64,61],"class_list":{"0":"post-7333","1":"product","2":"type-product","3":"status-publish","4":"has-post-thumbnail","6":"product_cat-motherboards-board-parts","7":"product_tag-fujitsu","8":"product_tag-hp","10":"first","11":"instock","12":"taxable","13":"shipping-taxable","14":"purchasable","15":"product-type-simple"},"_links":{"self":[{"href":"https:\/\/boreait.com\/de\/wp-json\/wp\/v2\/product\/7333","targetHints":{"allow":["GET"]}}],"collection":[{"href":"https:\/\/boreait.com\/de\/wp-json\/wp\/v2\/product"}],"about":[{"href":"https:\/\/boreait.com\/de\/wp-json\/wp\/v2\/types\/product"}],"wp:featuredmedia":[{"embeddable":true,"href":"https:\/\/boreait.com\/de\/wp-json\/wp\/v2\/media\/7383"}],"wp:attachment":[{"href":"https:\/\/boreait.com\/de\/wp-json\/wp\/v2\/media?parent=7333"}],"wp:term":[{"taxonomy":"product_brand","embeddable":true,"href":"https:\/\/boreait.com\/de\/wp-json\/wp\/v2\/product_brand?post=7333"},{"taxonomy":"product_cat","embeddable":true,"href":"https:\/\/boreait.com\/de\/wp-json\/wp\/v2\/product_cat?post=7333"},{"taxonomy":"product_tag","embeddable":true,"href":"https:\/\/boreait.com\/de\/wp-json\/wp\/v2\/product_tag?post=7333"}],"curies":[{"name":"wp","href":"https:\/\/api.w.org\/{rel}","templated":true}]}}