{"id":7299,"date":"2025-09-15T14:07:32","date_gmt":"2025-09-15T12:07:32","guid":{"rendered":"https:\/\/boreait.com\/de\/?post_type=product&#038;p=7299"},"modified":"2025-09-16T12:43:38","modified_gmt":"2025-09-16T10:43:38","slug":"cpu-kuehlkoerper-dsc-n17pq317-fuer-hp-zbook-17-g4-922844-001-at1rw0030a0","status":"publish","type":"product","link":"https:\/\/boreait.com\/de\/produkt\/cpu-kuehlkoerper-dsc-n17pq317-fuer-hp-zbook-17-g4-922844-001-at1rw0030a0\/","title":{"rendered":"CPU-K\u00fchlk\u00f6rper DSC N17PQ317 F\u00fcr HP Zbook 17 G4 922844-001 AT1RW0030A0"},"content":{"rendered":"<p>Der CPU-K\u00fchlk\u00f6rper DSC N17PQ317 ist eine f\u00fcr das HP Zbook 17 G4 entwickelte Komponente. Seine Hauptfunktion besteht darin, die von der CPU des Laptops erzeugte W\u00e4rme abzuleiten, die bei l\u00e4ngerem Gebrauch sehr hei\u00df werden kann. Der K\u00fchlk\u00f6rper leitet die W\u00e4rme von der CPU ab und verteilt sie \u00fcber die K\u00fchlrippen, wo sie durch den Luftstrom des L\u00fcfters abgeleitet werden kann. Dieser K\u00fchlk\u00f6rper wird von DSC hergestellt und hat die Teilenummer AT1RW0030A0 (HP 922844-001). Es handelt sich um eine hochwertige Komponente zur effizienten K\u00fchlung der CPU des HP Zbook 17 G4.<\/p>\n","protected":false},"excerpt":{"rendered":"<p>Der CPU-K\u00fchlk\u00f6rper DSC N17PQ317 ist ein Ersatzteil f\u00fcr das HP Zbook 17 G4. Er leitet die W\u00e4rme von der CPU ab, um \u00dcberhitzung zu vermeiden und optimale Leistung zu gew\u00e4hrleisten. Die Teilenummer dieses K\u00fchlk\u00f6rpers lautet 922844-001, die Hersteller-Teilenummer AT1RW0030A0.<\/p>\n","protected":false},"featured_media":7353,"template":"","meta":[],"product_brand":[],"product_cat":[69],"product_tag":[61],"class_list":{"0":"post-7299","1":"product","2":"type-product","3":"status-publish","4":"has-post-thumbnail","6":"product_cat-cpu-fans-heatsinks","7":"product_tag-hp","9":"first","10":"instock","11":"taxable","12":"shipping-taxable","13":"purchasable","14":"product-type-simple"},"_links":{"self":[{"href":"https:\/\/boreait.com\/de\/wp-json\/wp\/v2\/product\/7299","targetHints":{"allow":["GET"]}}],"collection":[{"href":"https:\/\/boreait.com\/de\/wp-json\/wp\/v2\/product"}],"about":[{"href":"https:\/\/boreait.com\/de\/wp-json\/wp\/v2\/types\/product"}],"wp:featuredmedia":[{"embeddable":true,"href":"https:\/\/boreait.com\/de\/wp-json\/wp\/v2\/media\/7353"}],"wp:attachment":[{"href":"https:\/\/boreait.com\/de\/wp-json\/wp\/v2\/media?parent=7299"}],"wp:term":[{"taxonomy":"product_brand","embeddable":true,"href":"https:\/\/boreait.com\/de\/wp-json\/wp\/v2\/product_brand?post=7299"},{"taxonomy":"product_cat","embeddable":true,"href":"https:\/\/boreait.com\/de\/wp-json\/wp\/v2\/product_cat?post=7299"},{"taxonomy":"product_tag","embeddable":true,"href":"https:\/\/boreait.com\/de\/wp-json\/wp\/v2\/product_tag?post=7299"}],"curies":[{"name":"wp","href":"https:\/\/api.w.org\/{rel}","templated":true}]}}