{"id":7298,"date":"2025-09-15T14:07:32","date_gmt":"2025-09-15T12:07:32","guid":{"rendered":"https:\/\/boreait.com\/de\/?post_type=product&#038;p=7298"},"modified":"2026-01-14T08:03:33","modified_gmt":"2026-01-14T07:03:33","slug":"samsung-1gb-2rx16-pc2-6400s-666-12-a3-laptop-ram-speicher","status":"publish","type":"product","link":"https:\/\/boreait.com\/de\/produkt\/samsung-1gb-2rx16-pc2-6400s-666-12-a3-laptop-ram-speicher\/","title":{"rendered":"Samsung 1gb 2rx16 Pc2-6400s-666-12-a3 Laptop RAM Speicher"},"content":{"rendered":"<p>Das Samsung 1 GB 2Rx16 PC2-6400S-666-12-A3 ist ein DDR2 SODIMM RAM-Modul f\u00fcr den Einsatz in Laptops. Es hat eine Kapazit\u00e4t von 1 GB und arbeitet mit einer Taktfrequenz von 800 MHz und einer Latenz von CL6. Die 2Rx16-Konfiguration bedeutet, dass 16 Speicherchips in zwei Reihen auf jeder Seite des Moduls angeordnet sind. Es arbeitet mit einer Spannung von 1,8 V und ist mit Systemen kompatibel, die DDR2-Speicher unterst\u00fctzen. Dieses Modul eignet sich ideal zum Aufr\u00fcsten oder Ersetzen des vorhandenen Arbeitsspeichers in Ihrem Laptop, um dessen Gesamtleistung zu verbessern.<\/p>\n","protected":false},"excerpt":{"rendered":"<p>Das Samsung 1 GB 2RX16 PC2-6400S-666-12-A3 ist ein Laptop-Speichermodul mit einer Taktfrequenz von 800 MHz (PC2-6400) und basiert auf DDR2-Technologie. Der RAM verf\u00fcgt \u00fcber einen 200-poligen SODIMM-Formfaktor und ist daher mit Laptops und anderen mobilen Ger\u00e4ten kompatibel. Das Modul hat eine CAS-Latenz von 6 und eine Nennspannung von 1,8 V. Es bietet schnelle und zuverl\u00e4ssige Leistung und eignet sich daher f\u00fcr die Aufr\u00fcstung \u00e4lterer Laptops, die DDR2-Speicher ben\u00f6tigen.<\/p>\n","protected":false},"featured_media":7352,"template":"","meta":[],"product_brand":[],"product_cat":[77,72],"product_tag":[],"class_list":{"0":"post-7298","1":"product","2":"type-product","3":"status-publish","4":"has-post-thumbnail","6":"product_cat-ddr2","7":"product_cat-ram-memory","9":"first","10":"instock","11":"taxable","12":"shipping-taxable","13":"purchasable","14":"product-type-simple"},"_links":{"self":[{"href":"https:\/\/boreait.com\/de\/wp-json\/wp\/v2\/product\/7298","targetHints":{"allow":["GET"]}}],"collection":[{"href":"https:\/\/boreait.com\/de\/wp-json\/wp\/v2\/product"}],"about":[{"href":"https:\/\/boreait.com\/de\/wp-json\/wp\/v2\/types\/product"}],"wp:featuredmedia":[{"embeddable":true,"href":"https:\/\/boreait.com\/de\/wp-json\/wp\/v2\/media\/7352"}],"wp:attachment":[{"href":"https:\/\/boreait.com\/de\/wp-json\/wp\/v2\/media?parent=7298"}],"wp:term":[{"taxonomy":"product_brand","embeddable":true,"href":"https:\/\/boreait.com\/de\/wp-json\/wp\/v2\/product_brand?post=7298"},{"taxonomy":"product_cat","embeddable":true,"href":"https:\/\/boreait.com\/de\/wp-json\/wp\/v2\/product_cat?post=7298"},{"taxonomy":"product_tag","embeddable":true,"href":"https:\/\/boreait.com\/de\/wp-json\/wp\/v2\/product_tag?post=7298"}],"curies":[{"name":"wp","href":"https:\/\/api.w.org\/{rel}","templated":true}]}}