{"id":7259,"date":"2025-09-15T14:07:07","date_gmt":"2025-09-15T12:07:07","guid":{"rendered":"https:\/\/boreait.com\/de\/?post_type=product&#038;p=7259"},"modified":"2025-09-16T12:43:35","modified_gmt":"2025-09-16T10:43:35","slug":"dc-in-kabel-dell-latitude-e6520-20np9-powerjack","status":"publish","type":"product","link":"https:\/\/boreait.com\/de\/produkt\/dc-in-kabel-dell-latitude-e6520-20np9-powerjack\/","title":{"rendered":"DC-IN-Kabel &#8211; Dell Latitude E6520 20NP9 &#8211; Powerjack"},"content":{"rendered":"<p>Das DC-IN-Kabel f\u00fcr die Strombuchse \u2013 E6520 20NP9 ist ein Originalteil von Dell und wurde speziell f\u00fcr das Latitude E6520 entwickelt. Dieses Kabel verbindet das Netzteil mit der Hauptplatine des Laptops und erm\u00f6glicht so das Laden des Akkus und die Stromversorgung des Ger\u00e4ts. Das Kabel besteht aus hochwertigen Materialien, die f\u00fcr Langlebigkeit und dauerhafte Leistung sorgen. Das flexible Design erm\u00f6glicht eine einfache Installation und Handhabung. Dieses DC-IN-Kabel ist ein wesentlicher Bestandteil des Ladesystems des Laptops. Ein defektes Kabel kann Lade- oder Stromversorgungsprobleme verursachen. Mit diesem Ersatzteil stellen Benutzer sicher, dass ihre Latitude E6520-Laptops zuverl\u00e4ssig und konstant mit Strom versorgt werden und unterbrechungsfrei arbeiten und ihr Ger\u00e4t nutzen k\u00f6nnen.<\/p>\n","protected":false},"excerpt":{"rendered":"<p>Das DC-IN-Kabel \u2013 E6520 20NP9 ist ein Dell-Teil, das speziell f\u00fcr den Latitude E6520 entwickelt wurde. Es verbindet das Netzteil mit der Hauptplatine des Laptops und erm\u00f6glicht so das Laden des Akkus und die Stromversorgung des Ger\u00e4ts. Es besteht aus hochwertigen Materialien, die f\u00fcr Langlebigkeit und Haltbarkeit sorgen. Das flexible Design des Kabels erleichtert die Installation und Handhabung. Ein defektes DC-IN-Kabel kann Lade- und Stromversorgungsprobleme verursachen, weshalb dieses Teil ein wesentlicher Bestandteil des Ladesystems des Laptops ist. Mit diesem Teil stellen Benutzer sicher, dass ihr Latitude E6520-Laptop zuverl\u00e4ssig und konstant mit Strom versorgt wird, sodass sie ohne Unterbrechungen arbeiten und ihr Ger\u00e4t nutzen k\u00f6nnen.<\/p>\n","protected":false},"featured_media":7318,"template":"","meta":[],"product_brand":[],"product_cat":[56],"product_tag":[53],"class_list":{"0":"post-7259","1":"product","2":"type-product","3":"status-publish","4":"has-post-thumbnail","6":"product_cat-cables","7":"product_tag-dell","9":"first","10":"instock","11":"taxable","12":"shipping-taxable","13":"purchasable","14":"product-type-simple"},"_links":{"self":[{"href":"https:\/\/boreait.com\/de\/wp-json\/wp\/v2\/product\/7259","targetHints":{"allow":["GET"]}}],"collection":[{"href":"https:\/\/boreait.com\/de\/wp-json\/wp\/v2\/product"}],"about":[{"href":"https:\/\/boreait.com\/de\/wp-json\/wp\/v2\/types\/product"}],"wp:featuredmedia":[{"embeddable":true,"href":"https:\/\/boreait.com\/de\/wp-json\/wp\/v2\/media\/7318"}],"wp:attachment":[{"href":"https:\/\/boreait.com\/de\/wp-json\/wp\/v2\/media?parent=7259"}],"wp:term":[{"taxonomy":"product_brand","embeddable":true,"href":"https:\/\/boreait.com\/de\/wp-json\/wp\/v2\/product_brand?post=7259"},{"taxonomy":"product_cat","embeddable":true,"href":"https:\/\/boreait.com\/de\/wp-json\/wp\/v2\/product_cat?post=7259"},{"taxonomy":"product_tag","embeddable":true,"href":"https:\/\/boreait.com\/de\/wp-json\/wp\/v2\/product_tag?post=7259"}],"curies":[{"name":"wp","href":"https:\/\/api.w.org\/{rel}","templated":true}]}}