{"id":7236,"date":"2025-09-15T14:06:44","date_gmt":"2025-09-15T12:06:44","guid":{"rendered":"https:\/\/boreait.com\/de\/?post_type=product&#038;p=7236"},"modified":"2025-09-16T12:43:35","modified_gmt":"2025-09-16T10:43:35","slug":"kamera-webcam-cn-0cj3p2-cj3p2-fuer-dell-e5420-e6420-e5520-e6520-m6600-m4600","status":"publish","type":"product","link":"https:\/\/boreait.com\/de\/produkt\/kamera-webcam-cn-0cj3p2-cj3p2-fuer-dell-e5420-e6420-e5520-e6520-m6600-m4600\/","title":{"rendered":"Kamera &#8211; Webcam CN-0CJ3P2 CJ3P2 F\u00fcr Dell E5420 E6420 E5520 E6520 M6600 M4600"},"content":{"rendered":"<p>Kamera \u2013 Webcam CN-0CJ3P2 CJ3P2 f\u00fcr Dell E5420 E6420 E5520 E6520 M6600 M4600.<\/p>\n","protected":false},"excerpt":{"rendered":"<p>CN-0CJ3P2 oder CJ3P2 ist eine Dell-Teilenummer f\u00fcr ein Motherboard, das in verschiedenen Dell-Laptopmodellen verwendet wird, darunter E5420, E6420, E5520, E6520, M6600 und M4600. Es handelt sich um eine wesentliche Komponente, die verschiedene wichtige Teile des Laptops wie CPU, RAM und andere Anschl\u00fcsse beherbergt. Dieses Teil wurde speziell f\u00fcr Dell-Laptops entwickelt und ist m\u00f6glicherweise nicht mit anderen Modellen oder Marken kompatibel.<\/p>\n","protected":false},"featured_media":7315,"template":"","meta":[],"product_brand":[],"product_cat":[59],"product_tag":[53],"class_list":{"0":"post-7236","1":"product","2":"type-product","3":"status-publish","4":"has-post-thumbnail","6":"product_cat-laptop-camera","7":"product_tag-dell","9":"first","10":"instock","11":"taxable","12":"shipping-taxable","13":"purchasable","14":"product-type-simple"},"_links":{"self":[{"href":"https:\/\/boreait.com\/de\/wp-json\/wp\/v2\/product\/7236","targetHints":{"allow":["GET"]}}],"collection":[{"href":"https:\/\/boreait.com\/de\/wp-json\/wp\/v2\/product"}],"about":[{"href":"https:\/\/boreait.com\/de\/wp-json\/wp\/v2\/types\/product"}],"wp:featuredmedia":[{"embeddable":true,"href":"https:\/\/boreait.com\/de\/wp-json\/wp\/v2\/media\/7315"}],"wp:attachment":[{"href":"https:\/\/boreait.com\/de\/wp-json\/wp\/v2\/media?parent=7236"}],"wp:term":[{"taxonomy":"product_brand","embeddable":true,"href":"https:\/\/boreait.com\/de\/wp-json\/wp\/v2\/product_brand?post=7236"},{"taxonomy":"product_cat","embeddable":true,"href":"https:\/\/boreait.com\/de\/wp-json\/wp\/v2\/product_cat?post=7236"},{"taxonomy":"product_tag","embeddable":true,"href":"https:\/\/boreait.com\/de\/wp-json\/wp\/v2\/product_tag?post=7236"}],"curies":[{"name":"wp","href":"https:\/\/api.w.org\/{rel}","templated":true}]}}