{"id":7233,"date":"2025-09-15T14:06:44","date_gmt":"2025-09-15T12:06:44","guid":{"rendered":"https:\/\/boreait.com\/de\/?post_type=product&#038;p=7233"},"modified":"2025-09-16T12:43:35","modified_gmt":"2025-09-16T10:43:35","slug":"dell-latitude-e6420-14-lautsprecher-l-r-0t3my1-pk23000e900","status":"publish","type":"product","link":"https:\/\/boreait.com\/de\/produkt\/dell-latitude-e6420-14-lautsprecher-l-r-0t3my1-pk23000e900\/","title":{"rendered":"Dell Latitude E6420 14&#8243; Lautsprecher L + R 0T3MY1 PK23000E900"},"content":{"rendered":"<p>Die Dell Latitude E6420 14\u2033 Lautsprecher L + R 0T3MY1 PK23000E900 sind ein Satz Original-Ersatzlautsprecher (OEM), die speziell f\u00fcr das Dell Latitude E6420 entwickelt wurden. Die Lautsprecher liefern klaren, hochwertigen Stereoklang und befinden sich links und rechts am Laptop. Sie sind einfach zu installieren und werden \u00fcber eine standardm\u00e4\u00dfige 3,5-mm-Audiobuchse mit dem Audiosystem des Laptops verbunden.<\/p>\n<p>Die Dell Latitude E6420 14\u2033 Lautsprecher L + R 0T3MY1 PK23000E900 werden aus hochwertigen Materialien gefertigt und sind auf Langlebigkeit ausgelegt. Sie sind der ideale Ersatz f\u00fcr besch\u00e4digte oder defekte Lautsprecher und k\u00f6nnen die Gesamtklangleistung des Laptops verbessern.<\/p>\n<p>Die Lautsprecher haben eine Nennleistung von 2 Watt und eine Impedanz von 4 Ohm und bieten ausreichend Lautst\u00e4rke und Klarheit f\u00fcr eine Vielzahl von Audioanforderungen. Die Lautsprecher sind au\u00dferdem mit einer Reihe von Betriebssystemen und Audiosoftware kompatibel und somit eine vielseitige Upgrade-Option f\u00fcr Nutzer des Dell Latitude E6420 Laptops.<\/p>\n<p>Insgesamt sind die 14-Zoll-Lautsprecher L + R 0T3MY1 PK23000E900 des Dell Latitude E6420 ein hochwertiger und zuverl\u00e4ssiger Ersatz f\u00fcr die Originallautsprecher des Dell Latitude E6420 Laptops. Sie liefern klaren und kraftvollen Klang und verbessern so das Klangerlebnis des Nutzers.<\/p>\n","protected":false},"excerpt":{"rendered":"<div class=\"group w-full text-gray-800 dark:text-gray-100 border-b border-black\/10 dark:border-gray-900\/50 bg-gray-50 dark:bg-[#444654]\">\n<div class=\"text-base gap-4 md:gap-6 md:max-w-2xl lg:max-w-xl xl:max-w-3xl p-4 md:py-6 flex lg:px-0 m-auto\">\n<div class=\"relative flex w-[calc(100%-50px)] flex-col gap-1 md:gap-3 lg:w-[calc(100%-115px)]\">\n<div class=\"flex flex-grow flex-col gap-3\">\n<div class=\"min-h-[20px] flex flex-col items-start gap-4 whitespace-pre-wrap\">\n<div class=\"markdown prose w-full break-words dark:prose-invert light\">\n<p>Die Dell Latitude E6420 14&#8243; Lautsprecher L + R 0T3MY1 PK23000E900 sind hochwertige Stereolautsprecher f\u00fcr das Dell Latitude E6420. Die Lautsprecher befinden sich an beiden Seiten des Laptops und liefern klaren, kraftvollen Klang. Sie sind einfach zu installieren und \u00fcber eine standardm\u00e4\u00dfige 3,5-mm-Audiobuchse mit dem Audiosystem des Laptops zu verbinden. Die Lautsprecher bestehen aus hochwertigen Materialien und sind auf Langlebigkeit ausgelegt. Die Dell Latitude E6420 14&#8243; Lautsprecher L + R 0T3MY1 PK23000E900 sind ein hervorragendes Upgrade f\u00fcr alle, die die Audioleistung ihres Laptops verbessern m\u00f6chten.<\/p>\n<\/div>\n<\/div>\n<\/div>\n<div class=\"flex justify-between lg:block\">\n<div class=\"text-gray-400 flex self-end lg:self-center justify-center mt-2 gap-2 md:gap-3 lg:gap-1 lg:absolute lg:top-0 lg:translate-x-full lg:right-0 lg:mt-0 lg:pl-2 visible\"><\/div>\n<\/div>\n<\/div>\n<\/div>\n<\/div>\n<div class=\"group w-full text-gray-800 dark:text-gray-100 border-b border-black\/10 dark:border-gray-900\/50 dark:bg-gray-800\">\n<div class=\"text-base gap-4 md:gap-6 md:max-w-2xl lg:max-w-xl xl:max-w-3xl p-4 md:py-6 flex lg:px-0 m-auto\">\n<div class=\"w-[30px] flex flex-col relative items-end\">\n<div class=\"relative flex\"><\/div>\n<\/div>\n<\/div>\n<\/div>\n","protected":false},"featured_media":7309,"template":"","meta":[],"product_brand":[],"product_cat":[54],"product_tag":[53],"class_list":{"0":"post-7233","1":"product","2":"type-product","3":"status-publish","4":"has-post-thumbnail","6":"product_cat-laptop-speakers","7":"product_tag-dell","9":"first","10":"instock","11":"taxable","12":"shipping-taxable","13":"purchasable","14":"product-type-simple"},"_links":{"self":[{"href":"https:\/\/boreait.com\/de\/wp-json\/wp\/v2\/product\/7233","targetHints":{"allow":["GET"]}}],"collection":[{"href":"https:\/\/boreait.com\/de\/wp-json\/wp\/v2\/product"}],"about":[{"href":"https:\/\/boreait.com\/de\/wp-json\/wp\/v2\/types\/product"}],"wp:featuredmedia":[{"embeddable":true,"href":"https:\/\/boreait.com\/de\/wp-json\/wp\/v2\/media\/7309"}],"wp:attachment":[{"href":"https:\/\/boreait.com\/de\/wp-json\/wp\/v2\/media?parent=7233"}],"wp:term":[{"taxonomy":"product_brand","embeddable":true,"href":"https:\/\/boreait.com\/de\/wp-json\/wp\/v2\/product_brand?post=7233"},{"taxonomy":"product_cat","embeddable":true,"href":"https:\/\/boreait.com\/de\/wp-json\/wp\/v2\/product_cat?post=7233"},{"taxonomy":"product_tag","embeddable":true,"href":"https:\/\/boreait.com\/de\/wp-json\/wp\/v2\/product_tag?post=7233"}],"curies":[{"name":"wp","href":"https:\/\/api.w.org\/{rel}","templated":true}]}}