{"id":7210,"date":"2025-09-15T14:06:19","date_gmt":"2025-09-15T12:06:19","guid":{"rendered":"https:\/\/boreait.com\/de\/?post_type=product&#038;p=7210"},"modified":"2026-01-14T08:02:55","modified_gmt":"2026-01-14T07:02:55","slug":"original-dell-n2vfr-wireless-ac-3160-3160ngw-dualband","status":"publish","type":"product","link":"https:\/\/boreait.com\/de\/produkt\/original-dell-n2vfr-wireless-ac-3160-3160ngw-dualband\/","title":{"rendered":"Original Dell N2VFR Wireless-AC 3160 3160NGW Dualband"},"content":{"rendered":"<p>Der Dell N2VFR Wireless-AC 3160 3160NGW Dual Band ist ein WLAN-Adapter f\u00fcr zuverl\u00e4ssige und schnelle WLAN-Konnektivit\u00e4t f\u00fcr Dell-Laptops und -Desktops. Er unterst\u00fctzt den neuesten 802.11ac-WLAN-Standard und ist sowohl mit dem 2,4-GHz- als auch mit dem 5-GHz-Frequenzband kompatibel.<\/p>\n<p>Dieser Netzwerkadapter nutzt fortschrittliche Technologien wie Multiple Input Multiple Output (MIMO) und Beamforming f\u00fcr verbesserte WLAN-Leistung und -Abdeckung. Er unterst\u00fctzt au\u00dferdem Bluetooth 4.0 und erm\u00f6glicht so die Verbindung mit Bluetooth-f\u00e4higen Ger\u00e4ten wie Smartphones, Tablets und Lautsprechern.<\/p>\n<p>Der Dell N2VFR Wireless-AC 3160 3160NGW ist ein Originalprodukt von Dell, d. h. er wird von Dell hergestellt und ist speziell f\u00fcr Dell-Computer konzipiert. Dies gew\u00e4hrleistet Kompatibilit\u00e4t und Zuverl\u00e4ssigkeit und erm\u00f6glicht eine einfache Installation und Einrichtung.<\/p>\n<p>Insgesamt ist der Original Dell N2VFR Wireless-AC 3160 3160NGW Dual Band ein hochwertiger WLAN-Adapter, der schnelle und zuverl\u00e4ssige WLAN- und Bluetooth-Konnektivit\u00e4t f\u00fcr Dell-Computer bietet.<\/p>\n","protected":false},"excerpt":{"rendered":"<p>Der Dell N2VFR Wireless-AC 3160 3160NGW Dual Band ist ein WLAN-Adapter, der zuverl\u00e4ssige und schnelle WLAN-Konnektivit\u00e4t f\u00fcr Dell-Laptops und -Desktops bietet. Er unterst\u00fctzt den WLAN-Standard 802.11ac, die Frequenzb\u00e4nder 2,4 GHz und 5 GHz sowie Bluetooth 4.0. Es handelt sich um ein Originalprodukt von Dell, das Kompatibilit\u00e4t und einfache Installation gew\u00e4hrleistet.<\/p>\n","protected":false},"featured_media":7286,"template":"","meta":[],"product_brand":[],"product_cat":[63],"product_tag":[53],"class_list":{"0":"post-7210","1":"product","2":"type-product","3":"status-publish","4":"has-post-thumbnail","6":"product_cat-motherboards-board-parts","7":"product_tag-dell","9":"first","10":"instock","11":"taxable","12":"shipping-taxable","13":"purchasable","14":"product-type-simple"},"_links":{"self":[{"href":"https:\/\/boreait.com\/de\/wp-json\/wp\/v2\/product\/7210","targetHints":{"allow":["GET"]}}],"collection":[{"href":"https:\/\/boreait.com\/de\/wp-json\/wp\/v2\/product"}],"about":[{"href":"https:\/\/boreait.com\/de\/wp-json\/wp\/v2\/types\/product"}],"wp:featuredmedia":[{"embeddable":true,"href":"https:\/\/boreait.com\/de\/wp-json\/wp\/v2\/media\/7286"}],"wp:attachment":[{"href":"https:\/\/boreait.com\/de\/wp-json\/wp\/v2\/media?parent=7210"}],"wp:term":[{"taxonomy":"product_brand","embeddable":true,"href":"https:\/\/boreait.com\/de\/wp-json\/wp\/v2\/product_brand?post=7210"},{"taxonomy":"product_cat","embeddable":true,"href":"https:\/\/boreait.com\/de\/wp-json\/wp\/v2\/product_cat?post=7210"},{"taxonomy":"product_tag","embeddable":true,"href":"https:\/\/boreait.com\/de\/wp-json\/wp\/v2\/product_tag?post=7210"}],"curies":[{"name":"wp","href":"https:\/\/api.w.org\/{rel}","templated":true}]}}