{"id":7182,"date":"2025-09-15T14:05:50","date_gmt":"2025-09-15T12:05:50","guid":{"rendered":"https:\/\/boreait.com\/de\/?post_type=product&#038;p=7182"},"modified":"2026-01-14T08:02:01","modified_gmt":"2026-01-14T07:02:01","slug":"04w6808-fuer-lenovo-thinkpad-x230-tablet-x230i-u-rahmen-abdeckung-fall","status":"publish","type":"product","link":"https:\/\/boreait.com\/de\/produkt\/04w6808-fuer-lenovo-thinkpad-x230-tablet-x230i-u-rahmen-abdeckung-fall\/","title":{"rendered":"04W6808 F\u00dcR Lenovo ThinkPad X230 Tablet X230i U Rahmen Abdeckung Fall"},"content":{"rendered":"<p>04W6808 ist eine U-f\u00f6rmige Schutzh\u00fclle von Lenovo f\u00fcr die ThinkPad X230 Tablets und X230i Laptops. Diese Schutzh\u00fclle sch\u00fctzt die R\u00fcckseite des Laptops und bietet ihm strukturellen Halt. Sie besteht aus hochwertigen Materialien und ist speziell auf die Abmessungen der X230 Tablets und X230i Laptops zugeschnitten. Diese Schutzh\u00fclle ist ein Originalprodukt von Lenovo und keine Nachbildung oder Kopie einer anderen Marke oder eines anderen Produkts. Sie ist ein zuverl\u00e4ssiges und langlebiges Zubeh\u00f6r, das die Lebensdauer Ihres Laptops verl\u00e4ngert.<\/p>\n","protected":false},"excerpt":{"rendered":"<p>04W6808 ist eine U-Rahmen-Schutzh\u00fclle f\u00fcr das Lenovo ThinkPad X230 Tablet und X230i Laptops. Sie sch\u00fctzt die R\u00fcckseite des Laptops und bietet ihm strukturellen Halt. Die H\u00fclle besteht aus hochwertigen Materialien und ist speziell auf die Abmessungen des X230 Tablet und X230i Laptops zugeschnitten. Diese U-Rahmen-Schutzh\u00fclle ist ein Originalprodukt von Lenovo und keine Kopie oder Imitation einer anderen Marke oder eines anderen Produkts.<\/p>\n","protected":false},"featured_media":7251,"template":"","meta":[],"product_brand":[],"product_cat":[52],"product_tag":[62],"class_list":{"0":"post-7182","1":"product","2":"type-product","3":"status-publish","4":"has-post-thumbnail","6":"product_cat-laptop-housing","7":"product_tag-lenovo","9":"first","10":"instock","11":"taxable","12":"shipping-taxable","13":"purchasable","14":"product-type-simple"},"_links":{"self":[{"href":"https:\/\/boreait.com\/de\/wp-json\/wp\/v2\/product\/7182","targetHints":{"allow":["GET"]}}],"collection":[{"href":"https:\/\/boreait.com\/de\/wp-json\/wp\/v2\/product"}],"about":[{"href":"https:\/\/boreait.com\/de\/wp-json\/wp\/v2\/types\/product"}],"wp:featuredmedia":[{"embeddable":true,"href":"https:\/\/boreait.com\/de\/wp-json\/wp\/v2\/media\/7251"}],"wp:attachment":[{"href":"https:\/\/boreait.com\/de\/wp-json\/wp\/v2\/media?parent=7182"}],"wp:term":[{"taxonomy":"product_brand","embeddable":true,"href":"https:\/\/boreait.com\/de\/wp-json\/wp\/v2\/product_brand?post=7182"},{"taxonomy":"product_cat","embeddable":true,"href":"https:\/\/boreait.com\/de\/wp-json\/wp\/v2\/product_cat?post=7182"},{"taxonomy":"product_tag","embeddable":true,"href":"https:\/\/boreait.com\/de\/wp-json\/wp\/v2\/product_tag?post=7182"}],"curies":[{"name":"wp","href":"https:\/\/api.w.org\/{rel}","templated":true}]}}