{"id":7180,"date":"2025-09-15T14:05:50","date_gmt":"2025-09-15T12:05:50","guid":{"rendered":"https:\/\/boreait.com\/de\/?post_type=product&#038;p=7180"},"modified":"2025-09-16T12:43:27","modified_gmt":"2025-09-16T10:43:27","slug":"verwendete-tastatur-fuer-hp-elitebook-x360-830-g5-830-g6-laptop-palmrest-obergehaeuse-obere-abdeckung-l56442-001-gehaeuse-silber-l56443-001","status":"publish","type":"product","link":"https:\/\/boreait.com\/de\/produkt\/verwendete-tastatur-fuer-hp-elitebook-x360-830-g5-830-g6-laptop-palmrest-obergehaeuse-obere-abdeckung-l56442-001-gehaeuse-silber-l56443-001\/","title":{"rendered":"Verwendete Tastatur f\u00fcr HP EliteBook X360 830 G5 830 G6 Laptop Palmrest Obergeh\u00e4use Obere Abdeckung L56442-001 Geh\u00e4use Silber L56443-001"},"content":{"rendered":"<p><strong>Dieselbe Handballenauflage wie auf dem Foto!<\/strong><\/p>\n<p>Die gebrauchte Tastatur f\u00fcr das HP EliteBook X360 830 G5 830 G6 Laptop (Handballenauflage, obere Abdeckung, L56442-001, Geh\u00e4use, Silber, L56443-001) ist ein gebrauchtes Ersatzteil, das mit den HP EliteBook X360 830 G5 und 830 G6 Laptops kompatibel ist.<\/p>\n<p>Die obere Abdeckung der Handballenauflage sch\u00fctzt die internen Komponenten des Laptops und verleiht ihm gleichzeitig ein elegantes, professionelles Erscheinungsbild. Die silberne Farbe passt perfekt zur \u00c4sthetik des Laptops. Das Geh\u00e4use besteht aus hochwertigen, langlebigen Materialien.<\/p>\n<p>Dieses Ersatzteil wurde getestet und ist funktionsf\u00e4hig. Es ist einfach zu installieren. Durch den Austausch einer abgenutzten oder besch\u00e4digten oberen Abdeckung verl\u00e4ngern Sie die Lebensdauer Ihres Laptops und stellen sein Aussehen und seine Funktionalit\u00e4t wieder her. Insgesamt ist die gebrauchte Tastatur f\u00fcr das HP EliteBook X360 830 G5 830 G6 Laptop, Handballenauflage, obere Geh\u00e4useabdeckung L56442-001, Geh\u00e4use Silber L56443-001 eine ausgezeichnete Wahl f\u00fcr alle, die ihr HP EliteBook X360 Laptop reparieren oder aufr\u00fcsten m\u00f6chten.<\/p>\n","protected":false},"excerpt":{"rendered":"<p>Die gebrauchte Tastatur f\u00fcr das HP EliteBook X360 830 G5 830 G6 Laptop-Handballenauflage-Oberteil (L56442-001, Silber) ist ein Ersatzteil f\u00fcr die obere Abdeckung der HP EliteBook X360 830 G5 und 830 G6 Laptops. Diese Tastatur-Handballenauflage-Oberteil-Abdeckung ist gebraucht und hat eine silberne Farbe.<\/p>\n<p>Das Geh\u00e4use sch\u00fctzt die internen Komponenten des Laptops und verleiht ihm gleichzeitig ein elegantes, professionelles Aussehen. Es ist mit der Tastatur und dem Touchpad der Modelle HP EliteBook X360 830 G5 und 830 G6 kompatibel.<\/p>\n<p>Dieses Ersatzteil wurde getestet und ist funktionsf\u00e4hig. Es ist einfach zu installieren und tr\u00e4gt dazu bei, die Lebensdauer Ihres Laptops zu verl\u00e4ngern, indem es ihm ein neuwertiges Aussehen und Funktionalit\u00e4t verleiht.<\/p>\n","protected":false},"featured_media":7247,"template":"","meta":[],"product_brand":[],"product_cat":[52],"product_tag":[61],"class_list":{"0":"post-7180","1":"product","2":"type-product","3":"status-publish","4":"has-post-thumbnail","6":"product_cat-laptop-housing","7":"product_tag-hp","9":"first","10":"instock","11":"taxable","12":"shipping-taxable","13":"purchasable","14":"product-type-simple"},"_links":{"self":[{"href":"https:\/\/boreait.com\/de\/wp-json\/wp\/v2\/product\/7180","targetHints":{"allow":["GET"]}}],"collection":[{"href":"https:\/\/boreait.com\/de\/wp-json\/wp\/v2\/product"}],"about":[{"href":"https:\/\/boreait.com\/de\/wp-json\/wp\/v2\/types\/product"}],"wp:featuredmedia":[{"embeddable":true,"href":"https:\/\/boreait.com\/de\/wp-json\/wp\/v2\/media\/7247"}],"wp:attachment":[{"href":"https:\/\/boreait.com\/de\/wp-json\/wp\/v2\/media?parent=7180"}],"wp:term":[{"taxonomy":"product_brand","embeddable":true,"href":"https:\/\/boreait.com\/de\/wp-json\/wp\/v2\/product_brand?post=7180"},{"taxonomy":"product_cat","embeddable":true,"href":"https:\/\/boreait.com\/de\/wp-json\/wp\/v2\/product_cat?post=7180"},{"taxonomy":"product_tag","embeddable":true,"href":"https:\/\/boreait.com\/de\/wp-json\/wp\/v2\/product_tag?post=7180"}],"curies":[{"name":"wp","href":"https:\/\/api.w.org\/{rel}","templated":true}]}}