{"id":7175,"date":"2025-09-15T14:05:49","date_gmt":"2025-09-15T12:05:49","guid":{"rendered":"https:\/\/boreait.com\/de\/?post_type=product&#038;p=7175"},"modified":"2025-09-16T12:43:27","modified_gmt":"2025-09-16T10:43:27","slug":"hp-elitebook-folio-9470m-9480m-lcd-bildschirmscharniersatz-links-rechts-scharniere","status":"publish","type":"product","link":"https:\/\/boreait.com\/de\/produkt\/hp-elitebook-folio-9470m-9480m-lcd-bildschirmscharniersatz-links-rechts-scharniere\/","title":{"rendered":"HP Elitebook Folio 9470M 9480M LCD-Bildschirmscharniersatz links rechts &#8211; Scharniere"},"content":{"rendered":"<p>Das HP Elitebook Folio 9470M 9480M LCD-Bildschirmscharnierset enth\u00e4lt sowohl das linke als auch das rechte Scharnier f\u00fcr den Laptop-Bildschirm. Diese Scharniere befestigen den LCD-Bildschirm sicher am Standfu\u00df und erm\u00f6glichen die Anpassung des Bildschirmwinkels.<\/p>\n<p>Die Scharniere bestehen aus hochwertigen Materialien und sind f\u00fcr h\u00e4ufige Nutzung und Bewegung ausgelegt, was Haltbarkeit und Langlebigkeit gew\u00e4hrleistet. Sie wurden speziell f\u00fcr die HP Elitebook Folio 9470M und 9480M Laptops entwickelt und lassen sich mit dem entsprechenden Werkzeug einfach montieren.<\/p>\n<p>Ein funktionales Scharnierset ist f\u00fcr jeden Laptop unerl\u00e4sslich, da es dem Bildschirm w\u00e4hrend des Gebrauchs Stabilit\u00e4t verleiht und Sch\u00e4den durch versehentliches Herunterfallen oder St\u00f6\u00dfe verhindert. Das HP Elitebook Folio 9470M 9480M LCD-Bildschirmscharnierset ist eine zuverl\u00e4ssige und unverzichtbare Komponente f\u00fcr alle, die das Bildschirmscharniersystem ihres Laptops warten oder reparieren m\u00f6chten.<\/p>\n","protected":false},"excerpt":{"rendered":"<p>Das HP Elitebook Folio 9470M 9480M LCD-Bildschirmscharnierset links rechts ist ein Ersatzteil f\u00fcr die linken und rechten Scharniere des Laptop-LCD-Bildschirms. Es handelt sich um ein Originalteil von HP und ist mit den Modellen Elitebook Folio 9470M und 9480M kompatibel. Dieses Scharnierset erm\u00f6glicht ein reibungsloses \u00d6ffnen und Schlie\u00dfen des Laptop-Bildschirms und h\u00e4lt ihn w\u00e4hrend des Betriebs sicher an seinem Platz. Das Scharnierset ist einfach zu installieren und ein wesentlicher Bestandteil f\u00fcr die einwandfreie Funktion des Laptop-Bildschirms. Es wird jedem empfohlen, der ein defektes oder besch\u00e4digtes Scharnierset f\u00fcr den LCD-Bildschirm seines Laptops ersetzen muss.<\/p>\n","protected":false},"featured_media":7238,"template":"","meta":[],"product_brand":[],"product_cat":[55],"product_tag":[61],"class_list":{"0":"post-7175","1":"product","2":"type-product","3":"status-publish","4":"has-post-thumbnail","6":"product_cat-screen-hinge","7":"product_tag-hp","9":"first","10":"instock","11":"taxable","12":"shipping-taxable","13":"purchasable","14":"product-type-simple"},"_links":{"self":[{"href":"https:\/\/boreait.com\/de\/wp-json\/wp\/v2\/product\/7175","targetHints":{"allow":["GET"]}}],"collection":[{"href":"https:\/\/boreait.com\/de\/wp-json\/wp\/v2\/product"}],"about":[{"href":"https:\/\/boreait.com\/de\/wp-json\/wp\/v2\/types\/product"}],"wp:featuredmedia":[{"embeddable":true,"href":"https:\/\/boreait.com\/de\/wp-json\/wp\/v2\/media\/7238"}],"wp:attachment":[{"href":"https:\/\/boreait.com\/de\/wp-json\/wp\/v2\/media?parent=7175"}],"wp:term":[{"taxonomy":"product_brand","embeddable":true,"href":"https:\/\/boreait.com\/de\/wp-json\/wp\/v2\/product_brand?post=7175"},{"taxonomy":"product_cat","embeddable":true,"href":"https:\/\/boreait.com\/de\/wp-json\/wp\/v2\/product_cat?post=7175"},{"taxonomy":"product_tag","embeddable":true,"href":"https:\/\/boreait.com\/de\/wp-json\/wp\/v2\/product_tag?post=7175"}],"curies":[{"name":"wp","href":"https:\/\/api.w.org\/{rel}","templated":true}]}}