{"id":7166,"date":"2025-09-15T14:05:47","date_gmt":"2025-09-15T12:05:47","guid":{"rendered":"https:\/\/boreait.com\/de\/?post_type=product&#038;p=7166"},"modified":"2025-09-16T12:43:25","modified_gmt":"2025-09-16T10:43:25","slug":"dell-precision-17-7710-7720-untere-gehaeuseabdeckung-pn-4m07t","status":"publish","type":"product","link":"https:\/\/boreait.com\/de\/produkt\/dell-precision-17-7710-7720-untere-gehaeuseabdeckung-pn-4m07t\/","title":{"rendered":"DELL Precision 17 7710 7720 Untere Geh\u00e4useabdeckung PN: 4M07T"},"content":{"rendered":"<p>Die Geh\u00e4useabdeckung 4M07T f\u00fcr das Dell Precision 17 7710 und 7720 ist ein Ersatzteil f\u00fcr die Unterseite des Laptops. Sie sch\u00fctzt die internen Komponenten vor Besch\u00e4digungen und bietet dem Ger\u00e4t einen stabilen Stand.<\/p>\n<p>Die Geh\u00e4useabdeckung besteht aus strapazierf\u00e4higen Materialien und passt perfekt auf die Dell Precision 17 7710 und 7720 Laptops. Es handelt sich um eine schwarze Kunststoffabdeckung, die auf der Unterseite des Laptops einrastet und die gesamte Unterseite abdeckt.<\/p>\n<p>Die Abdeckung verf\u00fcgt \u00fcber \u00d6ffnungen f\u00fcr die Anschl\u00fcsse des Laptops, darunter USB, HDMI, Ethernet und Strom. Sie verf\u00fcgt au\u00dferdem \u00fcber L\u00fcftungs\u00f6ffnungen zur W\u00e4rmeableitung, die eine \u00dcberhitzung des Ger\u00e4ts w\u00e4hrend des Betriebs verhindern.<\/p>\n<p>Insgesamt ist die Geh\u00e4useabdeckung 4M07T f\u00fcr das Dell Precision 17 7710 und 7720 eine wesentliche Komponente f\u00fcr die ordnungsgem\u00e4\u00dfe Funktion und den Schutz des Laptops und gew\u00e4hrleistet dessen Sicherheit w\u00e4hrend des Gebrauchs.<\/p>\n","protected":false},"excerpt":{"rendered":"<p>Die untere Geh\u00e4useabdeckung 4M07T f\u00fcr das Dell Precision 17 7710 7720 ist eine schwarze Kunststoffabdeckung, die auf die Unterseite des Laptops passt und die internen Komponenten sch\u00fctzt sowie dem Ger\u00e4t eine stabile Basis bietet. Sie verf\u00fcgt \u00fcber \u00d6ffnungen f\u00fcr Anschl\u00fcsse und L\u00fcftungsschlitze zur W\u00e4rmeableitung, um eine ordnungsgem\u00e4\u00dfe Funktion zu gew\u00e4hrleisten und \u00dcberhitzung zu vermeiden. Diese Komponente ist perfekt auf die Dell Precision 17 7710 und 7720 Laptops zugeschnitten und besteht aus langlebigen Materialien.<\/p>\n","protected":false},"featured_media":7211,"template":"","meta":[],"product_brand":[],"product_cat":[52],"product_tag":[53],"class_list":{"0":"post-7166","1":"product","2":"type-product","3":"status-publish","4":"has-post-thumbnail","6":"product_cat-laptop-housing","7":"product_tag-dell","9":"first","10":"instock","11":"taxable","12":"shipping-taxable","13":"purchasable","14":"product-type-simple"},"_links":{"self":[{"href":"https:\/\/boreait.com\/de\/wp-json\/wp\/v2\/product\/7166","targetHints":{"allow":["GET"]}}],"collection":[{"href":"https:\/\/boreait.com\/de\/wp-json\/wp\/v2\/product"}],"about":[{"href":"https:\/\/boreait.com\/de\/wp-json\/wp\/v2\/types\/product"}],"wp:featuredmedia":[{"embeddable":true,"href":"https:\/\/boreait.com\/de\/wp-json\/wp\/v2\/media\/7211"}],"wp:attachment":[{"href":"https:\/\/boreait.com\/de\/wp-json\/wp\/v2\/media?parent=7166"}],"wp:term":[{"taxonomy":"product_brand","embeddable":true,"href":"https:\/\/boreait.com\/de\/wp-json\/wp\/v2\/product_brand?post=7166"},{"taxonomy":"product_cat","embeddable":true,"href":"https:\/\/boreait.com\/de\/wp-json\/wp\/v2\/product_cat?post=7166"},{"taxonomy":"product_tag","embeddable":true,"href":"https:\/\/boreait.com\/de\/wp-json\/wp\/v2\/product_tag?post=7166"}],"curies":[{"name":"wp","href":"https:\/\/api.w.org\/{rel}","templated":true}]}}