{"id":7165,"date":"2025-09-15T14:05:47","date_gmt":"2025-09-15T12:05:47","guid":{"rendered":"https:\/\/boreait.com\/de\/?post_type=product&#038;p=7165"},"modified":"2025-09-16T12:43:25","modified_gmt":"2025-09-16T10:43:25","slug":"laptop-hp-elitebook-825-g2-820-g1-g2-725-g1-g2-720-g1-g2-825-g1-einzelne-tastatur-schluessel-730541-001-735502-001-schluessel","status":"publish","type":"product","link":"https:\/\/boreait.com\/de\/produkt\/laptop-hp-elitebook-825-g2-820-g1-g2-725-g1-g2-720-g1-g2-825-g1-einzelne-tastatur-schluessel-730541-001-735502-001-schluessel\/","title":{"rendered":"Laptop HP Elitebook 825 G2 820 G1 G2 725 G1 G2 720 G1 G2 825 G1 Einzelne Tastatur schl\u00fcssel 730541-001 735502-001 schl\u00fcssel"},"content":{"rendered":"<p><strong>Sie erhalten die Taste der Tastatur auf dem Foto! Verf\u00fcgbare Tasten sind auf dem Bild zu sehen!<\/strong><\/p>\n<p>Dies ist eine Produktliste f\u00fcr Ersatztasten f\u00fcr die Laptops 825 G2, 820 G1 G2, 725 G1 G2, 720 G1 G2, 825 G1 mit den Teilenummern 730541-001 und 735502-001 (ohne Hintergrundbeleuchtung). Der Verk\u00e4ufer stellt wichtige Informationen zur Verf\u00fcgung, die vor dem Kauf des Ersatztasten-Kits zu beachten sind, einschlie\u00dflich der Unterschiede in den Clips je nach Tastaturhersteller. K\u00e4ufern wird empfohlen, sich die bereitgestellten Bilder anzusehen, um sicherzustellen, dass die Clips der Ersatztasten mit denen ihrer Tastatur \u00fcbereinstimmen. Bei Fragen oder einem Foto der Taste kann der K\u00e4ufer den Verk\u00e4ufer \u00fcber den Link \u201eVerk\u00e4ufer fragen\u201c kontaktieren und erh\u00e4lt innerhalb von 24 Stunden eine Antwort.<\/p>\n<p>Der K\u00e4ufer erh\u00e4lt eine Tastaturtaste mit Kunststoffclips und einer Gummikappe unter der Taste. Der Verk\u00e4ufer weist jedoch darauf hin, dass vor dem Kauf unbedingt die Kompatibilit\u00e4t gepr\u00fcft werden sollte, da gleiche Laptopmodelle oder Tastaturteile keine Garantie f\u00fcr die Funktion der Ersatztasten bieten. Der K\u00e4ufer wird gebeten, den Clip seiner vorhandenen Taste mit den bereitgestellten Bildern zu vergleichen und im Zweifelsfall dem Verk\u00e4ufer ein Bild zur Beurteilung zu senden.<\/p>\n<p>Um die Ersatztasten zu kaufen, muss der K\u00e4ufer dem Verk\u00e4ufer mitteilen, welche Taste er kaufen m\u00f6chte. Die Liste der verf\u00fcgbaren Tasten finden Sie im Angebot. Der K\u00e4ufer kann dem Verk\u00e4ufer w\u00e4hrend des Bestellvorgangs eine Nachricht schreiben oder ihn nach dem Bestellvorgang \u00fcber die eBay-Kaufhistorie kontaktieren. Der K\u00e4ufer wird gebeten, anzugeben, ob er eine linke oder rechte Umschalt-, Strg- oder Alt-Taste kauft und ob er bei Zifferntasten die oberen Tasten oder die Ziffernblocktasten kauft. Wenn der K\u00e4ufer dem Verk\u00e4ufer nicht mitteilt, welche Taste er kaufen m\u00f6chte, wird die Bestellung nicht bearbeitet.<\/p>\n<p>Layout: USA \/ US<\/p>\n<p>Wir haben derzeit alle Tasten wie auf dem Foto in der Auflistung auf Lager, einschlie\u00dflich:<\/p>\n<p>esc F1 F2 F3 F4 F5 F6 F8 F9 F10 F11 F12 \u201eScrollen\u201c \u201ePause\u201c \u201eEinf\u00fcgen\u201c \u201eEntf\u201c<\/p>\n<p>Tilde 2 3 4 5 6 7 8 9 0 \u2013 = R\u00fccktaste \u201ePos1\u201c<\/p>\n<p>tab w e r y i o p [ ]  \u201eBild auf\u201c<\/p>\n<p>Feststelltaste s f j l ; \u201a \u201eEingabe\u201c \u201eBild ab\u201c<\/p>\n<p>Linke Umschalttaste z x c . \/ \u201eRechte Umschalttaste\u201c \u201eEnde\u201c<\/p>\n<p>\u201eFn\u201c \u201eWindows\u201c \u201eLinke Alt\u201c \u201eRechte Alt\u201c \u201eMen\u00fc\u201c \u201eRechte Strg\u201c<\/p>\n<p>\u201eRechts\u201c<\/p>\n","protected":false},"excerpt":{"rendered":"<p>Dies ist ein Produktangebot f\u00fcr Ersatztasten f\u00fcr HP Elitebook 825 G2 820 G1 G2 725 G1 G2 720 G1 G2 825 G1 Laptops. Der Verk\u00e4ufer empfiehlt K\u00e4ufern, die Kompatibilit\u00e4t ihrer Tastatur und des Ersatztasten-Kits durch Vergleich der Clips zu pr\u00fcfen und dem Verk\u00e4ufer mitzuteilen, welche Taste sie kaufen m\u00f6chten. Der K\u00e4ufer erh\u00e4lt eine Tastaturtaste mit Kunststoffclips und einer Gummikappe.<\/p>\n","protected":false},"featured_media":7200,"template":"","meta":[],"product_brand":[],"product_cat":[60],"product_tag":[61],"class_list":{"0":"post-7165","1":"product","2":"type-product","3":"status-publish","4":"has-post-thumbnail","6":"product_cat-individual-keyboard-keys","7":"product_tag-hp","9":"first","10":"instock","11":"taxable","12":"shipping-taxable","13":"purchasable","14":"product-type-simple"},"_links":{"self":[{"href":"https:\/\/boreait.com\/de\/wp-json\/wp\/v2\/product\/7165","targetHints":{"allow":["GET"]}}],"collection":[{"href":"https:\/\/boreait.com\/de\/wp-json\/wp\/v2\/product"}],"about":[{"href":"https:\/\/boreait.com\/de\/wp-json\/wp\/v2\/types\/product"}],"wp:featuredmedia":[{"embeddable":true,"href":"https:\/\/boreait.com\/de\/wp-json\/wp\/v2\/media\/7200"}],"wp:attachment":[{"href":"https:\/\/boreait.com\/de\/wp-json\/wp\/v2\/media?parent=7165"}],"wp:term":[{"taxonomy":"product_brand","embeddable":true,"href":"https:\/\/boreait.com\/de\/wp-json\/wp\/v2\/product_brand?post=7165"},{"taxonomy":"product_cat","embeddable":true,"href":"https:\/\/boreait.com\/de\/wp-json\/wp\/v2\/product_cat?post=7165"},{"taxonomy":"product_tag","embeddable":true,"href":"https:\/\/boreait.com\/de\/wp-json\/wp\/v2\/product_tag?post=7165"}],"curies":[{"name":"wp","href":"https:\/\/api.w.org\/{rel}","templated":true}]}}