{"id":7161,"date":"2025-09-15T14:05:46","date_gmt":"2025-09-15T12:05:46","guid":{"rendered":"https:\/\/boreait.com\/de\/?post_type=product&#038;p=7161"},"modified":"2025-09-16T12:43:24","modified_gmt":"2025-09-16T10:43:24","slug":"gebrauchtes-original-lcd-bildschirmscharnierset-fuer-dell-precision-7710-laptop","status":"publish","type":"product","link":"https:\/\/boreait.com\/de\/produkt\/gebrauchtes-original-lcd-bildschirmscharnierset-fuer-dell-precision-7710-laptop\/","title":{"rendered":"Gebrauchtes Original-LCD-Bildschirmscharnierset f\u00fcr Dell Precision 7710 Laptop"},"content":{"rendered":"<p>PN: GJN0G<\/p>\n<p>Das gebrauchte Original Dell Precision 7710 Laptop-LCD-Bildschirmscharnier-Set ist ein Ersatzteil f\u00fcr den Scharniermechanismus, der den LCD-Bildschirm mit dem Geh\u00e4use des Laptops verbindet. Diese Scharniere sind Originalteile von Dell und wurden speziell f\u00fcr das Modell Precision 7710 entwickelt. Sie sind gebraucht, aber in gutem Zustand und voll funktionsf\u00e4hig. Durch den Austausch besch\u00e4digter oder defekter Scharniere mit diesem Set k\u00f6nnen Sie die Funktionsf\u00e4higkeit Ihres Laptop-Displays wiederherstellen und einen reibungslosen und stabilen Betrieb genie\u00dfen.<\/p>\n","protected":false},"excerpt":{"rendered":"<p>Beleben Sie das Display Ihres Dell Precision 7710-Laptops mit diesem authentischen und voll funktionsf\u00e4higen Satz gebrauchter LCD-Bildschirmscharniere, die f\u00fcr einen reibungslosen und stabilen Betrieb ausgelegt sind.<\/p>\n","protected":false},"featured_media":7193,"template":"","meta":[],"product_brand":[],"product_cat":[55],"product_tag":[53],"class_list":{"0":"post-7161","1":"product","2":"type-product","3":"status-publish","4":"has-post-thumbnail","6":"product_cat-screen-hinge","7":"product_tag-dell","9":"first","10":"instock","11":"taxable","12":"shipping-taxable","13":"purchasable","14":"product-type-simple"},"_links":{"self":[{"href":"https:\/\/boreait.com\/de\/wp-json\/wp\/v2\/product\/7161","targetHints":{"allow":["GET"]}}],"collection":[{"href":"https:\/\/boreait.com\/de\/wp-json\/wp\/v2\/product"}],"about":[{"href":"https:\/\/boreait.com\/de\/wp-json\/wp\/v2\/types\/product"}],"wp:featuredmedia":[{"embeddable":true,"href":"https:\/\/boreait.com\/de\/wp-json\/wp\/v2\/media\/7193"}],"wp:attachment":[{"href":"https:\/\/boreait.com\/de\/wp-json\/wp\/v2\/media?parent=7161"}],"wp:term":[{"taxonomy":"product_brand","embeddable":true,"href":"https:\/\/boreait.com\/de\/wp-json\/wp\/v2\/product_brand?post=7161"},{"taxonomy":"product_cat","embeddable":true,"href":"https:\/\/boreait.com\/de\/wp-json\/wp\/v2\/product_cat?post=7161"},{"taxonomy":"product_tag","embeddable":true,"href":"https:\/\/boreait.com\/de\/wp-json\/wp\/v2\/product_tag?post=7161"}],"curies":[{"name":"wp","href":"https:\/\/api.w.org\/{rel}","templated":true}]}}