{"id":7159,"date":"2025-09-15T14:05:45","date_gmt":"2025-09-15T12:05:45","guid":{"rendered":"https:\/\/boreait.com\/de\/?post_type=product&#038;p=7159"},"modified":"2025-09-16T12:43:24","modified_gmt":"2025-09-16T10:43:24","slug":"dell-precision-7710-m7710-laptop-gehaeuse","status":"publish","type":"product","link":"https:\/\/boreait.com\/de\/produkt\/dell-precision-7710-m7710-laptop-gehaeuse\/","title":{"rendered":"DELL Precision 7710 M7710 Laptop-Geh\u00e4use"},"content":{"rendered":"<p>Das Geh\u00e4use des Dell Precision 7710 (M7710) ist robust und elegant zugleich. Sein schlankes und modernes Design wird Sie begeistern. Das Notebook besteht aus hochwertigen Materialien, darunter eine verst\u00e4rkte Magnesiumlegierung, die f\u00fcr hervorragende Stabilit\u00e4t und Langlebigkeit sorgt und gleichzeitig ein relativ geringes Gewicht gew\u00e4hrleistet.<\/p>\n<p>Das Geh\u00e4use des Precision 7710 ist f\u00fcr den harten Alltagsgebrauch konzipiert und trotzt dank seines robusten Designs St\u00fcrzen, St\u00f6\u00dfen und anderen Belastungen. Damit ist es die ideale Wahl f\u00fcr Berufst\u00e4tige, die ein Notebook ben\u00f6tigen, das den Anforderungen einer gesch\u00e4ftigen Arbeitsumgebung gewachsen ist.<\/p>\n<p>Dar\u00fcber hinaus ist das Geh\u00e4use des Precision 7710 flexibel anpassbar und bietet eine Reihe von Farb- und Oberfl\u00e4chenoptionen f\u00fcr Ihren individuellen Stil und Ihre Vorlieben. Ob klassisches Silber oder etwas Farbigeres \u2013 Sie finden das Dell Precision 7710 Notebook, das Ihren Bed\u00fcrfnissen und Ihrem Geschmack entspricht.<\/p>\n","protected":false},"excerpt":{"rendered":"<p>Das Geh\u00e4use des Dell Precision 7710 (M7710) ist eine elegante und robuste Konstruktion aus verst\u00e4rkter Magnesiumlegierung. Es bietet hervorragende Stabilit\u00e4t und Schutz bei geringem Gewicht. Es l\u00e4sst sich mit verschiedenen Farb- und Oberfl\u00e4chenoptionen individuell an Ihren Stil und Ihre Vorlieben anpassen.<\/p>\n","protected":false},"featured_media":7189,"template":"","meta":[],"product_brand":[],"product_cat":[52],"product_tag":[53],"class_list":{"0":"post-7159","1":"product","2":"type-product","3":"status-publish","4":"has-post-thumbnail","6":"product_cat-laptop-housing","7":"product_tag-dell","9":"first","10":"instock","11":"taxable","12":"shipping-taxable","13":"purchasable","14":"product-type-simple"},"_links":{"self":[{"href":"https:\/\/boreait.com\/de\/wp-json\/wp\/v2\/product\/7159","targetHints":{"allow":["GET"]}}],"collection":[{"href":"https:\/\/boreait.com\/de\/wp-json\/wp\/v2\/product"}],"about":[{"href":"https:\/\/boreait.com\/de\/wp-json\/wp\/v2\/types\/product"}],"wp:featuredmedia":[{"embeddable":true,"href":"https:\/\/boreait.com\/de\/wp-json\/wp\/v2\/media\/7189"}],"wp:attachment":[{"href":"https:\/\/boreait.com\/de\/wp-json\/wp\/v2\/media?parent=7159"}],"wp:term":[{"taxonomy":"product_brand","embeddable":true,"href":"https:\/\/boreait.com\/de\/wp-json\/wp\/v2\/product_brand?post=7159"},{"taxonomy":"product_cat","embeddable":true,"href":"https:\/\/boreait.com\/de\/wp-json\/wp\/v2\/product_cat?post=7159"},{"taxonomy":"product_tag","embeddable":true,"href":"https:\/\/boreait.com\/de\/wp-json\/wp\/v2\/product_tag?post=7159"}],"curies":[{"name":"wp","href":"https:\/\/api.w.org\/{rel}","templated":true}]}}