{"id":18570,"date":"2025-09-16T15:26:31","date_gmt":"2025-09-16T13:26:31","guid":{"rendered":"https:\/\/boreait.com\/de\/?post_type=product&#038;p=18570"},"modified":"2025-09-16T15:29:04","modified_gmt":"2025-09-16T13:29:04","slug":"hp-elitebook-840-g3-850-855-luefter-ksb0805hcag1-821163-001-laptop-teile","status":"publish","type":"product","link":"https:\/\/boreait.com\/de\/produkt\/hp-elitebook-840-g3-850-855-luefter-ksb0805hcag1-821163-001-laptop-teile\/","title":{"rendered":"HP EliteBook 840 G3 850 855 L\u00fcfter KSB0805HCAG1 821163-001 Laptop-Teile"},"content":{"rendered":"<p data-start=\"552\" data-end=\"882\">Dieser <strong data-start=\"557\" data-end=\"630\">HP EliteBook-L\u00fcfter (Teilenummer 821163-001, Modell KSB0805HCAG1)<\/strong> ist ein zuverl\u00e4ssiges Ersatzteil, das daf\u00fcr sorgt, dass Ihr Laptop bei der richtigen Temperatur l\u00e4uft. Wenn Ihr EliteBook \u00fcberhitzt, ungew\u00f6hnliche Ger\u00e4usche macht oder sich unerwartet abschaltet, kann der Austausch des L\u00fcfters die ordnungsgem\u00e4\u00dfe K\u00fchlung und Leistung wiederherstellen.<\/p>\n<h3 data-start=\"884\" data-end=\"905\">\u2705 Kompatibilit\u00e4t<\/h3>\n<ul data-start=\"906\" data-end=\"997\">\n<li data-start=\"906\" data-end=\"929\">\n<p data-start=\"908\" data-end=\"929\">HP EliteBook 840 G3<\/p>\n<\/li>\n<li data-start=\"930\" data-end=\"963\">\n<p data-start=\"932\" data-end=\"963\">HP EliteBook 850\/855 Serie<\/p>\n<\/li>\n<li data-start=\"964\" data-end=\"997\">\n<p data-start=\"966\" data-end=\"997\">HP EliteBook 750\/755 Serie<\/p>\n<\/li>\n<\/ul>\n<h3 data-start=\"999\" data-end=\"1019\">\u2705 Hauptmerkmale<\/h3>\n<ul data-start=\"1020\" data-end=\"1239\">\n<li data-start=\"1020\" data-end=\"1084\">\n<p data-start=\"1022\" data-end=\"1084\"><strong data-start=\"1022\" data-end=\"1048\">Original HP Laptop-Teil<\/strong> \u2013 Originall\u00fcfter Modell KSB0805HCAG1<\/p>\n<\/li>\n<li data-start=\"1085\" data-end=\"1116\">\n<p data-start=\"1087\" data-end=\"1116\"><strong data-start=\"1087\" data-end=\"1103\">Teilenummer:<\/strong> 821163-001<\/p>\n<\/li>\n<li data-start=\"1117\" data-end=\"1183\">\n<p data-start=\"1119\" data-end=\"1183\"><strong data-start=\"1119\" data-end=\"1150\">Verbessert die K\u00fchleffizienz<\/strong> zum Schutz der internen Komponenten<\/p>\n<\/li>\n<li data-start=\"1184\" data-end=\"1239\">\n<p data-start=\"1186\" data-end=\"1239\"><strong data-start=\"1186\" data-end=\"1208\">Langlebig und getestet<\/strong> f\u00fcr dauerhafte Leistung<\/p>\n<\/li>\n<\/ul>\n<h3 data-start=\"1241\" data-end=\"1265\">\u2705 Warum bei uns kaufen?<\/h3>\n<ul data-start=\"1266\" data-end=\"1511\">\n<li data-start=\"1266\" data-end=\"1339\">\n<p data-start=\"1268\" data-end=\"1339\">Echte Fotos des Originalteils \u2013 was Sie sehen, ist genau das, was Sie bekommen<\/p>\n<\/li>\n<li data-start=\"1340\" data-end=\"1394\">\n<p data-start=\"1342\" data-end=\"1394\">Hochwertige <strong data-start=\"1355\" data-end=\"1371\">Laptop-Teile<\/strong> f\u00fcr K\u00e4ufer weltweit<\/p>\n<\/li>\n<li data-start=\"1395\" data-end=\"1421\">\n<p data-start=\"1397\" data-end=\"1421\">Schneller und sicherer Versand<\/p>\n<\/li>\n<li data-start=\"1422\" data-end=\"1511\">\n<p data-start=\"1424\" data-end=\"1511\">Freundlicher Kundenservice \u2013 wenn Sie Hilfe bei der Auswahl des richtigen Teils ben\u00f6tigen, schreiben Sie uns einfach eine Nachricht.<\/p>\n<\/li>\n<\/ul>\n<p data-start=\"1513\" data-end=\"1655\">\u26a0\ufe0f <em data-start=\"1516\" data-end=\"1653\">Bitte beachten: Eine Montageanleitung ist nicht enthalten. Wenn Sie Hilfe beim Austausch ben\u00f6tigen, kontaktieren Sie uns gerne.<\/em><\/p>\n","protected":false},"excerpt":{"rendered":"<p>Halten Sie Ihr HP EliteBook mit diesem originalen KSB0805HCAG1-L\u00fcfter (821163-001) k\u00fchl. Kompatibel mit den Modellen EliteBook 840 G3, 850, 855, 750 und 755.<\/p>\n","protected":false},"featured_media":18630,"template":"","meta":[],"product_brand":[],"product_cat":[69],"product_tag":[61],"class_list":{"0":"post-18570","1":"product","2":"type-product","3":"status-publish","4":"has-post-thumbnail","6":"product_cat-cpu-fans-heatsinks","7":"product_tag-hp","9":"first","10":"instock","11":"taxable","12":"shipping-taxable","13":"purchasable","14":"product-type-simple"},"_links":{"self":[{"href":"https:\/\/boreait.com\/de\/wp-json\/wp\/v2\/product\/18570","targetHints":{"allow":["GET"]}}],"collection":[{"href":"https:\/\/boreait.com\/de\/wp-json\/wp\/v2\/product"}],"about":[{"href":"https:\/\/boreait.com\/de\/wp-json\/wp\/v2\/types\/product"}],"wp:featuredmedia":[{"embeddable":true,"href":"https:\/\/boreait.com\/de\/wp-json\/wp\/v2\/media\/18630"}],"wp:attachment":[{"href":"https:\/\/boreait.com\/de\/wp-json\/wp\/v2\/media?parent=18570"}],"wp:term":[{"taxonomy":"product_brand","embeddable":true,"href":"https:\/\/boreait.com\/de\/wp-json\/wp\/v2\/product_brand?post=18570"},{"taxonomy":"product_cat","embeddable":true,"href":"https:\/\/boreait.com\/de\/wp-json\/wp\/v2\/product_cat?post=18570"},{"taxonomy":"product_tag","embeddable":true,"href":"https:\/\/boreait.com\/de\/wp-json\/wp\/v2\/product_tag?post=18570"}],"curies":[{"name":"wp","href":"https:\/\/api.w.org\/{rel}","templated":true}]}}