{"id":18501,"date":"2025-09-16T15:23:31","date_gmt":"2025-09-16T13:23:31","guid":{"rendered":"https:\/\/boreait.com\/de\/?post_type=product&#038;p=18501"},"modified":"2025-09-16T15:26:19","modified_gmt":"2025-09-16T13:26:19","slug":"original-dell-0j8nnp-wxgahd-webkameramodul","status":"publish","type":"product","link":"https:\/\/boreait.com\/de\/produkt\/original-dell-0j8nnp-wxgahd-webkameramodul\/","title":{"rendered":"Original Dell 0J8NNP WXGAHD-Webkameramodul"},"content":{"rendered":"<p data-start=\"539\" data-end=\"724\">Aktualisieren oder ersetzen Sie Ihre defekte Laptop-Kamera mit diesem <strong data-start=\"594\" data-end=\"642\">Original Dell 0J8NNP WXGAHD-Webcammodul<\/strong>, vollst\u00e4ndig kompatibel mit den Modellen <strong data-start=\"666\" data-end=\"714\">Dell Latitude E5570, E7470, E7270 und E5470<\/strong>.<\/p>\n<p data-start=\"726\" data-end=\"952\">Diese Originalkomponente von Dell bietet <strong data-start=\"764\" data-end=\"787\">klare Videoqualit\u00e4t<\/strong> f\u00fcr Online-Meetings, Videoanrufe und den t\u00e4glichen Gebrauch. Es wurde sorgf\u00e4ltig ausgew\u00e4hlt und getestet und ist daher eine zuverl\u00e4ssige Wahl zur Wiederherstellung der Leistung Ihres Laptops.<\/p>\n<p data-start=\"954\" data-end=\"976\"><strong data-start=\"954\" data-end=\"974\">Produktdetails:<\/strong><\/p>\n<ul data-start=\"977\" data-end=\"1219\">\n<li data-start=\"977\" data-end=\"1004\">\n<p data-start=\"979\" data-end=\"1004\"><strong data-start=\"979\" data-end=\"995\">Teilenummer:<\/strong> 0J8NNP<\/p>\n<\/li>\n<li data-start=\"1005\" data-end=\"1072\">\n<p data-start=\"1007\" data-end=\"1072\"><strong data-start=\"1007\" data-end=\"1029\">Kompatible Modelle:<\/strong> Dell Latitude E5570, E7470, E7270, E5470<\/p>\n<\/li>\n<li data-start=\"1073\" data-end=\"1099\">\n<p data-start=\"1075\" data-end=\"1099\"><strong data-start=\"1075\" data-end=\"1090\">Aufl\u00f6sung:<\/strong> WXGAHD<\/p>\n<\/li>\n<li data-start=\"1100\" data-end=\"1146\">\n<p data-start=\"1102\" data-end=\"1146\"><strong data-start=\"1102\" data-end=\"1116\">Zustand:<\/strong> Original, gepr\u00fcftes Laptop-Teil<\/p>\n<\/li>\n<li data-start=\"1147\" data-end=\"1219\">\n<p data-start=\"1149\" data-end=\"1219\"><strong data-start=\"1149\" data-end=\"1157\">Verwendung:<\/strong> Ersatz-Webcam-Modul f\u00fcr defekte oder besch\u00e4digte Kameras<\/p>\n<\/li>\n<\/ul>\n<p data-start=\"1221\" data-end=\"1243\"><strong data-start=\"1221\" data-end=\"1241\">Warum bei uns kaufen?<\/strong><\/p>\n<ul data-start=\"1244\" data-end=\"1437\">\n<li data-start=\"1244\" data-end=\"1279\">\n<p data-start=\"1246\" data-end=\"1279\">100 % Original-Laptop-Teile von Dell<\/p>\n<\/li>\n<li data-start=\"1280\" data-end=\"1333\">\n<p data-start=\"1282\" data-end=\"1333\">Echte Fotos \u2013 was Sie sehen, ist das, was Sie erhalten<\/p>\n<\/li>\n<li data-start=\"1334\" data-end=\"1366\">\n<p data-start=\"1336\" data-end=\"1366\">Weltweiter Versand m\u00f6glich<\/p>\n<\/li>\n<li data-start=\"1367\" data-end=\"1437\">\n<p data-start=\"1369\" data-end=\"1437\">Professioneller Support: Wenn Sie weitere Unterst\u00fctzung ben\u00f6tigen, schreiben Sie uns einfach eine Nachricht<\/p>\n<\/li>\n<\/ul>\n<p data-start=\"1439\" data-end=\"1539\">Erwecken Sie Ihren Laptop mit einem zuverl\u00e4ssigen <strong data-start=\"1488\" data-end=\"1524\">Dell Latitude-Webcam-Ersatz<\/strong> von Siggmo.<\/p>\n","protected":false},"excerpt":{"rendered":"<p>Original Dell 0J8NNP-Webkameramodul f\u00fcr Latitude E5570-, E7470-, E7270- und E5470-Laptops. Gepr\u00fcftes Original-Laptopteil \u2013 WXGAHD-Aufl\u00f6sung.<\/p>\n","protected":false},"featured_media":18566,"template":"","meta":[],"product_brand":[],"product_cat":[59],"product_tag":[53],"class_list":{"0":"post-18501","1":"product","2":"type-product","3":"status-publish","4":"has-post-thumbnail","6":"product_cat-laptop-camera","7":"product_tag-dell","9":"first","10":"instock","11":"taxable","12":"shipping-taxable","13":"purchasable","14":"product-type-simple"},"_links":{"self":[{"href":"https:\/\/boreait.com\/de\/wp-json\/wp\/v2\/product\/18501","targetHints":{"allow":["GET"]}}],"collection":[{"href":"https:\/\/boreait.com\/de\/wp-json\/wp\/v2\/product"}],"about":[{"href":"https:\/\/boreait.com\/de\/wp-json\/wp\/v2\/types\/product"}],"wp:featuredmedia":[{"embeddable":true,"href":"https:\/\/boreait.com\/de\/wp-json\/wp\/v2\/media\/18566"}],"wp:attachment":[{"href":"https:\/\/boreait.com\/de\/wp-json\/wp\/v2\/media?parent=18501"}],"wp:term":[{"taxonomy":"product_brand","embeddable":true,"href":"https:\/\/boreait.com\/de\/wp-json\/wp\/v2\/product_brand?post=18501"},{"taxonomy":"product_cat","embeddable":true,"href":"https:\/\/boreait.com\/de\/wp-json\/wp\/v2\/product_cat?post=18501"},{"taxonomy":"product_tag","embeddable":true,"href":"https:\/\/boreait.com\/de\/wp-json\/wp\/v2\/product_tag?post=18501"}],"curies":[{"name":"wp","href":"https:\/\/api.w.org\/{rel}","templated":true}]}}