{"id":18488,"date":"2025-09-16T15:23:01","date_gmt":"2025-09-16T13:23:01","guid":{"rendered":"https:\/\/boreait.com\/de\/?post_type=product&#038;p=18488"},"modified":"2025-09-16T15:25:53","modified_gmt":"2025-09-16T13:25:53","slug":"dell-latitude-e5470-kuehlkoerper-luefter-uma-intel-cpu-gpu-0h3h1p-0wkt5y-laptop-teile","status":"publish","type":"product","link":"https:\/\/boreait.com\/de\/produkt\/dell-latitude-e5470-kuehlkoerper-luefter-uma-intel-cpu-gpu-0h3h1p-0wkt5y-laptop-teile\/","title":{"rendered":"Dell Latitude E5470 K\u00fchlk\u00f6rper L\u00fcfter UMA Intel CPU GPU 0H3H1P 0WKT5Y Laptop-Teile"},"content":{"rendered":"<p data-start=\"533\" data-end=\"814\">Dies ist eine originale <strong data-start=\"553\" data-end=\"618\">K\u00fchlk\u00f6rperbaugruppe mit L\u00fcfter f\u00fcr Dell Latitude E5470-Laptops<\/strong>, entwickelt f\u00fcr Modelle mit <strong data-start=\"645\" data-end=\"680\">Intel Integrated Graphics (UMA)<\/strong>. Es gew\u00e4hrleistet eine stabile K\u00fchlleistung und effiziente W\u00e4rmeableitung und sch\u00fctzt so Ihr Motherboard und Ihre CPU auch bei hoher Belastung.<\/p>\n<p data-start=\"816\" data-end=\"840\">\u2705 <strong data-start=\"818\" data-end=\"838\">Produktdetails:<\/strong><\/p>\n<ul data-start=\"841\" data-end=\"1078\">\n<li data-start=\"841\" data-end=\"882\">\n<p data-start=\"843\" data-end=\"882\">Kompatibles Modell: Dell Latitude E5470<\/p>\n<\/li>\n<li data-start=\"883\" data-end=\"933\">\n<p data-start=\"885\" data-end=\"933\">Grafiktyp: Integrierte Intel-Grafik (UMA)<\/p>\n<\/li>\n<li data-start=\"934\" data-end=\"979\">\n<p data-start=\"936\" data-end=\"979\">Lieferumfang: K\u00fchlk\u00f6rper + L\u00fcfter<\/p>\n<\/li>\n<li data-start=\"980\" data-end=\"1025\">\n<p data-start=\"982\" data-end=\"1025\">Hersteller-Teilenummer: 0H3H1P, 0WKT5Y<\/p>\n<\/li>\n<li data-start=\"1026\" data-end=\"1078\">\n<p data-start=\"1028\" data-end=\"1078\">Zustand: Original, gepr\u00fcft und voll funktionsf\u00e4hig<\/p>\n<\/li>\n<\/ul>\n<p data-start=\"1080\" data-end=\"1233\">Dieses Laptop-Teil eignet sich ideal zum Austausch eines defekten oder lauten L\u00fcfters oder zur Reparatur Ihres Dell Latitude E5470 zur Wiederherstellung der ordnungsgem\u00e4\u00dfen K\u00fchlleistung.<\/p>\n<p data-start=\"1235\" data-end=\"1271\">\u26a1 <strong data-start=\"1237\" data-end=\"1269\">Warum dieses Laptop-Teil?<\/strong><\/p>\n<ul data-start=\"1272\" data-end=\"1489\">\n<li data-start=\"1272\" data-end=\"1328\">\n<p data-start=\"1274\" data-end=\"1328\">100 % Original-Dell-Komponente f\u00fcr zuverl\u00e4ssige Leistung<\/p>\n<\/li>\n<li data-start=\"1329\" data-end=\"1394\">\n<p data-start=\"1331\" data-end=\"1394\">Verhindert \u00dcberhitzung und verl\u00e4ngert die Lebensdauer Ihres Laptops<\/p>\n<\/li>\n<li data-start=\"1395\" data-end=\"1456\">\n<p data-start=\"1397\" data-end=\"1456\">Echte Produktfotos \u2013 Sie erhalten genau das, was Sie sehen<\/p>\n<\/li>\n<li data-start=\"1457\" data-end=\"1489\">\n<p data-start=\"1459\" data-end=\"1489\">Weltweiter Versand m\u00f6glich<\/p>\n<\/li>\n<\/ul>\n<p data-start=\"1491\" data-end=\"1596\">\ud83d\udca1 <strong data-start=\"1494\" data-end=\"1503\">Hinweis:<\/strong> Wir stellen keine Installationsanleitung zur Verf\u00fcgung. Wenn Sie jedoch Hilfe ben\u00f6tigen, schreiben Sie uns gerne eine Nachricht.<\/p>\n","protected":false},"excerpt":{"rendered":"<p>Original Dell Latitude E5470 K\u00fchlk\u00f6rperbaugruppe mit L\u00fcfter f\u00fcr Intel UMA-Grafiken. Kompatibel mit den Teilenummern 0H3H1P und 0WKT5Y.<\/p>\n","protected":false},"featured_media":18555,"template":"","meta":[],"product_brand":[],"product_cat":[69],"product_tag":[53],"class_list":{"0":"post-18488","1":"product","2":"type-product","3":"status-publish","4":"has-post-thumbnail","6":"product_cat-cpu-fans-heatsinks","7":"product_tag-dell","9":"first","10":"instock","11":"taxable","12":"shipping-taxable","13":"purchasable","14":"product-type-simple"},"_links":{"self":[{"href":"https:\/\/boreait.com\/de\/wp-json\/wp\/v2\/product\/18488","targetHints":{"allow":["GET"]}}],"collection":[{"href":"https:\/\/boreait.com\/de\/wp-json\/wp\/v2\/product"}],"about":[{"href":"https:\/\/boreait.com\/de\/wp-json\/wp\/v2\/types\/product"}],"wp:featuredmedia":[{"embeddable":true,"href":"https:\/\/boreait.com\/de\/wp-json\/wp\/v2\/media\/18555"}],"wp:attachment":[{"href":"https:\/\/boreait.com\/de\/wp-json\/wp\/v2\/media?parent=18488"}],"wp:term":[{"taxonomy":"product_brand","embeddable":true,"href":"https:\/\/boreait.com\/de\/wp-json\/wp\/v2\/product_brand?post=18488"},{"taxonomy":"product_cat","embeddable":true,"href":"https:\/\/boreait.com\/de\/wp-json\/wp\/v2\/product_cat?post=18488"},{"taxonomy":"product_tag","embeddable":true,"href":"https:\/\/boreait.com\/de\/wp-json\/wp\/v2\/product_tag?post=18488"}],"curies":[{"name":"wp","href":"https:\/\/api.w.org\/{rel}","templated":true}]}}