{"id":18476,"date":"2025-09-16T15:22:30","date_gmt":"2025-09-16T13:22:30","guid":{"rendered":"https:\/\/boreait.com\/de\/?post_type=product&#038;p=18476"},"modified":"2025-09-16T15:25:26","modified_gmt":"2025-09-16T13:25:26","slug":"lenovo-thinkpad-x280-a285-x390-x395-l13-tastatur","status":"publish","type":"product","link":"https:\/\/boreait.com\/de\/produkt\/lenovo-thinkpad-x280-a285-x390-x395-l13-tastatur\/","title":{"rendered":"Lenovo Thinkpad X280 A285 X390 X395 L13 Tastatur"},"content":{"rendered":"<p data-start=\"260\" data-end=\"638\">Aktualisieren oder ersetzen Sie Ihre defekte Tastatur mit dieser <strong data-start=\"365\" data-end=\"398\">zuverl\u00e4ssigen Ersatztastatur<\/strong>, die speziell f\u00fcr die Modelle der Lenovo ThinkPad-Serie <strong data-start=\"456\" data-end=\"509\">E580, E585, E590, E595, T590, L580, L590 und P52<\/strong> entwickelt wurde. Diese Tastatur ist auf Langlebigkeit und Pr\u00e4zision ausgelegt und bietet eine perfekte Passform und ein fl\u00fcssiges Tipperlebnis \u2013 genau wie das Original.<\/p>\n<ul data-start=\"640\" data-end=\"1063\">\n<li data-start=\"640\" data-end=\"716\">\n<p data-start=\"642\" data-end=\"716\">\u2705 <strong data-start=\"644\" data-end=\"668\">Modellkompatibilit\u00e4t:<\/strong> E580, E585, E590, E595, T590, L580, L590, P52<\/p>\n<\/li>\n<li data-start=\"717\" data-end=\"791\">\n<p data-start=\"719\" data-end=\"791\">\u2705 <strong data-start=\"721\" data-end=\"744\">Hochwertige Verarbeitung:<\/strong> Langlebige Tasten mit hervorragendem Tastgef\u00fchl Feedback<\/p>\n<\/li>\n<li data-start=\"792\" data-end=\"871\">\n<p data-start=\"794\" data-end=\"871\">\u2705 <strong data-start=\"796\" data-end=\"813\">Passgenau:<\/strong> F\u00fcr eine nahtlose Installation ohne \u00c4nderungen konzipiert<\/p>\n<\/li>\n<li data-start=\"872\" data-end=\"949\">\n<p data-start=\"874\" data-end=\"949\">\u2705 <strong data-start=\"876\" data-end=\"900\">Echte Produktfotos:<\/strong> Was Sie sehen, ist, was Sie bekommen \u2013 keine Archivbilder<\/p>\n<\/li>\n<li data-start=\"950\" data-end=\"1063\">\n<p data-start=\"952\" data-end=\"1063\">\u2705 <strong data-start=\"954\" data-end=\"978\">Perfekt f\u00fcr Reparaturen:<\/strong> Die ideale L\u00f6sung, wenn Ihre Originaltastatur besch\u00e4digt ist, Tasten fehlen oder nicht reagiert.<\/p>\n<\/li>\n<\/ul>\n<p data-start=\"1065\" data-end=\"1210\">Ob Sie ein Reparaturprofi sind oder einfach nur Ihr Laptop-Teil selbst austauschen, diese Tastatur bietet eine kosteng\u00fcnstige und zuverl\u00e4ssige L\u00f6sung.<\/p>\n","protected":false},"excerpt":{"rendered":"<p>Zuverl\u00e4ssige Ersatztastatur f\u00fcr die Modelle Lenovo ThinkPad E580, E585, E590, E595, T590, L580, L590 und P52. Hochwertiges Laptop-Teil mit pr\u00e4ziser Passform und echten Produktfotos inklusive.<\/p>\n","protected":false},"featured_media":18543,"template":"","meta":[],"product_brand":[],"product_cat":[71],"product_tag":[62],"class_list":{"0":"post-18476","1":"product","2":"type-product","3":"status-publish","4":"has-post-thumbnail","6":"product_cat-laptop-keyboard","7":"product_tag-lenovo","9":"first","10":"instock","11":"taxable","12":"shipping-taxable","13":"purchasable","14":"product-type-simple"},"_links":{"self":[{"href":"https:\/\/boreait.com\/de\/wp-json\/wp\/v2\/product\/18476","targetHints":{"allow":["GET"]}}],"collection":[{"href":"https:\/\/boreait.com\/de\/wp-json\/wp\/v2\/product"}],"about":[{"href":"https:\/\/boreait.com\/de\/wp-json\/wp\/v2\/types\/product"}],"wp:featuredmedia":[{"embeddable":true,"href":"https:\/\/boreait.com\/de\/wp-json\/wp\/v2\/media\/18543"}],"wp:attachment":[{"href":"https:\/\/boreait.com\/de\/wp-json\/wp\/v2\/media?parent=18476"}],"wp:term":[{"taxonomy":"product_brand","embeddable":true,"href":"https:\/\/boreait.com\/de\/wp-json\/wp\/v2\/product_brand?post=18476"},{"taxonomy":"product_cat","embeddable":true,"href":"https:\/\/boreait.com\/de\/wp-json\/wp\/v2\/product_cat?post=18476"},{"taxonomy":"product_tag","embeddable":true,"href":"https:\/\/boreait.com\/de\/wp-json\/wp\/v2\/product_tag?post=18476"}],"curies":[{"name":"wp","href":"https:\/\/api.w.org\/{rel}","templated":true}]}}