{"id":18442,"date":"2025-09-16T15:21:09","date_gmt":"2025-09-16T13:21:09","guid":{"rendered":"https:\/\/boreait.com\/de\/?post_type=product&#038;p=18442"},"modified":"2025-09-16T15:23:55","modified_gmt":"2025-09-16T13:23:55","slug":"lenovo-thinkpad-l490-touchpad-8ssm10p360-ersatz-original-laptop-teil","status":"publish","type":"product","link":"https:\/\/boreait.com\/de\/produkt\/lenovo-thinkpad-l490-touchpad-8ssm10p360-ersatz-original-laptop-teil\/","title":{"rendered":"Lenovo ThinkPad L490 Touchpad 8SSM10P360 Ersatz | Original Laptop-Teil"},"content":{"rendered":"<p data-start=\"674\" data-end=\"965\">Dies ist ein originales <strong data-start=\"694\" data-end=\"727\">Lenovo ThinkPad L490-Touchpad<\/strong>, Teilenummer <strong data-start=\"741\" data-end=\"755\">8SSM10P360<\/strong>, das entwickelt wurde, um die reibungslose Navigation und pr\u00e4zise Steuerung Ihres Laptops wiederherzustellen. Egal, ob Ihr aktuelles Touchpad nicht mehr reagiert, besch\u00e4digt oder abgenutzt ist \u2013 dieses Lenovo Originalteil ist der perfekte Ersatz.<\/p>\n<p data-start=\"967\" data-end=\"989\"><strong data-start=\"967\" data-end=\"987\">Produktdetails:<\/strong><\/p>\n<ul data-start=\"990\" data-end=\"1235\">\n<li data-start=\"990\" data-end=\"1039\">\n<p data-start=\"992\" data-end=\"1039\">Modellkompatibilit\u00e4t: <strong data-start=\"1013\" data-end=\"1037\">Lenovo ThinkPad L490<\/strong><\/p>\n<\/li>\n<li data-start=\"1040\" data-end=\"1071\">\n<p data-start=\"1042\" data-end=\"1071\">Teilenummer: <strong data-start=\"1055\" data-end=\"1069\">8SSM10P360<\/strong><\/p>\n<\/li>\n<li data-start=\"1072\" data-end=\"1113\">\n<p data-start=\"1074\" data-end=\"1113\">Typ: <strong data-start=\"1080\" data-end=\"1111\">Ersatz-Laptop-Touchpad<\/strong><\/p>\n<\/li>\n<li data-start=\"1114\" data-end=\"1176\">\n<p data-start=\"1116\" data-end=\"1176\">Zustand: Original, gepr\u00fcft und in einwandfreiem Zustand<\/p>\n<\/li>\n<li data-start=\"1177\" data-end=\"1235\">\n<p data-start=\"1179\" data-end=\"1235\">Fotos: Echte Fotos des genauen Sie erhalten dieses Ersatzteil<\/p>\n<\/li>\n<\/ul>\n<p data-start=\"1237\" data-end=\"1271\"><strong data-start=\"1237\" data-end=\"1269\">Warum dieses Laptop-Ersatzteil?<\/strong><\/p>\n<ul data-start=\"1272\" data-end=\"1485\">\n<li data-start=\"1272\" data-end=\"1312\">\n<p data-start=\"1274\" data-end=\"1312\">100 % original Lenovo-Ersatzteil<\/p>\n<\/li>\n<li data-start=\"1313\" data-end=\"1373\">\n<p data-start=\"1315\" data-end=\"1373\">Sorgt f\u00fcr pr\u00e4zise Cursorbewegungen und Multi-Touch-Unterst\u00fctzung<\/p>\n<\/li>\n<li data-start=\"1374\" data-end=\"1419\">\n<p data-start=\"1376\" data-end=\"1419\">Einfache Installation durch einen qualifizierten Techniker<\/p>\n<\/li>\n<li data-start=\"1420\" data-end=\"1485\">\n<p data-start=\"1422\" data-end=\"1485\">Ideale L\u00f6sung, wenn Ihr vorhandenes Touchpad defekt oder besch\u00e4digt ist<\/p>\n<\/li>\n<\/ul>\n<p data-start=\"1487\" data-end=\"1605\">\ud83d\udccc <strong data-start=\"1490\" data-end=\"1499\">Hinweis:<\/strong> Wir stellen keine Installationsanleitung zur Verf\u00fcgung. Sollten Sie jedoch weitere Unterst\u00fctzung ben\u00f6tigen, kontaktieren Sie uns gerne.<\/p>\n<p data-start=\"1607\" data-end=\"1876\">Dieses Touchpad ist Teil unserer <strong data-start=\"1636\" data-end=\"1663\">Laptop-Ersatzteilsammlung<\/strong> mit zuverl\u00e4ssigen Komponenten f\u00fcr Reparaturen und Upgrades. Durch die Wahl von Originalteilen wie dem <strong data-start=\"1755\" data-end=\"1799\">Lenovo ThinkPad L490 8SSM10P360 Touchpad<\/strong> verl\u00e4ngern Sie die Lebensdauer Ihres Ger\u00e4ts und erhalten seine urspr\u00fcngliche Leistung.<\/p>\n","protected":false},"excerpt":{"rendered":"<p>Original Lenovo ThinkPad L490 Touchpad (Teilenummer 8SSM10P360). Zuverl\u00e4ssiges Laptop-Ersatzteil, getestet und in ausgezeichnetem Zustand. Die Fotos zeigen das tats\u00e4chlich gelieferte Produkt.<\/p>\n","protected":false},"featured_media":18507,"template":"","meta":[],"product_brand":[],"product_cat":[78],"product_tag":[62],"class_list":{"0":"post-18442","1":"product","2":"type-product","3":"status-publish","4":"has-post-thumbnail","6":"product_cat-laptop-touchpads","7":"product_tag-lenovo","9":"first","10":"instock","11":"taxable","12":"shipping-taxable","13":"purchasable","14":"product-type-simple"},"_links":{"self":[{"href":"https:\/\/boreait.com\/de\/wp-json\/wp\/v2\/product\/18442","targetHints":{"allow":["GET"]}}],"collection":[{"href":"https:\/\/boreait.com\/de\/wp-json\/wp\/v2\/product"}],"about":[{"href":"https:\/\/boreait.com\/de\/wp-json\/wp\/v2\/types\/product"}],"wp:featuredmedia":[{"embeddable":true,"href":"https:\/\/boreait.com\/de\/wp-json\/wp\/v2\/media\/18507"}],"wp:attachment":[{"href":"https:\/\/boreait.com\/de\/wp-json\/wp\/v2\/media?parent=18442"}],"wp:term":[{"taxonomy":"product_brand","embeddable":true,"href":"https:\/\/boreait.com\/de\/wp-json\/wp\/v2\/product_brand?post=18442"},{"taxonomy":"product_cat","embeddable":true,"href":"https:\/\/boreait.com\/de\/wp-json\/wp\/v2\/product_cat?post=18442"},{"taxonomy":"product_tag","embeddable":true,"href":"https:\/\/boreait.com\/de\/wp-json\/wp\/v2\/product_tag?post=18442"}],"curies":[{"name":"wp","href":"https:\/\/api.w.org\/{rel}","templated":true}]}}