{"id":18435,"date":"2025-09-16T15:20:44","date_gmt":"2025-09-16T13:20:44","guid":{"rendered":"https:\/\/boreait.com\/de\/?post_type=product&#038;p=18435"},"modified":"2025-09-16T15:23:48","modified_gmt":"2025-09-16T13:23:48","slug":"lenovo-thinkpad-l480-l490-laptop-cpu-kuehler-kuehlkoerper-luefter-02dm005-02dm006","status":"publish","type":"product","link":"https:\/\/boreait.com\/de\/produkt\/lenovo-thinkpad-l480-l490-laptop-cpu-kuehler-kuehlkoerper-luefter-02dm005-02dm006\/","title":{"rendered":"Lenovo ThinkPad L480 L490 Laptop CPU-K\u00fchler K\u00fchlk\u00f6rper L\u00fcfter 02DM005 02DM006"},"content":{"rendered":"<p data-start=\"722\" data-end=\"1008\">Sorgen Sie mit diesem originalen <strong data-start=\"786\" data-end=\"853\">Lenovo ThinkPad L480 \/ L490 Laptop-CPU-K\u00fchler mit L\u00fcfter<\/strong> f\u00fcr einen effizienten Betrieb Ihres Lenovo ThinkPads. Dieses Teil wurde entwickelt, um verschlissene oder defekte K\u00fchlsysteme zu ersetzen. Es sorgt f\u00fcr eine ordnungsgem\u00e4\u00dfe W\u00e4rmeableitung und sch\u00fctzt die CPU Ihres Laptops vor \u00dcberhitzung.<\/p>\n<p data-start=\"1010\" data-end=\"1187\">\ud83d\udd27 <strong data-start=\"1013\" data-end=\"1045\">Kompatibilit\u00e4t & Teilenummern<\/strong><br data-start=\"1045\" data-end=\"1048\" \/>Diese L\u00fcfter-K\u00fchlk\u00f6rper-Baugruppe ist vollst\u00e4ndig kompatibel mit den Modellen Lenovo ThinkPad L480 und L490. Unterst\u00fctzte FRU\/Teilenummer:<\/p>\n<ul data-start=\"1188\" data-end=\"1275\">\n<li data-start=\"1188\" data-end=\"1199\">\n<p data-start=\"1190\" data-end=\"1199\">02DM005<\/p>\n<\/li>\n<li data-start=\"1200\" data-end=\"1211\">\n<p data-start=\"1202\" data-end=\"1211\">02DM006<\/p>\n<\/li>\n<li data-start=\"1212\" data-end=\"1223\">\n<p data-start=\"1214\" data-end=\"1223\">02DM007<\/p>\n<\/li>\n<li data-start=\"1224\" data-end=\"1239\">\n<p data-start=\"1226\" data-end=\"1239\">AT1AZ002DT0<\/p>\n<\/li>\n<li data-start=\"1240\" data-end=\"1251\">\n<p data-start=\"1242\" data-end=\"1251\">01LW143<\/p>\n<\/li>\n<li data-start=\"1252\" data-end=\"1263\">\n<p data-start=\"1254\" data-end=\"1263\">01LW144<\/p>\n<\/li>\n<li data-start=\"1264\" data-end=\"1275\">\n<p data-start=\"1266\" data-end=\"1275\">01LW145<\/p>\n<\/li>\n<\/ul>\n<p data-start=\"1277\" data-end=\"1314\">\ud83d\udee0 <strong data-start=\"1280\" data-end=\"1312\">Warum dieses Ersatzteil?<\/strong><\/p>\n<ul data-start=\"1315\" data-end=\"1542\">\n<li data-start=\"1315\" data-end=\"1350\">\n<p data-start=\"1317\" data-end=\"1350\">100 % Original-Lenovo-Laptop-Teil<\/p>\n<\/li>\n<li data-start=\"1351\" data-end=\"1416\">\n<p data-start=\"1353\" data-end=\"1416\">Sorgt f\u00fcr stabile Systemleistung durch Vermeidung von \u00dcberhitzung<\/p>\n<\/li>\n<li data-start=\"1417\" data-end=\"1480\">\n<p data-start=\"1419\" data-end=\"1480\">Ideal, um Ihr ThinkPad wieder in einen optimalen Betriebszustand zu versetzen<\/p>\n<\/li>\n<li data-start=\"1481\" data-end=\"1542\">\n<p data-start=\"1483\" data-end=\"1542\">Echte Produktfotos \u2013 Sie erhalten genau das, was Sie sehen<\/p>\n<\/li>\n<\/ul>\n<p data-start=\"1544\" data-end=\"1763\">\ud83d\udce6 <strong data-start=\"1547\" data-end=\"1563\">Hinweis:<\/strong><br data-start=\"1563\" data-end=\"1566\" \/>Dieser Artikel wird <strong data-start=\"1601\" data-end=\"1621\">nur als Ersatzteil f\u00fcr Laptops<\/strong> verkauft. Es enth\u00e4lt keine Schritt-f\u00fcr-Schritt-Installationsanleitung. Wenn Sie jedoch Hilfe ben\u00f6tigen oder Fragen haben, k\u00f6nnen Sie sich jederzeit an uns wenden.<\/p>\n<p data-start=\"1765\" data-end=\"1945\">\u2705 Egal, ob Sie Ihren eigenen Laptop reparieren oder IT-Ger\u00e4te f\u00fcr den gesch\u00e4ftlichen Gebrauch verwalten, dieser Lenovo CPU-K\u00fchler mit L\u00fcfter ist eine zuverl\u00e4ssige L\u00f6sung, um die Lebensdauer Ihres ThinkPads zu verl\u00e4ngern.<\/p>\n","protected":false},"excerpt":{"rendered":"<p>Original Lenovo ThinkPad L480\/L490 Laptop CPU-K\u00fchler mit L\u00fcfter. Kompatibel mit den Teilenummern 02DM005, 02DM006, 02DM007, AT1AZ002DT0, 01LW143, 01LW144 und 01LW145. Perfektes Laptop-Ersatzteil f\u00fcr einen k\u00fchlen und reibungslosen Betrieb Ihres Systems.<\/p>\n","protected":false},"featured_media":18506,"template":"","meta":[],"product_brand":[],"product_cat":[69],"product_tag":[62],"class_list":{"0":"post-18435","1":"product","2":"type-product","3":"status-publish","4":"has-post-thumbnail","6":"product_cat-cpu-fans-heatsinks","7":"product_tag-lenovo","9":"first","10":"instock","11":"taxable","12":"shipping-taxable","13":"purchasable","14":"product-type-simple"},"_links":{"self":[{"href":"https:\/\/boreait.com\/de\/wp-json\/wp\/v2\/product\/18435","targetHints":{"allow":["GET"]}}],"collection":[{"href":"https:\/\/boreait.com\/de\/wp-json\/wp\/v2\/product"}],"about":[{"href":"https:\/\/boreait.com\/de\/wp-json\/wp\/v2\/types\/product"}],"wp:featuredmedia":[{"embeddable":true,"href":"https:\/\/boreait.com\/de\/wp-json\/wp\/v2\/media\/18506"}],"wp:attachment":[{"href":"https:\/\/boreait.com\/de\/wp-json\/wp\/v2\/media?parent=18435"}],"wp:term":[{"taxonomy":"product_brand","embeddable":true,"href":"https:\/\/boreait.com\/de\/wp-json\/wp\/v2\/product_brand?post=18435"},{"taxonomy":"product_cat","embeddable":true,"href":"https:\/\/boreait.com\/de\/wp-json\/wp\/v2\/product_cat?post=18435"},{"taxonomy":"product_tag","embeddable":true,"href":"https:\/\/boreait.com\/de\/wp-json\/wp\/v2\/product_tag?post=18435"}],"curies":[{"name":"wp","href":"https:\/\/api.w.org\/{rel}","templated":true}]}}