{"id":18423,"date":"2025-09-16T15:20:18","date_gmt":"2025-09-16T13:20:18","guid":{"rendered":"https:\/\/boreait.com\/de\/?post_type=product&#038;p=18423"},"modified":"2025-09-16T15:23:09","modified_gmt":"2025-09-16T13:23:09","slug":"ap169000d00-original-lenovo-thinkpad-t480-20l6-s29e00-laptop-teile-hintere-deckel-rueckabdeckung","status":"publish","type":"product","link":"https:\/\/boreait.com\/de\/produkt\/ap169000d00-original-lenovo-thinkpad-t480-20l6-s29e00-laptop-teile-hintere-deckel-rueckabdeckung\/","title":{"rendered":"AP169000D00 Original Lenovo ThinkPad T480 20L6-S29E00 Laptop-Teile Hintere Deckel-R\u00fcckabdeckung"},"content":{"rendered":"<p data-start=\"496\" data-end=\"776\">Dies ist eine <strong data-start=\"506\" data-end=\"535\">Original-R\u00fcckabdeckung von Lenovo<\/strong> f\u00fcr die <strong data-start=\"544\" data-end=\"588\">ThinkPad T480-Serie (Modell 20L6-S29E00)<\/strong>, Teilenummer <strong data-start=\"602\" data-end=\"617\">AP169000D00<\/strong>. Diese Ersatzr\u00fcckabdeckung ist perfekt auf Ihr Notebook zugeschnitten und besteht aus langlebigen Materialien, um das urspr\u00fcngliche Aussehen und den Schutz Ihres Ger\u00e4ts wiederherzustellen.<\/p>\n<p data-start=\"778\" data-end=\"949\">Ob Ihre aktuelle R\u00fcckabdeckung zerkratzt, gesprungen oder besch\u00e4digt ist \u2013 dieses originale Lenovo-Ersatzteil garantiert im Vergleich zu Alternativen von Drittanbietern die perfekte Passform und Verarbeitung.<\/p>\n<p data-start=\"951\" data-end=\"973\"><strong data-start=\"951\" data-end=\"971\">Produktdetails:<\/strong><\/p>\n<ul data-start=\"974\" data-end=\"1228\">\n<li data-start=\"974\" data-end=\"1034\">\n<p data-start=\"976\" data-end=\"1034\"><strong data-start=\"976\" data-end=\"997\">Kompatibles Modell:<\/strong> Lenovo ThinkPad T480 (20L6-S29E00)<\/p>\n<\/li>\n<li data-start=\"1035\" data-end=\"1067\">\n<p data-start=\"1037\" data-end=\"1067\"><strong data-start=\"1037\" data-end=\"1053\">Teilenummer:<\/strong> AP169000D00<\/p>\n<\/li>\n<li data-start=\"1068\" data-end=\"1103\">\n<p data-start=\"1070\" data-end=\"1103\"><strong data-start=\"1070\" data-end=\"1079\">Typ:<\/strong> R\u00fcckdeckel \/ R\u00fcckabdeckung<\/p>\n<\/li>\n<li data-start=\"1104\" data-end=\"1170\">\n<p data-start=\"1106\" data-end=\"1170\"><strong data-start=\"1106\" data-end=\"1120\">Zustand:<\/strong> Original, sorgf\u00e4ltig gepr\u00fcft und einbaufertig<\/p>\n<\/li>\n<li data-start=\"1171\" data-end=\"1228\">\n<p data-start=\"1173\" data-end=\"1228\"><strong data-start=\"1173\" data-end=\"1186\">Kategorie:<\/strong> Laptop-Teile f\u00fcr Reparatur und Austausch<\/p>\n<\/li>\n<\/ul>\n<p data-start=\"1230\" data-end=\"1260\"><strong data-start=\"1230\" data-end=\"1258\">Warum dieses Produkt w\u00e4hlen?<\/strong><\/p>\n<ul data-start=\"1261\" data-end=\"1521\">\n<li data-start=\"1261\" data-end=\"1330\">\n<p data-start=\"1263\" data-end=\"1330\">100 % <strong data-start=\"1268\" data-end=\"1293\">Original-Lenovo-Teil<\/strong>, keine Kopie oder generische Alternative<\/p>\n<\/li>\n<li data-start=\"1331\" data-end=\"1390\">\n<p data-start=\"1333\" data-end=\"1390\">Stellt das <strong data-start=\"1356\" data-end=\"1388\">urspr\u00fcngliche Aussehen und die Haltbarkeit Ihres Laptops wieder her<\/strong><\/p>\n<\/li>\n<li data-start=\"1391\" data-end=\"1457\">\n<p data-start=\"1393\" data-end=\"1457\">Ideal f\u00fcr <strong data-start=\"1405\" data-end=\"1455\">Reparaturwerkst\u00e4tten, Techniker oder Laptop-Selbstbauer Benutzer<\/strong><\/p>\n<\/li>\n<li data-start=\"1458\" data-end=\"1521\">\n<p data-start=\"1460\" data-end=\"1521\">Alle Fotos sind <strong data-start=\"1475\" data-end=\"1492\">echte Bilder<\/strong> des Teils, das Sie erhalten.<\/p>\n<\/li>\n<\/ul>\n<p data-start=\"1523\" data-end=\"1667\">\ud83d\udccc <em data-start=\"1526\" data-end=\"1665\">Hinweis: Dieses Angebot gilt nur f\u00fcr die R\u00fcckseite. Es liegt keine Anleitung zum Austausch bei. Sollten Sie Hilfe ben\u00f6tigen, k\u00f6nnen Sie uns jederzeit eine Nachricht senden.<\/em><\/p>\n","protected":false},"excerpt":{"rendered":"<p>Ersetzen Sie Ihre besch\u00e4digte oder abgenutzte R\u00fcckabdeckung durch diese <strong data-start=\"320\" data-end=\"361\">Original-R\u00fcckabdeckung f\u00fcr Lenovo ThinkPad T480<\/strong> (Teilenummer AP169000D00). 100 % Originalteil, sorgf\u00e4ltig gepr\u00fcft und versandbereit.<\/p>\n","protected":false},"featured_media":18491,"template":"","meta":[],"product_brand":[],"product_cat":[52],"product_tag":[62],"class_list":{"0":"post-18423","1":"product","2":"type-product","3":"status-publish","4":"has-post-thumbnail","6":"product_cat-laptop-housing","7":"product_tag-lenovo","9":"first","10":"instock","11":"taxable","12":"shipping-taxable","13":"purchasable","14":"product-type-simple"},"_links":{"self":[{"href":"https:\/\/boreait.com\/de\/wp-json\/wp\/v2\/product\/18423","targetHints":{"allow":["GET"]}}],"collection":[{"href":"https:\/\/boreait.com\/de\/wp-json\/wp\/v2\/product"}],"about":[{"href":"https:\/\/boreait.com\/de\/wp-json\/wp\/v2\/types\/product"}],"wp:featuredmedia":[{"embeddable":true,"href":"https:\/\/boreait.com\/de\/wp-json\/wp\/v2\/media\/18491"}],"wp:attachment":[{"href":"https:\/\/boreait.com\/de\/wp-json\/wp\/v2\/media?parent=18423"}],"wp:term":[{"taxonomy":"product_brand","embeddable":true,"href":"https:\/\/boreait.com\/de\/wp-json\/wp\/v2\/product_brand?post=18423"},{"taxonomy":"product_cat","embeddable":true,"href":"https:\/\/boreait.com\/de\/wp-json\/wp\/v2\/product_cat?post=18423"},{"taxonomy":"product_tag","embeddable":true,"href":"https:\/\/boreait.com\/de\/wp-json\/wp\/v2\/product_tag?post=18423"}],"curies":[{"name":"wp","href":"https:\/\/api.w.org\/{rel}","templated":true}]}}