{"id":18416,"date":"2025-09-16T15:19:53","date_gmt":"2025-09-16T13:19:53","guid":{"rendered":"https:\/\/boreait.com\/de\/?post_type=product&#038;p=18416"},"modified":"2025-09-16T15:22:46","modified_gmt":"2025-09-16T13:22:46","slug":"lenovo-thinkpad-t480-untere-basisabdeckung-ap169000600-01yr485-laptop-teile","status":"publish","type":"product","link":"https:\/\/boreait.com\/de\/produkt\/lenovo-thinkpad-t480-untere-basisabdeckung-ap169000600-01yr485-laptop-teile\/","title":{"rendered":"Lenovo ThinkPad T480 Untere Basisabdeckung AP169000600 01YR485 Laptop-Teile"},"content":{"rendered":"<p data-start=\"569\" data-end=\"901\">Dies ist eine <strong data-start=\"580\" data-end=\"631\">originale untere Basisabdeckung f\u00fcr Lenovo ThinkPad T480<\/strong>, Teilenummern <strong data-start=\"646\" data-end=\"661\">AP169000600<\/strong> und <strong data-start=\"666\" data-end=\"677\">01YR485<\/strong>. Diese langlebige und pr\u00e4zise Ersatzabdeckung wurde speziell f\u00fcr die ThinkPad T480-Serie entwickelt. Sie stellt die strukturelle Integrit\u00e4t Ihres Laptops wieder her und bietet zuverl\u00e4ssigen Schutz f\u00fcr die internen Komponenten.<\/p>\n<p data-start=\"903\" data-end=\"1117\">\u2714 <strong data-start=\"905\" data-end=\"925\">Kompatibles Modell<\/strong>: Lenovo ThinkPad T480<br data-start=\"947\" data-end=\"950\" \/>\u2714 <strong data-start=\"952\" data-end=\"968\">Teilenummern<\/strong>: AP169000600, 01YR485<br data-start=\"990\" data-end=\"993\" \/>\u2714 <strong data-start=\"995\" data-end=\"1008\">Zustand<\/strong>: Original, qualit\u00e4tsgepr\u00fcftes Ersatzteil<br data-start=\"1050\" data-end=\"1053\" \/>\u2714 <strong data-start=\"1055\" data-end=\"1067\">Material<\/strong>: Hochwertiger Kunststoffboden f\u00fcr lange Lebensdauer<\/p>\n<p data-start=\"1119\" data-end=\"1326\">Diese Bodenabdeckung ist ideal, wenn die Abdeckung Ihres Laptops Risse aufweist, besch\u00e4digt ist oder fehlt. Es tr\u00e4gt zur Aufrechterhaltung der K\u00fchleffizienz bei, sch\u00fctzt Ihre Hardware und sorgt f\u00fcr einen festen Sitz anderer Laptop-Teile.<\/p>\n<p data-start=\"1328\" data-end=\"1355\"><strong data-start=\"1328\" data-end=\"1353\">Warum dieses Teil?<\/strong><\/p>\n<ul data-start=\"1356\" data-end=\"1511\">\n<li data-start=\"1356\" data-end=\"1401\">\n<p data-start=\"1358\" data-end=\"1401\">100 % Original-Lenovo-Teil, kein Aftermarket-Teil<\/p>\n<\/li>\n<li data-start=\"1402\" data-end=\"1437\">\n<p data-start=\"1404\" data-end=\"1437\">Pr\u00e4zise Passform f\u00fcr das ThinkPad T480<\/p>\n<\/li>\n<li data-start=\"1438\" data-end=\"1511\">\n<p data-start=\"1440\" data-end=\"1511\">Unverzichtbar f\u00fcr Reparaturen, Aufarbeitung oder Upgrades Ihres Laptop-Geh\u00e4uses<\/p>\n<\/li>\n<\/ul>\n<p data-start=\"1513\" data-end=\"1640\"><strong data-start=\"1513\" data-end=\"1529\">Hinweis:<\/strong> Eine Installationsanleitung ist nicht enthalten. Sollten Sie Hilfe ben\u00f6tigen, schreiben Sie uns gerne.<\/p>\n<p data-start=\"1642\" data-end=\"1722\">\ud83d\udcf8 <strong data-start=\"1645\" data-end=\"1720\">Die gezeigten Fotos zeigen das tats\u00e4chliche Laptop-Teil, das Sie erhalten.<\/strong><\/p>\n","protected":false},"excerpt":{"rendered":"<p>Original Lenovo ThinkPad T480 Bodenabdeckung (AP169000600 \/ 01YR485). Ein langlebiges Ersatzteil f\u00fcr Laptops zum Schutz und zur Unterst\u00fctzung Ihres Ger\u00e4ts.<\/p>\n","protected":false},"featured_media":18482,"template":"","meta":[],"product_brand":[],"product_cat":[52],"product_tag":[62],"class_list":{"0":"post-18416","1":"product","2":"type-product","3":"status-publish","4":"has-post-thumbnail","6":"product_cat-laptop-housing","7":"product_tag-lenovo","9":"first","10":"instock","11":"taxable","12":"shipping-taxable","13":"purchasable","14":"product-type-simple"},"_links":{"self":[{"href":"https:\/\/boreait.com\/de\/wp-json\/wp\/v2\/product\/18416","targetHints":{"allow":["GET"]}}],"collection":[{"href":"https:\/\/boreait.com\/de\/wp-json\/wp\/v2\/product"}],"about":[{"href":"https:\/\/boreait.com\/de\/wp-json\/wp\/v2\/types\/product"}],"wp:featuredmedia":[{"embeddable":true,"href":"https:\/\/boreait.com\/de\/wp-json\/wp\/v2\/media\/18482"}],"wp:attachment":[{"href":"https:\/\/boreait.com\/de\/wp-json\/wp\/v2\/media?parent=18416"}],"wp:term":[{"taxonomy":"product_brand","embeddable":true,"href":"https:\/\/boreait.com\/de\/wp-json\/wp\/v2\/product_brand?post=18416"},{"taxonomy":"product_cat","embeddable":true,"href":"https:\/\/boreait.com\/de\/wp-json\/wp\/v2\/product_cat?post=18416"},{"taxonomy":"product_tag","embeddable":true,"href":"https:\/\/boreait.com\/de\/wp-json\/wp\/v2\/product_tag?post=18416"}],"curies":[{"name":"wp","href":"https:\/\/api.w.org\/{rel}","templated":true}]}}