{"id":18269,"date":"2025-09-16T15:13:32","date_gmt":"2025-09-16T13:13:32","guid":{"rendered":"https:\/\/boreait.com\/de\/?post_type=product&#038;p=18269"},"modified":"2025-09-16T15:16:23","modified_gmt":"2025-09-16T13:16:23","slug":"intel-8265ngw-dual-band-wireless-ac-8265-2x2-wifi-karte-m-2-802-11ac-laptop-teile","status":"publish","type":"product","link":"https:\/\/boreait.com\/de\/produkt\/intel-8265ngw-dual-band-wireless-ac-8265-2x2-wifi-karte-m-2-802-11ac-laptop-teile\/","title":{"rendered":"Intel 8265NGW Dual Band Wireless-AC 8265 2&#215;2 WiFi Karte M.2 802.11ac Laptop Teile"},"content":{"rendered":"<p data-start=\"633\" data-end=\"984\">Die <strong data-start=\"637\" data-end=\"686\">Intel 8265NGW Dual Band Wireless-AC WLAN-Karte<\/strong> ist ein echtes <strong data-start=\"700\" data-end=\"715\">Laptop-Ger\u00e4t<\/strong>, das die drahtlose Konnektivit\u00e4t und Gesamtleistung optimiert. Die Karte basiert auf Intels 802.11ac-Technologie und unterst\u00fctzt Dualband-Verbindungen (2,4 GHz und 5 GHz) mit Geschwindigkeiten von bis zu 867 Mbit\/s. Damit eignet sie sich ideal f\u00fcr reibungsloses Streaming, schnelle Downloads und stabiles Surfen.<\/p>\n<p data-start=\"986\" data-end=\"1244\">Ausgestattet mit einer <strong data-start=\"1002\" data-end=\"1031\">2\u00d72-Antennenkonfiguration<\/strong> sorgt die 8265NGW auch in stark frequentierten Umgebungen f\u00fcr starke und zuverl\u00e4ssige WLAN-Signale. Sie verf\u00fcgt au\u00dferdem \u00fcber integriertes Bluetooth und erm\u00f6glicht so eine nahtlose Kopplung mit Kopfh\u00f6rern, Tastaturen und anderen kabellosen Ger\u00e4ten.<\/p>\n<p data-start=\"1246\" data-end=\"1462\">Diese Karte verwendet den <strong data-start=\"1265\" data-end=\"1289\">M.2 2230-Formfaktor<\/strong> und ist daher mit einer Vielzahl von Laptops kompatibel, die M.2-Steckpl\u00e4tze unterst\u00fctzen. Es ist ein zuverl\u00e4ssiger Ersatz oder ein Upgrade f\u00fcr Nutzer, die ihr WLAN-Erlebnis verbessern m\u00f6chten.<\/p>\n<p data-start=\"1464\" data-end=\"1485\">\u2705 <strong data-start=\"1466\" data-end=\"1483\">Hauptmerkmale:<\/strong><\/p>\n<ul data-start=\"1486\" data-end=\"1688\">\n<li data-start=\"1486\" data-end=\"1539\">\n<p data-start=\"1488\" data-end=\"1539\">Modell: Intel Dual Band Wireless-AC 8265 (8265NGW)<\/p>\n<\/li>\n<li data-start=\"1540\" data-end=\"1563\">\n<p data-start=\"1542\" data-end=\"1563\">Schnittstelle: M.2 2230<\/p>\n<\/li>\n<li data-start=\"1564\" data-end=\"1618\">\n<p data-start=\"1566\" data-end=\"1618\">WLAN-Standard: 802.11ac, Dualband (2,4 GHz & 5 GHz)<\/p>\n<\/li>\n<li data-start=\"1619\" data-end=\"1644\">\n<p data-start=\"1621\" data-end=\"1644\">Geschwindigkeit: Bis zu 867 Mbit\/s<\/p>\n<\/li>\n<li data-start=\"1645\" data-end=\"1661\">\n<p data-start=\"1647\" data-end=\"1661\">Antenne: 2\u00d72<\/p>\n<\/li>\n<li data-start=\"1662\" data-end=\"1688\">\n<p data-start=\"1664\" data-end=\"1688\">Bluetooth-Unterst\u00fctzung: Ja<\/p>\n<\/li>\n<\/ul>\n<p data-start=\"1690\" data-end=\"1715\">\ud83d\udccc <strong data-start=\"1693\" data-end=\"1713\">Wichtige Hinweise:<\/strong><\/p>\n<ul data-start=\"1716\" data-end=\"1937\">\n<li data-start=\"1716\" data-end=\"1759\">\n<p data-start=\"1718\" data-end=\"1759\">Dieser Eintrag bezieht sich nur auf die WLAN-Karte.<\/p>\n<\/li>\n<li data-start=\"1760\" data-end=\"1849\">\n<p data-start=\"1762\" data-end=\"1849\">Es liegen keine Installationsanweisungen vor. Wenn Sie jedoch Hilfe ben\u00f6tigen, k\u00f6nnen Sie uns eine Nachricht senden. uns.<\/p>\n<\/li>\n<li data-start=\"1850\" data-end=\"1937\">\n<p data-start=\"1852\" data-end=\"1937\">Alle Fotos in dieser Auflistung sind <strong data-start=\"1883\" data-end=\"1898\">echte Fotos<\/strong> des tats\u00e4chlichen Teils, das Sie erhalten.<\/p>\n<\/li>\n<\/ul>\n<p data-start=\"1939\" data-end=\"2067\">Der Intel 8265NGW ist eine ausgezeichnete Wahl, wenn Sie ein zuverl\u00e4ssiges <strong data-start=\"2003\" data-end=\"2018\">Laptop-Teil<\/strong> zum Aufr\u00fcsten oder Ersetzen Ihrer WLAN-Karte ben\u00f6tigen.<\/p>\n","protected":false},"excerpt":{"rendered":"<p>Verbessern Sie die Konnektivit\u00e4t Ihres Laptops mit der Intel 8265NGW Dual Band Wireless-AC-Karte. Mit 802.11ac-WLAN, Bluetooth-Unterst\u00fctzung und M.2-Schnittstelle bietet sie schnelle, zuverl\u00e4ssige Leistung f\u00fcr den t\u00e4glichen Gebrauch.<\/p>\n","protected":false},"featured_media":18334,"template":"","meta":[],"product_brand":[],"product_cat":[63],"product_tag":[61],"class_list":{"0":"post-18269","1":"product","2":"type-product","3":"status-publish","4":"has-post-thumbnail","6":"product_cat-motherboards-board-parts","7":"product_tag-hp","9":"first","10":"instock","11":"taxable","12":"shipping-taxable","13":"purchasable","14":"product-type-simple"},"_links":{"self":[{"href":"https:\/\/boreait.com\/de\/wp-json\/wp\/v2\/product\/18269","targetHints":{"allow":["GET"]}}],"collection":[{"href":"https:\/\/boreait.com\/de\/wp-json\/wp\/v2\/product"}],"about":[{"href":"https:\/\/boreait.com\/de\/wp-json\/wp\/v2\/types\/product"}],"wp:featuredmedia":[{"embeddable":true,"href":"https:\/\/boreait.com\/de\/wp-json\/wp\/v2\/media\/18334"}],"wp:attachment":[{"href":"https:\/\/boreait.com\/de\/wp-json\/wp\/v2\/media?parent=18269"}],"wp:term":[{"taxonomy":"product_brand","embeddable":true,"href":"https:\/\/boreait.com\/de\/wp-json\/wp\/v2\/product_brand?post=18269"},{"taxonomy":"product_cat","embeddable":true,"href":"https:\/\/boreait.com\/de\/wp-json\/wp\/v2\/product_cat?post=18269"},{"taxonomy":"product_tag","embeddable":true,"href":"https:\/\/boreait.com\/de\/wp-json\/wp\/v2\/product_tag?post=18269"}],"curies":[{"name":"wp","href":"https:\/\/api.w.org\/{rel}","templated":true}]}}