{"id":18259,"date":"2025-09-16T15:13:06","date_gmt":"2025-09-16T13:13:06","guid":{"rendered":"https:\/\/boreait.com\/de\/?post_type=product&#038;p=18259"},"modified":"2025-09-16T15:16:03","modified_gmt":"2025-09-16T13:16:03","slug":"dell-latitude-e6420-tastatur-deutsch-deutsch-nsk-dv0bc-0416g-laptop-teile","status":"publish","type":"product","link":"https:\/\/boreait.com\/de\/produkt\/dell-latitude-e6420-tastatur-deutsch-deutsch-nsk-dv0bc-0416g-laptop-teile\/","title":{"rendered":"Dell Latitude E6420 Tastatur Deutsch Deutsch NSK-DV0BC 0416G Laptop-Teile"},"content":{"rendered":"<p data-start=\"606\" data-end=\"799\">Diese <strong data-start=\"611\" data-end=\"658\">deutsche Tastatur f\u00fcr Dell Latitude E6420<\/strong> (Teilenummer NSK-DV0BC, 0416G, CN-00416G) ist ein hochwertiges Ersatzteil f\u00fcr Laptops, das die volle Funktionalit\u00e4t Ihres Laptops wiederherstellt.<\/p>\n<p data-start=\"801\" data-end=\"822\">\u2705 <strong data-start=\"803\" data-end=\"820\">Hauptmerkmale:<\/strong><\/p>\n<ul data-start=\"823\" data-end=\"1090\">\n<li data-start=\"823\" data-end=\"869\">\n<p data-start=\"825\" data-end=\"869\">Kompatibel mit der Dell Latitude E6420-Serie<\/p>\n<\/li>\n<li data-start=\"870\" data-end=\"948\">\n<p data-start=\"872\" data-end=\"948\">Deutsches Layout<\/p>\n<\/li>\n<li data-start=\"870\" data-end=\"948\">\n<p data-start=\"872\" data-end=\"948\">Originalteilenummern: NSK-DV0BC, 0G0416G, CN-00416G<\/p>\n<\/li>\n<li data-start=\"1006\" data-end=\"1052\">\n<p data-start=\"1008\" data-end=\"1052\">Robuste Konstruktion f\u00fcr dauerhafte Leistung<\/p>\n<\/li>\n<li data-start=\"1053\" data-end=\"1090\">\n<p data-start=\"1055\" data-end=\"1090\">Perfekte Passform und einfache Installation<\/p>\n<\/li>\n<\/ul>\n<p data-start=\"1092\" data-end=\"1220\">Diese Ersatztastatur ist ideal, wenn Ihre Originaltastatur des Latitude E6420 besch\u00e4digt ist, Tasten fehlen oder nicht mehr reagiert.<\/p>\n<p data-start=\"1222\" data-end=\"1243\">\ud83d\udca1 <strong data-start=\"1225\" data-end=\"1241\">Bitte beachten:<\/strong><\/p>\n<ul data-start=\"1244\" data-end=\"1431\">\n<li data-start=\"1244\" data-end=\"1336\">\n<p data-start=\"1246\" data-end=\"1336\">Eine Installationsanleitung ist nicht enthalten. Wenn Sie Hilfe ben\u00f6tigen, k\u00f6nnen Sie uns jederzeit kontaktieren.<\/p>\n<\/li>\n<li data-start=\"1337\" data-end=\"1431\">\n<p data-start=\"1339\" data-end=\"1431\">Alle Fotos in dieser Auflistung sind <strong data-start=\"1370\" data-end=\"1385\">echte Bilder<\/strong> der genauen Laptop-Teile, die Sie erhalten.<\/p>\n<\/li>\n<\/ul>\n<p data-start=\"1433\" data-end=\"1602\">Ob Sie Ihren Laptop reparieren oder aufr\u00fcsten, diese original deutsche Tastatur sorgt f\u00fcr reibungsloses Tippen und ein professionelles Aussehen f\u00fcr Ihr Dell Latitude E6420.<\/p>\n","protected":false},"excerpt":{"rendered":"<p>R\u00fcsten Sie Ihr Dell Latitude E6420 mit dieser originalen deutschen Tastatur (NSK-DV0BC \/ 0416G) auf. Perfektes Ersatz-Laptopteil f\u00fcr reibungsloses Tippen und zuverl\u00e4ssige Leistung.<\/p>\n","protected":false},"featured_media":18325,"template":"","meta":[],"product_brand":[],"product_cat":[71],"product_tag":[53],"class_list":{"0":"post-18259","1":"product","2":"type-product","3":"status-publish","4":"has-post-thumbnail","6":"product_cat-laptop-keyboard","7":"product_tag-dell","9":"first","10":"instock","11":"taxable","12":"shipping-taxable","13":"purchasable","14":"product-type-simple"},"_links":{"self":[{"href":"https:\/\/boreait.com\/de\/wp-json\/wp\/v2\/product\/18259","targetHints":{"allow":["GET"]}}],"collection":[{"href":"https:\/\/boreait.com\/de\/wp-json\/wp\/v2\/product"}],"about":[{"href":"https:\/\/boreait.com\/de\/wp-json\/wp\/v2\/types\/product"}],"wp:featuredmedia":[{"embeddable":true,"href":"https:\/\/boreait.com\/de\/wp-json\/wp\/v2\/media\/18325"}],"wp:attachment":[{"href":"https:\/\/boreait.com\/de\/wp-json\/wp\/v2\/media?parent=18259"}],"wp:term":[{"taxonomy":"product_brand","embeddable":true,"href":"https:\/\/boreait.com\/de\/wp-json\/wp\/v2\/product_brand?post=18259"},{"taxonomy":"product_cat","embeddable":true,"href":"https:\/\/boreait.com\/de\/wp-json\/wp\/v2\/product_cat?post=18259"},{"taxonomy":"product_tag","embeddable":true,"href":"https:\/\/boreait.com\/de\/wp-json\/wp\/v2\/product_tag?post=18259"}],"curies":[{"name":"wp","href":"https:\/\/api.w.org\/{rel}","templated":true}]}}