{"id":18257,"date":"2025-09-16T15:13:06","date_gmt":"2025-09-16T13:13:06","guid":{"rendered":"https:\/\/boreait.com\/de\/?post_type=product&#038;p=18257"},"modified":"2025-09-16T15:15:48","modified_gmt":"2025-09-16T13:15:48","slug":"dell-latitude-e6420-led-platine-mit-kabel-gm8g1-0gm8g1-ls-6595p-laptop-teile","status":"publish","type":"product","link":"https:\/\/boreait.com\/de\/produkt\/dell-latitude-e6420-led-platine-mit-kabel-gm8g1-0gm8g1-ls-6595p-laptop-teile\/","title":{"rendered":"Dell Latitude E6420 LED-Platine mit Kabel GM8G1 0GM8G1 LS-6595P Laptop-Teile"},"content":{"rendered":"<p data-start=\"688\" data-end=\"955\">Aktualisieren oder reparieren Sie Ihr Dell Latitude E6420 mit dieser <strong data-start=\"741\" data-end=\"774\">Original-LED-Platine mit Kabel<\/strong>, Teilenummern <strong data-start=\"789\" data-end=\"820\">GM8G1, 0GM8G1 und LS-6595P<\/strong>. Dies ist ein originales Dell-Ersatzteil, ideal, um die Funktionalit\u00e4t Ihres Laptops wiederherzustellen, wenn die vorhandene LED-Platine ausf\u00e4llt.<\/p>\n<p data-start=\"957\" data-end=\"1178\">Ob eine nicht funktionierende LED-Anzeige oder Verbindungsprobleme \u2013 dieses Teil bietet eine zuverl\u00e4ssige L\u00f6sung. Im Rahmen unserer Qualit\u00e4tssicherung wurde jedes Ger\u00e4t sorgf\u00e4ltig gepr\u00fcft, um eine einwandfreie Leistung zu gew\u00e4hrleisten.<\/p>\n<p data-start=\"1180\" data-end=\"1197\"><strong data-start=\"1180\" data-end=\"1197\">Hauptmerkmale:<\/strong><\/p>\n<ul data-start=\"1198\" data-end=\"1533\">\n<li data-start=\"1198\" data-end=\"1241\">\n<p data-start=\"1200\" data-end=\"1241\">Kompatibel mit <strong data-start=\"1216\" data-end=\"1239\">Dell Latitude E6420<\/strong><\/p>\n<\/li>\n<li data-start=\"1242\" data-end=\"1302\">\n<p data-start=\"1244\" data-end=\"1302\">Original-Dell-Teilenummern: <strong data-start=\"1271\" data-end=\"1300\">GM8G1 \/ 0GM8G1 \/ LS-6595P<\/strong><\/p>\n<\/li>\n<li data-start=\"1303\" data-end=\"1362\">\n<p data-start=\"1305\" data-end=\"1362\">Inklusive <strong data-start=\"1314\" data-end=\"1338\">LED-Platine mit Kabel<\/strong> f\u00fcr die komplette Installation<\/p>\n<\/li>\n<li data-start=\"1363\" data-end=\"1399\">\n<p data-start=\"1365\" data-end=\"1399\">100 % getestet und voll funktionsf\u00e4hig<\/p>\n<\/li>\n<li data-start=\"1400\" data-end=\"1470\">\n<p data-start=\"1402\" data-end=\"1470\">Verkauft als <strong data-start=\"1424\" data-end=\"1439\">Ersatzteil<\/strong> f\u00fcr defekte oder besch\u00e4digte Motherboards.<\/p>\n<\/li>\n<li data-start=\"1471\" data-end=\"1533\">\n<p data-start=\"1473\" data-end=\"1533\">Echte Fotos \u2013 was Sie sehen, ist das, was Sie erhalten.<\/p>\n<\/li>\n<\/ul>\n<p data-start=\"1535\" data-end=\"1698\"><strong data-start=\"1535\" data-end=\"1551\">Hinweis:<\/strong> Eine Installationsanleitung ist nicht im Lieferumfang enthalten. Wenn Sie jedoch Hilfe bei der Kompatibilit\u00e4tspr\u00fcfung oder eine Installationsanleitung ben\u00f6tigen, schreiben Sie uns gerne eine Nachricht.<\/p>\n<p data-start=\"1700\" data-end=\"1854\">Dieses Produkt ist Teil unseres umfangreichen Sortiments an <strong data-start=\"1742\" data-end=\"1758\">Laptop-Teile<\/strong>, die Ihnen dabei helfen, den reibungslosen Betrieb Ihres Systems aufrechtzuerhalten, ohne dass ein kostspieliger Komplettaustausch erforderlich ist.<\/p>\n","protected":false},"excerpt":{"rendered":"<p>Original Dell Latitude E6420 LED-Platine mit Kabel (GM8G1 \/ 0GM8G1 \/ LS-6595P). Getestet, voll funktionsf\u00e4hig und bereit, Ihr defektes Teil zu ersetzen. Echte Fotos des Artikels enthalten.<\/p>\n","protected":false},"featured_media":18322,"template":"","meta":[],"product_brand":[],"product_cat":[63],"product_tag":[53],"class_list":{"0":"post-18257","1":"product","2":"type-product","3":"status-publish","4":"has-post-thumbnail","6":"product_cat-motherboards-board-parts","7":"product_tag-dell","9":"first","10":"instock","11":"taxable","12":"shipping-taxable","13":"purchasable","14":"product-type-simple"},"_links":{"self":[{"href":"https:\/\/boreait.com\/de\/wp-json\/wp\/v2\/product\/18257","targetHints":{"allow":["GET"]}}],"collection":[{"href":"https:\/\/boreait.com\/de\/wp-json\/wp\/v2\/product"}],"about":[{"href":"https:\/\/boreait.com\/de\/wp-json\/wp\/v2\/types\/product"}],"wp:featuredmedia":[{"embeddable":true,"href":"https:\/\/boreait.com\/de\/wp-json\/wp\/v2\/media\/18322"}],"wp:attachment":[{"href":"https:\/\/boreait.com\/de\/wp-json\/wp\/v2\/media?parent=18257"}],"wp:term":[{"taxonomy":"product_brand","embeddable":true,"href":"https:\/\/boreait.com\/de\/wp-json\/wp\/v2\/product_brand?post=18257"},{"taxonomy":"product_cat","embeddable":true,"href":"https:\/\/boreait.com\/de\/wp-json\/wp\/v2\/product_cat?post=18257"},{"taxonomy":"product_tag","embeddable":true,"href":"https:\/\/boreait.com\/de\/wp-json\/wp\/v2\/product_tag?post=18257"}],"curies":[{"name":"wp","href":"https:\/\/api.w.org\/{rel}","templated":true}]}}