{"id":18256,"date":"2025-09-16T15:13:06","date_gmt":"2025-09-16T13:13:06","guid":{"rendered":"https:\/\/boreait.com\/de\/?post_type=product&#038;p=18256"},"modified":"2025-09-16T15:15:41","modified_gmt":"2025-09-16T13:15:41","slug":"bluetooth-modul-owjcjd-fuer-dell-latitude-e4310-e6410-e5410-e6510-m4500-e6520-e6420-laptop-teile","status":"publish","type":"product","link":"https:\/\/boreait.com\/de\/produkt\/bluetooth-modul-owjcjd-fuer-dell-latitude-e4310-e6410-e5410-e6510-m4500-e6520-e6420-laptop-teile\/","title":{"rendered":"Bluetooth-Modul OWJCJD f\u00fcr Dell Latitude E4310 E6410 E5410 E6510 M4500 E6520 E6420 Laptop-Teile"},"content":{"rendered":"<p data-start=\"497\" data-end=\"763\">R\u00fcsten Sie Ihr Dell Latitude mit diesem <strong data-start=\"534\" data-end=\"569\">Original-Bluetooth-Modul OWJCJD<\/strong> auf, das f\u00fcr nahtlose drahtlose Konnektivit\u00e4t entwickelt wurde. Dieses Ersatzteil ist mit einer Vielzahl von Dell Latitude-Modellen kompatibel, darunter <strong data-start=\"705\" data-end=\"760\">E4310, E6410, E5410, E6510, M4500, E6520 und E6420<\/strong>.<\/p>\n<p data-start=\"765\" data-end=\"923\">Ob Sie ein defektes Modul austauschen oder Bluetooth-Funktionalit\u00e4t hinzuf\u00fcgen m\u00f6chten \u2013 diese Komponente gew\u00e4hrleistet stabile Leistung und eine einfache Integration in Ihr Notebook.<\/p>\n<p data-start=\"925\" data-end=\"949\">\u2714 <strong data-start=\"927\" data-end=\"947\">Produktdetails:<\/strong><\/p>\n<ul data-start=\"950\" data-end=\"1247\">\n<li data-start=\"950\" data-end=\"984\">\n<p data-start=\"952\" data-end=\"984\">Modell: OWJCJD Bluetooth-Modul<\/p>\n<\/li>\n<li data-start=\"985\" data-end=\"1067\">\n<p data-start=\"987\" data-end=\"1067\">Kompatibel mit: Dell Latitude E4310, E6410, E5410, E6510, M4500, E6520, E6420<\/p>\n<\/li>\n<li data-start=\"1068\" data-end=\"1130\">\n<p data-start=\"1070\" data-end=\"1130\">Funktion: F\u00fcgt Bluetooth-Konnektivit\u00e4t hinzu oder stellt sie wieder her<\/p>\n<\/li>\n<li data-start=\"1131\" data-end=\"1182\">\n<p data-start=\"1133\" data-end=\"1182\">Zustand: Gepr\u00fcftes, voll funktionsf\u00e4higes Laptop-Teil<\/p>\n<\/li>\n<li data-start=\"1183\" data-end=\"1247\">\n<p data-start=\"1185\" data-end=\"1247\">Ideal f\u00fcr die Reparatur oder den Austausch defekter Bluetooth-Hardware<\/p>\n<\/li>\n<\/ul>\n<p data-start=\"1249\" data-end=\"1463\">Hinweis: Eine Installationsanleitung ist nicht enthalten. Sollten Sie Hilfe ben\u00f6tigen, schreiben Sie uns gerne.<br data-start=\"1352\" data-end=\"1355\" \/>Die Fotos in der Auflistung zeigen das <strong data-start=\"1388\" data-end=\"1420\">tats\u00e4chlich erhaltene Teil<\/strong>, damit Sie genau wissen, was Sie kaufen.<\/p>\n<p data-start=\"1465\" data-end=\"1558\">Dies ist ein zuverl\u00e4ssiges <strong data-start=\"1484\" data-end=\"1499\">Laptop-Teil<\/strong>, um Ihr Dell Latitude auf dem neuesten Stand und verbunden zu halten.<\/p>\n","protected":false},"excerpt":{"rendered":"<p>Original Dell Bluetooth-Modul OWJCJD, kompatibel mit mehreren Laptops der Latitude-Serie. Zuverl\u00e4ssiges Konnektivit\u00e4ts-Upgrade f\u00fcr Ihr Ger\u00e4t.<\/p>\n","protected":false},"featured_media":18315,"template":"","meta":[],"product_brand":[],"product_cat":[63],"product_tag":[53],"class_list":{"0":"post-18256","1":"product","2":"type-product","3":"status-publish","4":"has-post-thumbnail","6":"product_cat-motherboards-board-parts","7":"product_tag-dell","9":"first","10":"instock","11":"taxable","12":"shipping-taxable","13":"purchasable","14":"product-type-simple"},"_links":{"self":[{"href":"https:\/\/boreait.com\/de\/wp-json\/wp\/v2\/product\/18256","targetHints":{"allow":["GET"]}}],"collection":[{"href":"https:\/\/boreait.com\/de\/wp-json\/wp\/v2\/product"}],"about":[{"href":"https:\/\/boreait.com\/de\/wp-json\/wp\/v2\/types\/product"}],"wp:featuredmedia":[{"embeddable":true,"href":"https:\/\/boreait.com\/de\/wp-json\/wp\/v2\/media\/18315"}],"wp:attachment":[{"href":"https:\/\/boreait.com\/de\/wp-json\/wp\/v2\/media?parent=18256"}],"wp:term":[{"taxonomy":"product_brand","embeddable":true,"href":"https:\/\/boreait.com\/de\/wp-json\/wp\/v2\/product_brand?post=18256"},{"taxonomy":"product_cat","embeddable":true,"href":"https:\/\/boreait.com\/de\/wp-json\/wp\/v2\/product_cat?post=18256"},{"taxonomy":"product_tag","embeddable":true,"href":"https:\/\/boreait.com\/de\/wp-json\/wp\/v2\/product_tag?post=18256"}],"curies":[{"name":"wp","href":"https:\/\/api.w.org\/{rel}","templated":true}]}}