{"id":18248,"date":"2025-09-16T15:12:41","date_gmt":"2025-09-16T13:12:41","guid":{"rendered":"https:\/\/boreait.com\/de\/?post_type=product&#038;p=18248"},"modified":"2025-09-16T15:15:31","modified_gmt":"2025-09-16T13:15:31","slug":"dell-ericsson-dw5550-drahtlose-3g-wcdma-mini-pcie-laptop-wifi-karte-2xgnj","status":"publish","type":"product","link":"https:\/\/boreait.com\/de\/produkt\/dell-ericsson-dw5550-drahtlose-3g-wcdma-mini-pcie-laptop-wifi-karte-2xgnj\/","title":{"rendered":"Dell Ericsson DW5550 Drahtlose 3G WCDMA Mini PCIe Laptop WiFi Karte 2XGNJ"},"content":{"rendered":"<p data-start=\"444\" data-end=\"764\">Verbessern oder ersetzen Sie die WLAN-Konnektivit\u00e4t Ihres Laptops mit der <strong data-start=\"508\" data-end=\"573\">Dell Ericsson DW5550 (2XGNJ) Wireless 3G WCDMA Mini-PCIe-Karte<\/strong>.<br data-start=\"574\" data-end=\"577\" \/>Dieses Original-Laptop-Teil bietet stabile mobile Breitband- und WLAN-Leistung und ist somit eine zuverl\u00e4ssige Option zur Wiederherstellung der Netzwerkfunktionalit\u00e4t kompatibler Dell-Laptops.<\/p>\n<p data-start=\"766\" data-end=\"785\"><strong data-start=\"766\" data-end=\"783\">Hauptmerkmale:<\/strong><\/p>\n<ul data-start=\"786\" data-end=\"1016\">\n<li data-start=\"786\" data-end=\"816\">\n<p data-start=\"788\" data-end=\"816\">Modell: <strong data-start=\"795\" data-end=\"814\">Ericsson DW5550<\/strong><\/p>\n<\/li>\n<li data-start=\"817\" data-end=\"848\">\n<p data-start=\"819\" data-end=\"848\">Dell-Teilenummer: <strong data-start=\"837\" data-end=\"846\">2XGNJ<\/strong><\/p>\n<\/li>\n<li data-start=\"849\" data-end=\"895\">\n<p data-start=\"851\" data-end=\"895\">Typ: <strong data-start=\"857\" data-end=\"893\">Mini-PCIe Wireless 3G WCDMA-Karte<\/strong><\/p>\n<\/li>\n<li data-start=\"896\" data-end=\"961\">\n<p data-start=\"898\" data-end=\"961\">Funktion: Unterst\u00fctzt <strong data-start=\"917\" data-end=\"959\">mobiles Breitband und WLAN<\/strong><\/p>\n<\/li>\n<li data-start=\"962\" data-end=\"1016\">\n<p data-start=\"964\" data-end=\"1016\">Ideal f\u00fcr <strong data-start=\"974\" data-end=\"1002\">Ersatzteile f\u00fcr Laptops<\/strong> oder Upgrades<\/p>\n<\/li>\n<\/ul>\n<p data-start=\"1018\" data-end=\"1052\"><strong data-start=\"1018\" data-end=\"1050\">Warum dieses Laptop-Teil?<\/strong><\/p>\n<ul data-start=\"1053\" data-end=\"1335\">\n<li data-start=\"1053\" data-end=\"1122\">\n<p data-start=\"1055\" data-end=\"1122\">Originalkomponente von Dell Ericsson f\u00fcr Kompatibilit\u00e4t und Zuverl\u00e4ssigkeit<\/p>\n<\/li>\n<li data-start=\"1123\" data-end=\"1192\">\n<p data-start=\"1125\" data-end=\"1192\">Ideal zur Behebung von Verbindungsproblemen oder zur Aufr\u00fcstung \u00e4lterer Systeme<\/p>\n<\/li>\n<li data-start=\"1193\" data-end=\"1262\">\n<p data-start=\"1195\" data-end=\"1262\">Kompakter Mini-PCIe-Formfaktor, passt problemlos in unterst\u00fctzte Laptops<\/p>\n<\/li>\n<li data-start=\"1263\" data-end=\"1335\">\n<p data-start=\"1265\" data-end=\"1335\">Die Fotos in der Auflistung sind echt \u2013 Sie erhalten genau das, was Sie sehen.<\/p>\n<\/li>\n<\/ul>\n<p data-start=\"1337\" data-end=\"1512\">Wenn Sie weitere Hilfe bei der Kompatibilit\u00e4t ben\u00f6tigen, schreiben Sie uns gerne. Installationsanleitungen sind nicht im Lieferumfang enthalten, wir helfen Ihnen aber gerne bei Produktfragen.<\/p>\n","protected":false},"excerpt":{"rendered":"<p>Dell Ericsson DW5550 (2XGNJ) Mini-PCIe Wireless 3G WCDMA-Karte, ideales Laptop-Teil zum Wiederherstellen oder Aufr\u00fcsten der mobilen Konnektivit\u00e4t.<\/p>\n","protected":false},"featured_media":18313,"template":"","meta":[],"product_brand":[],"product_cat":[63],"product_tag":[53],"class_list":{"0":"post-18248","1":"product","2":"type-product","3":"status-publish","4":"has-post-thumbnail","6":"product_cat-motherboards-board-parts","7":"product_tag-dell","9":"first","10":"instock","11":"taxable","12":"shipping-taxable","13":"purchasable","14":"product-type-simple"},"_links":{"self":[{"href":"https:\/\/boreait.com\/de\/wp-json\/wp\/v2\/product\/18248","targetHints":{"allow":["GET"]}}],"collection":[{"href":"https:\/\/boreait.com\/de\/wp-json\/wp\/v2\/product"}],"about":[{"href":"https:\/\/boreait.com\/de\/wp-json\/wp\/v2\/types\/product"}],"wp:featuredmedia":[{"embeddable":true,"href":"https:\/\/boreait.com\/de\/wp-json\/wp\/v2\/media\/18313"}],"wp:attachment":[{"href":"https:\/\/boreait.com\/de\/wp-json\/wp\/v2\/media?parent=18248"}],"wp:term":[{"taxonomy":"product_brand","embeddable":true,"href":"https:\/\/boreait.com\/de\/wp-json\/wp\/v2\/product_brand?post=18248"},{"taxonomy":"product_cat","embeddable":true,"href":"https:\/\/boreait.com\/de\/wp-json\/wp\/v2\/product_cat?post=18248"},{"taxonomy":"product_tag","embeddable":true,"href":"https:\/\/boreait.com\/de\/wp-json\/wp\/v2\/product_tag?post=18248"}],"curies":[{"name":"wp","href":"https:\/\/api.w.org\/{rel}","templated":true}]}}