{"id":18247,"date":"2025-09-16T15:12:41","date_gmt":"2025-09-16T13:12:41","guid":{"rendered":"https:\/\/boreait.com\/de\/?post_type=product&#038;p=18247"},"modified":"2025-09-16T15:15:27","modified_gmt":"2025-09-16T13:15:27","slug":"intel-centrino-advanced-n-6205-drahtlose-wifi-karte-62205anhmw-pcie-laptop-teile","status":"publish","type":"product","link":"https:\/\/boreait.com\/de\/produkt\/intel-centrino-advanced-n-6205-drahtlose-wifi-karte-62205anhmw-pcie-laptop-teile\/","title":{"rendered":"Intel Centrino Advanced-N 6205 Drahtlose WiFi-Karte 62205ANHMW PCIe Laptop-Teile"},"content":{"rendered":"<p data-start=\"542\" data-end=\"842\">Verbessern oder verbessern Sie die WLAN-Leistung Ihres Laptops mit der <strong data-start=\"605\" data-end=\"684\">Intel Centrino Advanced-N 6205 Wireless PCI Express-Karte (Modell 62205ANHMW)<\/strong>.<br data-start=\"685\" data-end=\"688\" \/>Dieses Original-Intel-Modul bietet <strong data-start=\"723\" data-end=\"769\">schnelle, stabile und sichere WLAN-Konnektivit\u00e4t<\/strong> und ist somit ein zuverl\u00e4ssiger Ersatz f\u00fcr defekte oder fehlende WLAN-Karten.<\/p>\n<p data-start=\"844\" data-end=\"863\"><strong data-start=\"844\" data-end=\"861\">Hauptfunktionen:<\/strong><\/p>\n<ul data-start=\"864\" data-end=\"1206\">\n<li data-start=\"864\" data-end=\"922\">\n<p data-start=\"866\" data-end=\"922\"><strong data-start=\"866\" data-end=\"876\">Modell:<\/strong> Intel Centrino Advanced-N 6205 (62205ANHMW)<\/p>\n<\/li>\n<li data-start=\"923\" data-end=\"973\">\n<p data-start=\"925\" data-end=\"973\"><strong data-start=\"925\" data-end=\"939\">Schnittstelle:<\/strong> Half-Size PCI Express Mini Card<\/p>\n<\/li>\n<li data-start=\"974\" data-end=\"1018\">\n<p data-start=\"976\" data-end=\"1018\"><strong data-start=\"976\" data-end=\"998\">Dualband-Unterst\u00fctzung:<\/strong> 2,4 GHz und 5 GHz<\/p>\n<\/li>\n<li data-start=\"1019\" data-end=\"1065\">\n<p data-start=\"1021\" data-end=\"1065\"><strong data-start=\"1021\" data-end=\"1038\">Geschwindigkeiten bis zu:<\/strong> 300 Mbit\/s (802.11a\/b\/g\/n)<\/p>\n<\/li>\n<li data-start=\"1066\" data-end=\"1149\">\n<p data-start=\"1068\" data-end=\"1149\"><strong data-start=\"1068\" data-end=\"1086\">Kompatibilit\u00e4t:<\/strong> Funktioniert mit vielen Laptop-Marken, die PCIe-WLAN-Module unterst\u00fctzen<\/p>\n<\/li>\n<li data-start=\"1150\" data-end=\"1206\">\n<p data-start=\"1152\" data-end=\"1206\"><strong data-start=\"1152\" data-end=\"1166\">Zustand:<\/strong> Original-Gebrauchtteil, gepr\u00fcft und funktionsf\u00e4hig<\/p>\n<\/li>\n<\/ul>\n<p data-start=\"1208\" data-end=\"1334\">Diese WLAN-Karte ist ein unverzichtbares <strong data-start=\"1243\" data-end=\"1258\">Laptop-Teil<\/strong> f\u00fcr Nutzer, die eine zuverl\u00e4ssige Netzwerkleistung ohne externe Dongles w\u00fcnschen.<\/p>\n<p data-start=\"1336\" data-end=\"1363\"><strong data-start=\"1336\" data-end=\"1361\">Warum dieses Teil?<\/strong><\/p>\n<ul data-start=\"1364\" data-end=\"1539\">\n<li data-start=\"1364\" data-end=\"1437\">\n<p data-start=\"1366\" data-end=\"1437\">Kompakt und effizient, entwickelt f\u00fcr Laptops mit PCIe-Mini-Kartensteckpl\u00e4tzen<\/p>\n<\/li>\n<li data-start=\"1438\" data-end=\"1493\">\n<p data-start=\"1440\" data-end=\"1493\">Kompatibel mit Windows- und Linux-Betriebssystemen<\/p>\n<\/li>\n<li data-start=\"1494\" data-end=\"1539\">\n<p data-start=\"1496\" data-end=\"1539\">Einfache Installation durch einen qualifizierten Techniker<\/p>\n<\/li>\n<\/ul>\n<p data-start=\"1541\" data-end=\"1739\">\ud83d\udd39 Hinweis: Wir bieten keine Schritt-f\u00fcr-Schritt-Installationsanleitung an. Wenn Sie jedoch Hilfe ben\u00f6tigen, schreiben Sie uns gerne eine Nachricht.<br data-start=\"1662\" data-end=\"1665\" \/>\ud83d\udd39 Die Fotos in dieser Auflistung zeigen die tats\u00e4chliche Intel-Karte, die Sie erhalten werden.<\/p>\n","protected":false},"excerpt":{"rendered":"<p>Zuverl\u00e4ssige Intel Centrino Advanced-N 6205 WiFi-Karte (62205ANHMW). Kompaktes PCIe-Modul, idealer Ersatz zur Wiederherstellung der drahtlosen Konnektivit\u00e4t in Laptops.<\/p>\n","protected":false},"featured_media":18312,"template":"","meta":[],"product_brand":[],"product_cat":[63],"product_tag":[53],"class_list":{"0":"post-18247","1":"product","2":"type-product","3":"status-publish","4":"has-post-thumbnail","6":"product_cat-motherboards-board-parts","7":"product_tag-dell","9":"first","10":"instock","11":"taxable","12":"shipping-taxable","13":"purchasable","14":"product-type-simple"},"_links":{"self":[{"href":"https:\/\/boreait.com\/de\/wp-json\/wp\/v2\/product\/18247","targetHints":{"allow":["GET"]}}],"collection":[{"href":"https:\/\/boreait.com\/de\/wp-json\/wp\/v2\/product"}],"about":[{"href":"https:\/\/boreait.com\/de\/wp-json\/wp\/v2\/types\/product"}],"wp:featuredmedia":[{"embeddable":true,"href":"https:\/\/boreait.com\/de\/wp-json\/wp\/v2\/media\/18312"}],"wp:attachment":[{"href":"https:\/\/boreait.com\/de\/wp-json\/wp\/v2\/media?parent=18247"}],"wp:term":[{"taxonomy":"product_brand","embeddable":true,"href":"https:\/\/boreait.com\/de\/wp-json\/wp\/v2\/product_brand?post=18247"},{"taxonomy":"product_cat","embeddable":true,"href":"https:\/\/boreait.com\/de\/wp-json\/wp\/v2\/product_cat?post=18247"},{"taxonomy":"product_tag","embeddable":true,"href":"https:\/\/boreait.com\/de\/wp-json\/wp\/v2\/product_tag?post=18247"}],"curies":[{"name":"wp","href":"https:\/\/api.w.org\/{rel}","templated":true}]}}