{"id":18236,"date":"2025-09-16T15:12:12","date_gmt":"2025-09-16T13:12:12","guid":{"rendered":"https:\/\/boreait.com\/de\/?post_type=product&#038;p=18236"},"modified":"2025-09-16T15:14:49","modified_gmt":"2025-09-16T13:14:49","slug":"dell-latitude-e6420-e6420-atg-smartcard-karte-1fgh6-cn-a10a29-laptop-teile","status":"publish","type":"product","link":"https:\/\/boreait.com\/de\/produkt\/dell-latitude-e6420-e6420-atg-smartcard-karte-1fgh6-cn-a10a29-laptop-teile\/","title":{"rendered":"Dell Latitude E6420 E6420 ATG Smartcard-Karte 1FGH6 CN-A10A29 Laptop-Teile"},"content":{"rendered":"<p data-start=\"446\" data-end=\"714\">Aktualisieren oder reparieren Sie Ihren Dell Latitude E6420-Laptop mit dieser originalen <strong data-start=\"514\" data-end=\"565\">Smartcard-Platine (Teilenummer: 1FGH6, CN-A10A29)<\/strong>. Dieses Board wurde speziell f\u00fcr die <strong data-start=\"611\" data-end=\"655\">Dell Latitude E6420 und E6420 ATG-Serie<\/strong> entwickelt und gew\u00e4hrleistet volle Kompatibilit\u00e4t und zuverl\u00e4ssige Leistung.<\/p>\n<p data-start=\"716\" data-end=\"739\">\u2705 <strong data-start=\"718\" data-end=\"737\">Produktdetails<\/strong><\/p>\n<ul data-start=\"740\" data-end=\"968\">\n<li data-start=\"740\" data-end=\"799\">\n<p data-start=\"742\" data-end=\"799\"><strong data-start=\"742\" data-end=\"766\">Modellkompatibilit\u00e4t:<\/strong> Dell Latitude E6420, E6420 ATG<\/p>\n<\/li>\n<li data-start=\"800\" data-end=\"838\">\n<p data-start=\"802\" data-end=\"838\"><strong data-start=\"802\" data-end=\"819\">Teilenummern:<\/strong> 1FGH6, CN-A10A29<\/p>\n<\/li>\n<li data-start=\"839\" data-end=\"894\">\n<p data-start=\"841\" data-end=\"894\"><strong data-start=\"841\" data-end=\"854\">Kategorie:<\/strong> Laptop-Teile \u2013 Smartcard-Leseplatine<\/p>\n<\/li>\n<li data-start=\"895\" data-end=\"968\">\n<p data-start=\"897\" data-end=\"968\"><strong data-start=\"897\" data-end=\"911\">Zustand:<\/strong> Original Dell-Teil, sorgf\u00e4ltig gepr\u00fcft und einsatzbereit Verwendung<\/p>\n<\/li>\n<\/ul>\n<p data-start=\"970\" data-end=\"999\">\u2705 <strong data-start=\"972\" data-end=\"997\">Warum dieses Teil?<\/strong><\/p>\n<ul data-start=\"1000\" data-end=\"1211\">\n<li data-start=\"1000\" data-end=\"1047\">\n<p data-start=\"1002\" data-end=\"1047\">Perfekte Passform f\u00fcr Dell Latitude E6420 Laptops<\/p>\n<\/li>\n<li data-start=\"1048\" data-end=\"1102\">\n<p data-start=\"1050\" data-end=\"1102\">Sorgt f\u00fcr zus\u00e4tzliche Sicherheit durch Smartcard-Funktionalit\u00e4t<\/p>\n<\/li>\n<li data-start=\"1103\" data-end=\"1162\">\n<p data-start=\"1105\" data-end=\"1162\">Gepr\u00fcft, zuverl\u00e4ssig und von Original-Dell-Ger\u00e4ten bezogen<\/p>\n<\/li>\n<li data-start=\"1163\" data-end=\"1211\">\n<p data-start=\"1165\" data-end=\"1211\">Ideal f\u00fcr Reparaturen, Upgrades oder Austausch<\/p>\n<\/li>\n<\/ul>\n<p data-start=\"1213\" data-end=\"1332\">\ud83d\udcf8 <strong data-start=\"1216\" data-end=\"1240\">Echte Fotos enthalten<\/strong> \u2013 Die Bilder in dieser Auflistung sind Originalfotos der Smartcard-Platine, die Sie erhalten.<\/p>\n<p data-start=\"1334\" data-end=\"1459\">\ud83d\udca1 <strong data-start=\"1337\" data-end=\"1346\">Hinweis:<\/strong> Es liegen keine Installationsanweisungen bei. Sollten Sie Hilfe ben\u00f6tigen, kontaktieren Sie uns gerne.<\/p>\n<p data-start=\"1461\" data-end=\"1657\">Diese <strong data-start=\"1466\" data-end=\"1505\">Dell Latitude E6420 Smartcard-Karte<\/strong> ist ein zuverl\u00e4ssiges Ersatzteil, mit dem Sie die Sicherheitsfunktionen Ihres Business-Laptops wiederherstellen oder erhalten k\u00f6nnen. Weltweiter Versand mit sorgf\u00e4ltiger Verpackung.<\/p>\n","protected":false},"excerpt":{"rendered":"<p>Zuverl\u00e4ssige Dell Latitude E6420 \/ E6420 ATG Smartcard-Platine (1FGH6, CN-A10A29). 100 % Original-Laptopteil, getestet und einbaufertig.<\/p>\n","protected":false},"featured_media":18299,"template":"","meta":[],"product_brand":[],"product_cat":[52],"product_tag":[53],"class_list":{"0":"post-18236","1":"product","2":"type-product","3":"status-publish","4":"has-post-thumbnail","6":"product_cat-laptop-housing","7":"product_tag-dell","9":"first","10":"instock","11":"taxable","12":"shipping-taxable","13":"purchasable","14":"product-type-simple"},"_links":{"self":[{"href":"https:\/\/boreait.com\/de\/wp-json\/wp\/v2\/product\/18236","targetHints":{"allow":["GET"]}}],"collection":[{"href":"https:\/\/boreait.com\/de\/wp-json\/wp\/v2\/product"}],"about":[{"href":"https:\/\/boreait.com\/de\/wp-json\/wp\/v2\/types\/product"}],"wp:featuredmedia":[{"embeddable":true,"href":"https:\/\/boreait.com\/de\/wp-json\/wp\/v2\/media\/18299"}],"wp:attachment":[{"href":"https:\/\/boreait.com\/de\/wp-json\/wp\/v2\/media?parent=18236"}],"wp:term":[{"taxonomy":"product_brand","embeddable":true,"href":"https:\/\/boreait.com\/de\/wp-json\/wp\/v2\/product_brand?post=18236"},{"taxonomy":"product_cat","embeddable":true,"href":"https:\/\/boreait.com\/de\/wp-json\/wp\/v2\/product_cat?post=18236"},{"taxonomy":"product_tag","embeddable":true,"href":"https:\/\/boreait.com\/de\/wp-json\/wp\/v2\/product_tag?post=18236"}],"curies":[{"name":"wp","href":"https:\/\/api.w.org\/{rel}","templated":true}]}}