{"id":18218,"date":"2025-09-16T15:11:20","date_gmt":"2025-09-16T13:11:20","guid":{"rendered":"https:\/\/boreait.com\/de\/?post_type=product&#038;p=18218"},"modified":"2025-09-16T15:13:58","modified_gmt":"2025-09-16T13:13:58","slug":"wv0nd-am0fd000800-original-dell-latitude-e6420-rueckseite-laptop-teile","status":"publish","type":"product","link":"https:\/\/boreait.com\/de\/produkt\/wv0nd-am0fd000800-original-dell-latitude-e6420-rueckseite-laptop-teile\/","title":{"rendered":"WV0ND AM0FD000800 Original Dell Latitude E6420 R\u00fcckseite \u2013 Laptop-Teile"},"content":{"rendered":"<p data-start=\"773\" data-end=\"1003\">Dies ist eine <strong data-start=\"784\" data-end=\"812\">Original Dell-R\u00fcckabdeckung<\/strong> f\u00fcr das Latitude E6420, Teilenummern <strong data-start=\"850\" data-end=\"859\">WV0ND<\/strong> und <strong data-start=\"864\" data-end=\"879\">AM0FD000800<\/strong>. Diese passgenaue R\u00fcckabdeckung sch\u00fctzt Ihr Notebook und beh\u00e4lt gleichzeitig sein professionelles Aussehen.<\/p>\n<p data-start=\"1005\" data-end=\"1258\">Ob Ihre aktuelle Abdeckung gesprungen, zerkratzt oder einfach nur abgenutzt ist, dieses <strong data-start=\"1080\" data-end=\"1108\">Original-Dell-Laptopteil<\/strong> ist der zuverl\u00e4ssige Ersatz, den Sie ben\u00f6tigen. Hergestellt aus langlebigen Materialien, verleiht es Ihrem Laptop ein neues Aussehen und sorgt f\u00fcr lang anhaltende Leistung.<\/p>\n<p data-start=\"1260\" data-end=\"1279\"><strong data-start=\"1260\" data-end=\"1277\">Hauptmerkmale:<\/strong><\/p>\n<ul data-start=\"1280\" data-end=\"1489\">\n<li data-start=\"1280\" data-end=\"1325\">\n<p data-start=\"1282\" data-end=\"1325\">Kompatibles Modell: <strong data-start=\"1300\" data-end=\"1323\">Dell Latitude E6420<\/strong><\/p>\n<\/li>\n<li data-start=\"1326\" data-end=\"1367\">\n<p data-start=\"1328\" data-end=\"1367\">Artikelnummern: <strong data-start=\"1342\" data-end=\"1365\">WV0ND \/ AM0FD000800<\/strong><\/p>\n<\/li>\n<li data-start=\"1368\" data-end=\"1414\">\n<p data-start=\"1370\" data-end=\"1414\">Original-Ersatzteil von Dell \u2013 kein Aftermarket-Ersatzteil<\/p>\n<\/li>\n<li data-start=\"1415\" data-end=\"1452\">\n<p data-start=\"1417\" data-end=\"1452\">Langlebige und zuverl\u00e4ssige Konstruktion<\/p>\n<\/li>\n<li data-start=\"1453\" data-end=\"1489\">\n<p data-start=\"1455\" data-end=\"1489\">Perfekte Passform f\u00fcr einfachen Austausch<\/p>\n<\/li>\n<\/ul>\n<p data-start=\"1491\" data-end=\"1665\">\u2714 <strong data-start=\"1493\" data-end=\"1518\">Die gezeigten Fotos sind echt<\/strong> \u2013 Sie erhalten genau das abgebildete Teil.<br data-start=\"1560\" data-end=\"1563\" \/>\u2714 Wenn Sie weitere Hilfe bei der Auswahl oder der Best\u00e4tigung der Kompatibilit\u00e4t ben\u00f6tigen, k\u00f6nnen Sie uns jederzeit eine Nachricht senden.<\/p>\n<p data-start=\"1667\" data-end=\"1807\">Diese R\u00fcckabdeckung ist ideal f\u00fcr Techniker, IT-Abteilungen und Privatnutzer, die ihr Dell Latitude E6420 in Topzustand halten m\u00f6chten.<\/p>\n","protected":false},"excerpt":{"rendered":"<p>Sch\u00fctzen Sie Ihr Dell Latitude E6420 mit diesem <strong data-start=\"527\" data-end=\"561\">Original-Ersatz f\u00fcr die R\u00fcckabdeckung<\/strong>. Perfekte Passform, robuste Bauweise und originale Dell-Qualit\u00e4t \u2013 die ideale Wahl f\u00fcr die Reparatur oder Aufr\u00fcstung Ihrer Laptop-Teile.<\/p>\n","protected":false},"featured_media":18278,"template":"","meta":[],"product_brand":[],"product_cat":[52],"product_tag":[53],"class_list":{"0":"post-18218","1":"product","2":"type-product","3":"status-publish","4":"has-post-thumbnail","6":"product_cat-laptop-housing","7":"product_tag-dell","9":"first","10":"instock","11":"taxable","12":"shipping-taxable","13":"purchasable","14":"product-type-simple"},"_links":{"self":[{"href":"https:\/\/boreait.com\/de\/wp-json\/wp\/v2\/product\/18218","targetHints":{"allow":["GET"]}}],"collection":[{"href":"https:\/\/boreait.com\/de\/wp-json\/wp\/v2\/product"}],"about":[{"href":"https:\/\/boreait.com\/de\/wp-json\/wp\/v2\/types\/product"}],"wp:featuredmedia":[{"embeddable":true,"href":"https:\/\/boreait.com\/de\/wp-json\/wp\/v2\/media\/18278"}],"wp:attachment":[{"href":"https:\/\/boreait.com\/de\/wp-json\/wp\/v2\/media?parent=18218"}],"wp:term":[{"taxonomy":"product_brand","embeddable":true,"href":"https:\/\/boreait.com\/de\/wp-json\/wp\/v2\/product_brand?post=18218"},{"taxonomy":"product_cat","embeddable":true,"href":"https:\/\/boreait.com\/de\/wp-json\/wp\/v2\/product_cat?post=18218"},{"taxonomy":"product_tag","embeddable":true,"href":"https:\/\/boreait.com\/de\/wp-json\/wp\/v2\/product_tag?post=18218"}],"curies":[{"name":"wp","href":"https:\/\/api.w.org\/{rel}","templated":true}]}}