{"id":18142,"date":"2025-09-16T15:07:51","date_gmt":"2025-09-16T13:07:51","guid":{"rendered":"https:\/\/boreait.com\/de\/?post_type=product&#038;p=18142"},"modified":"2026-02-09T13:07:15","modified_gmt":"2026-02-09T12:07:15","slug":"original-hp-elitebook-745-g2-power-button-board-mit-kabel-laptop-ersatzteil-6c50a2560301","status":"publish","type":"product","link":"https:\/\/boreait.com\/de\/produkt\/original-hp-elitebook-745-g2-power-button-board-mit-kabel-laptop-ersatzteil-6c50a2560301\/","title":{"rendered":"Original HP EliteBook 745 G2 Power Button Board mit Kabel \u2013 Laptop-Ersatzteil 6C50A2560301"},"content":{"rendered":"<p data-start=\"531\" data-end=\"727\">Aktualisieren oder reparieren Sie Ihr HP EliteBook 745 G2 mit dieser <strong data-start=\"584\" data-end=\"630\">Original-Netzschalterplatine (6C50A2560301)<\/strong>. Dieses hochwertige Ersatzteil sorgt daf\u00fcr, dass die Stromversorgung Ihres Laptops einwandfrei funktioniert.<\/p>\n<p data-start=\"729\" data-end=\"751\"><strong data-start=\"729\" data-end=\"749\">Produktdetails:<\/strong><\/p>\n<ul data-start=\"752\" data-end=\"1000\">\n<li data-start=\"752\" data-end=\"786\">\n<p data-start=\"754\" data-end=\"786\">Modell: <strong data-start=\"761\" data-end=\"784\">HP EliteBook 745 G2<\/strong><\/p>\n<\/li>\n<li data-start=\"787\" data-end=\"824\">\n<p data-start=\"789\" data-end=\"824\">Teiletyp: <strong data-start=\"800\" data-end=\"822\">Netzschalterplatine \u2013 mit flachem Kabel<\/strong><\/p>\n<\/li>\n<li data-start=\"825\" data-end=\"862\">\n<p data-start=\"827\" data-end=\"862\">OEM-Teilenummer: <strong data-start=\"844\" data-end=\"860\">6C50A2560301<\/strong><\/p>\n<\/li>\n<li data-start=\"863\" data-end=\"920\">\n<p data-start=\"865\" data-end=\"920\">Zustand: <strong data-start=\"876\" data-end=\"918\">Original, gepr\u00fcft und voll funktionsf\u00e4hig<\/strong><\/p>\n<\/li>\n<li data-start=\"921\" data-end=\"1000\">\n<p data-start=\"923\" data-end=\"1000\">Fotos: <strong data-start=\"931\" data-end=\"998\">Alle Produktfotos zeigen den tats\u00e4chlichen Artikel.<\/strong><\/p>\n<\/li>\n<\/ul>\n<p data-start=\"1002\" data-end=\"1199\">Diese Netzschalterplatine ist ein unverzichtbares <strong data-start=\"1042\" data-end=\"1069\">Laptop-Ersatzteil<\/strong> zur Aufrechterhaltung oder Wiederherstellung der Funktionsf\u00e4higkeit Ihres EliteBook. Sie eignet sich f\u00fcr alle, die Probleme mit der Stromversorgung ihres Ger\u00e4ts haben.<\/p>\n<p data-start=\"1201\" data-end=\"1369\">Wir <strong data-start=\"1204\" data-end=\"1248\">stellen keine Installationsanleitungen zur Verf\u00fcgung<\/strong>, unser Team beantwortet jedoch gerne alle Fragen. <strong data-start=\"1304\" data-end=\"1325\">Senden Sie uns einfach eine Nachricht<\/strong>, wenn Sie weitere Informationen oder Hilfe ben\u00f6tigen.<\/p>\n<p data-start=\"1371\" data-end=\"1475\">Perfekt f\u00fcr HP-Besitzer, die <strong data-start=\"1405\" data-end=\"1430\">zuverl\u00e4ssige Laptop-Teile<\/strong> suchen, die schnell in Europa und weltweit geliefert werden.<\/p>\n","protected":false},"excerpt":{"rendered":"<p>Original HP EliteBook 745 G2 Power Button Board (6C50A2560301) \u2013 hochwertiges Ersatzteil f\u00fcr Ihren Laptop. Echte Fotos des Produkts enthalten. F\u00fcr Hilfe bei der Installation schreiben Sie uns gerne eine Nachricht.<\/p>\n","protected":false},"featured_media":18211,"template":"","meta":[],"product_brand":[],"product_cat":[63],"product_tag":[61],"class_list":{"0":"post-18142","1":"product","2":"type-product","3":"status-publish","4":"has-post-thumbnail","6":"product_cat-motherboards-board-parts","7":"product_tag-hp","9":"first","10":"instock","11":"taxable","12":"shipping-taxable","13":"purchasable","14":"product-type-simple"},"_links":{"self":[{"href":"https:\/\/boreait.com\/de\/wp-json\/wp\/v2\/product\/18142","targetHints":{"allow":["GET"]}}],"collection":[{"href":"https:\/\/boreait.com\/de\/wp-json\/wp\/v2\/product"}],"about":[{"href":"https:\/\/boreait.com\/de\/wp-json\/wp\/v2\/types\/product"}],"wp:featuredmedia":[{"embeddable":true,"href":"https:\/\/boreait.com\/de\/wp-json\/wp\/v2\/media\/18211"}],"wp:attachment":[{"href":"https:\/\/boreait.com\/de\/wp-json\/wp\/v2\/media?parent=18142"}],"wp:term":[{"taxonomy":"product_brand","embeddable":true,"href":"https:\/\/boreait.com\/de\/wp-json\/wp\/v2\/product_brand?post=18142"},{"taxonomy":"product_cat","embeddable":true,"href":"https:\/\/boreait.com\/de\/wp-json\/wp\/v2\/product_cat?post=18142"},{"taxonomy":"product_tag","embeddable":true,"href":"https:\/\/boreait.com\/de\/wp-json\/wp\/v2\/product_tag?post=18142"}],"curies":[{"name":"wp","href":"https:\/\/api.w.org\/{rel}","templated":true}]}}