{"id":18099,"date":"2025-09-16T15:05:47","date_gmt":"2025-09-16T13:05:47","guid":{"rendered":"https:\/\/boreait.com\/de\/?post_type=product&#038;p=18099"},"modified":"2025-09-16T15:09:07","modified_gmt":"2025-09-16T13:09:07","slug":"hp-elitebook-840-g3-lautsprecher-original-ersatzteile-fuer-laptops-getestet-und-funktionsfaehig","status":"publish","type":"product","link":"https:\/\/boreait.com\/de\/produkt\/hp-elitebook-840-g3-lautsprecher-original-ersatzteile-fuer-laptops-getestet-und-funktionsfaehig\/","title":{"rendered":"HP EliteBook 840 G3 Lautsprecher | Original-Ersatzteile f\u00fcr Laptops | Getestet und funktionsf\u00e4hig"},"content":{"rendered":"<p>Dies ist ein originaler gebrauchter Lautsprecher f\u00fcr das HP EliteBook 840 G3. Ein zuverl\u00e4ssiges Ersatzteil, das die Audioleistung Ihres Ger\u00e4ts wiederherstellt. Ideal, wenn Ihr aktueller Lautsprecher defekt ist, verzerrten Klang erzeugt oder gar nicht funktioniert.<\/p>\n<p>\u2714 100 % Original HP EliteBook 840 G3 Lautsprecher<\/p>\n<p>\u2714 Vor Versand getestet und auf Funktionsf\u00e4higkeit gepr\u00fcft<\/p>\n<p>\u2714 Ideales Laptop-Ersatzteil f\u00fcr klaren, hochwertigen Klang<\/p>\n<p>\u2714 Zustand: Gebraucht, in einwandfreiem Zustand<\/p>\n<p>\u2714 Originalfotos enthalten \u2013 der abgebildete Artikel entspricht genau dem Teil, das Sie erhalten.<\/p>\n<p>Dieser Lautsprecher ist ein Original-HP-Bauteil und gew\u00e4hrleistet volle Kompatibilit\u00e4t mit dem HP EliteBook 840 G3. Er ist eine kosteng\u00fcnstige L\u00f6sung, um die Lebensdauer Ihres Laptops zu verl\u00e4ngern, ohne ein neues Ger\u00e4t kaufen zu m\u00fcssen.<\/p>\n<p>\ud83d\udccc Hinweis: Eine Installationsanleitung ist nicht enthalten. Wenn Sie Hilfe ben\u00f6tigen, schreiben Sie uns gerne.<\/p>\n","protected":false},"excerpt":{"rendered":"<p>Original HP EliteBook 840 G3 Laptop-Lautsprecher. Vollst\u00e4ndig getestet, in gutem Betriebszustand, ideal als Ersatzteil f\u00fcr klaren und zuverl\u00e4ssigen Klang.<\/p>\n","protected":false},"featured_media":18167,"template":"","meta":[],"product_brand":[],"product_cat":[54],"product_tag":[61],"class_list":{"0":"post-18099","1":"product","2":"type-product","3":"status-publish","4":"has-post-thumbnail","6":"product_cat-laptop-speakers","7":"product_tag-hp","9":"first","10":"instock","11":"taxable","12":"shipping-taxable","13":"purchasable","14":"product-type-simple"},"_links":{"self":[{"href":"https:\/\/boreait.com\/de\/wp-json\/wp\/v2\/product\/18099","targetHints":{"allow":["GET"]}}],"collection":[{"href":"https:\/\/boreait.com\/de\/wp-json\/wp\/v2\/product"}],"about":[{"href":"https:\/\/boreait.com\/de\/wp-json\/wp\/v2\/types\/product"}],"wp:featuredmedia":[{"embeddable":true,"href":"https:\/\/boreait.com\/de\/wp-json\/wp\/v2\/media\/18167"}],"wp:attachment":[{"href":"https:\/\/boreait.com\/de\/wp-json\/wp\/v2\/media?parent=18099"}],"wp:term":[{"taxonomy":"product_brand","embeddable":true,"href":"https:\/\/boreait.com\/de\/wp-json\/wp\/v2\/product_brand?post=18099"},{"taxonomy":"product_cat","embeddable":true,"href":"https:\/\/boreait.com\/de\/wp-json\/wp\/v2\/product_cat?post=18099"},{"taxonomy":"product_tag","embeddable":true,"href":"https:\/\/boreait.com\/de\/wp-json\/wp\/v2\/product_tag?post=18099"}],"curies":[{"name":"wp","href":"https:\/\/api.w.org\/{rel}","templated":true}]}}